{"id":4299,"date":"2018-10-29T16:51:39","date_gmt":"2018-10-29T16:51:39","guid":{"rendered":"https:\/\/frantoiosanmartino.com\/non%20class\u00e9\/vente-mix-huile-olive-extra-viergea\/"},"modified":"2024-06-21T11:01:05","modified_gmt":"2024-06-21T10:01:05","slug":"vente-mix-huile-olive-extra-viergea","status":"publish","type":"product","link":"https:\/\/www.frantoiosanmartino.com\/fr\/collections\/vente-mix-huile-olive-extra-viergea\/","title":{"rendered":"D\u00e9couvrez votre go\u00fbt"},"content":{"rendered":"","protected":false},"excerpt":{"rendered":"<p>La bo\u00eete contient:<br \/>\n3x<a href=\"https:\/\/www.frantoiosanmartino.com\/fr\/huile-olive-extra-viergea\/vente-cultivar-taggiasca\/\"> Cultivar Taggiasca 0,75 l<\/a><br \/>\n3x <a href=\"https:\/\/www.frantoiosanmartino.com\/fr\/huile-olive-extra-viergea\/vente-riserva-taggiasca\/\">Riserva Taggiasca 0,75 l<\/a><\/p>\n","protected":false},"featured_media":3459,"comment_status":"open","ping_status":"closed","template":"","meta":[],"product_brand":[],"product_cat":[161,200],"product_tag":[],"class_list":{"0":"post-4299","1":"product","2":"type-product","3":"status-publish","4":"has-post-thumbnail","6":"product_cat-collections","7":"product_cat-huile-olive-extra-viergea","9":"first","10":"instock","11":"shipping-taxable","12":"purchasable","13":"product-type-simple"},"_links":{"self":[{"href":"https:\/\/www.frantoiosanmartino.com\/fr\/wp-json\/wp\/v2\/product\/4299","targetHints":{"allow":["GET"]}}],"collection":[{"href":"https:\/\/www.frantoiosanmartino.com\/fr\/wp-json\/wp\/v2\/product"}],"about":[{"href":"https:\/\/www.frantoiosanmartino.com\/fr\/wp-json\/wp\/v2\/types\/product"}],"replies":[{"embeddable":true,"href":"https:\/\/www.frantoiosanmartino.com\/fr\/wp-json\/wp\/v2\/comments?post=4299"}],"wp:featuredmedia":[{"embeddable":true,"href":"https:\/\/www.frantoiosanmartino.com\/fr\/wp-json\/wp\/v2\/media\/3459"}],"wp:attachment":[{"href":"https:\/\/www.frantoiosanmartino.com\/fr\/wp-json\/wp\/v2\/media?parent=4299"}],"wp:term":[{"taxonomy":"product_brand","embeddable":true,"href":"https:\/\/www.frantoiosanmartino.com\/fr\/wp-json\/wp\/v2\/product_brand?post=4299"},{"taxonomy":"product_cat","embeddable":true,"href":"https:\/\/www.frantoiosanmartino.com\/fr\/wp-json\/wp\/v2\/product_cat?post=4299"},{"taxonomy":"product_tag","embeddable":true,"href":"https:\/\/www.frantoiosanmartino.com\/fr\/wp-json\/wp\/v2\/product_tag?post=4299"}],"curies":[{"name":"wp","href":"https:\/\/api.w.org\/{rel}","templated":true}]}}