{"id":4293,"date":"2018-10-29T16:26:22","date_gmt":"2018-10-29T16:26:22","guid":{"rendered":"https:\/\/frantoiosanmartino.com\/non%20class\u00e9\/vente-saveurs-mediterranee\/"},"modified":"2024-06-21T10:39:59","modified_gmt":"2024-06-21T09:39:59","slug":"vente-saveurs-mediterranee","status":"publish","type":"product","link":"https:\/\/www.frantoiosanmartino.com\/fr\/collections\/vente-saveurs-mediterranee\/","title":{"rendered":"Les saveurs de la m\u00e9diterran\u00e9e"},"content":{"rendered":"","protected":false},"excerpt":{"rendered":"<p>La bo\u00eete contient::<br \/>\n3x <a href=\"https:\/\/www.frantoiosanmartino.com\/fr\/produits-mer\/vente-filets-anchois\/\">Filets d\u2019Anchois 200 g<\/a><br \/>\n3x <a href=\"https:\/\/www.frantoiosanmartino.com\/fr\/produits-mer\/vente-filets-thon\/\">Filets de Thon 185 g<\/a><br \/>\n3x <a href=\"https:\/\/www.frantoiosanmartino.com\/fr\/olives-taggiasca\/vente-olives-saumurees\/\">Olives Taggiasche en Saumur\u00e9es 180 g<\/a><br \/>\n3x <a href=\"https:\/\/www.frantoiosanmartino.com\/fr\/produits-potager\/vente-pesto-genois\/\">Pesto G\u00e9nois 180 g<\/a><\/p>\n","protected":false},"featured_media":3465,"comment_status":"open","ping_status":"closed","template":"","meta":[],"product_brand":[],"product_cat":[161],"product_tag":[],"class_list":{"0":"post-4293","1":"product","2":"type-product","3":"status-publish","4":"has-post-thumbnail","6":"product_cat-collections","8":"first","9":"instock","10":"shipping-taxable","11":"purchasable","12":"product-type-simple"},"_links":{"self":[{"href":"https:\/\/www.frantoiosanmartino.com\/fr\/wp-json\/wp\/v2\/product\/4293","targetHints":{"allow":["GET"]}}],"collection":[{"href":"https:\/\/www.frantoiosanmartino.com\/fr\/wp-json\/wp\/v2\/product"}],"about":[{"href":"https:\/\/www.frantoiosanmartino.com\/fr\/wp-json\/wp\/v2\/types\/product"}],"replies":[{"embeddable":true,"href":"https:\/\/www.frantoiosanmartino.com\/fr\/wp-json\/wp\/v2\/comments?post=4293"}],"wp:featuredmedia":[{"embeddable":true,"href":"https:\/\/www.frantoiosanmartino.com\/fr\/wp-json\/wp\/v2\/media\/3465"}],"wp:attachment":[{"href":"https:\/\/www.frantoiosanmartino.com\/fr\/wp-json\/wp\/v2\/media?parent=4293"}],"wp:term":[{"taxonomy":"product_brand","embeddable":true,"href":"https:\/\/www.frantoiosanmartino.com\/fr\/wp-json\/wp\/v2\/product_brand?post=4293"},{"taxonomy":"product_cat","embeddable":true,"href":"https:\/\/www.frantoiosanmartino.com\/fr\/wp-json\/wp\/v2\/product_cat?post=4293"},{"taxonomy":"product_tag","embeddable":true,"href":"https:\/\/www.frantoiosanmartino.com\/fr\/wp-json\/wp\/v2\/product_tag?post=4293"}],"curies":[{"name":"wp","href":"https:\/\/api.w.org\/{rel}","templated":true}]}}