{"id":3773,"date":"2018-04-30T14:30:03","date_gmt":"2018-04-30T14:30:03","guid":{"rendered":"https:\/\/frantoiosanmartino.com\/non%20class\u00e9\/vente-huile-fines-herbes\/"},"modified":"2024-11-21T10:46:27","modified_gmt":"2024-11-21T09:46:27","slug":"vente-huile-fines-herbes","status":"publish","type":"product","link":"https:\/\/www.frantoiosanmartino.com\/fr\/condiments\/vente-huile-fines-herbes\/","title":{"rendered":"Huile d&rsquo;Olive Extra Vierge aromatis\u00e9e aux Fines Herbes 250ml &#8211; Bo\u00eete 6 Bouteilles"},"content":{"rendered":"<p>Le <b>Condiment aux fines herbes<\/b> Frantoio San Martino est la rencontre entre la pr\u00e9cieuse huile d\u2019olive extra vierge de Ligurie de notre production et les fines herbes de notre potager de Dolcedo, derri\u00e8re Imperia: obtenu par une mac\u00e9ration longue et minutieuse, et comme tous nos produits, en suivant l&rsquo;<b>ancienne recette de famille traditionnelle<\/b> pour offrir un go\u00fbt unique et authentique.<\/p>\n<p>L&rsquo;<b>assaisonnement aux fines herbes<\/b> est <b>en vente sur notre site<\/b> embouteill\u00e9 en verre fonc\u00e9 afin de pr\u00e9server toutes les caract\u00e9ristiques organoleptiques.<\/p>\n<div class=\"prod-loghi\"><img decoding=\"async\" class=\"alignnone size-full wp-image-1521\" src=\"https:\/\/frantoiosanmartino.com\/wp-content\/uploads\/2018\/09\/logo-taggiasca-b.png\" alt=\"\" width=\"150\" height=\"50\" srcset=\"https:\/\/www.frantoiosanmartino.com\/wp-content\/uploads\/2018\/09\/logo-taggiasca-b.png 150w, https:\/\/www.frantoiosanmartino.com\/wp-content\/uploads\/2018\/09\/logo-taggiasca-b-64x21.png 64w\" sizes=\"(max-width: 150px) 100vw, 150px\" \/><\/div>\n<div class=\"caratteristiche\">\n<p class=\"tit_cara\">CARACT\u00c9RISTIQUES<\/p>\n<p><b>Poids: <\/b>bouteille en verre fonc\u00e9 de 250 ml<br \/>\n<b>Ingr\u00e9dients: <\/b> Huile d&rsquo;olive extra vierge 100% italienne, herbes aromatiques 2%<br \/>\n<b>Conseils de go\u00fbt:<\/b> Parfait pour assaisonner les salades et les plats froids, notre condiment aux fines herbes ajoutera de la saveur aux soupes, aux potages et aux l\u00e9gumes bouillis. Parfait sur une \u201cbruschetta\u201d ou sur une tranche de pain rustique.<br \/>\n<b>Conservation :<\/b> Conserver dans un endroit frais et sec, \u00e0 l\u2019abri des sources de chaleur.<\/p>\n<p><b>D\u00c9CLARATION NUTRITIONNELLE VALEURS MOYENNES POUR 100g DE PRODUIT :<\/b><\/p>\n<table>\n<tbody>\n<tr>\n<td>\u00c9nergie<\/td>\n<td>3762 Kj \u2013 899 Kcal<\/td>\n<\/tr>\n<tr>\n<td>Mati\u00e8res grasses<\/td>\n<td>99,9 g (dont acides gras satur\u00e9s 14,5 g)<\/td>\n<\/tr>\n<tr>\n<td>Glucides<\/td>\n<td>0 g (dont sucres 0 g)<\/td>\n<\/tr>\n<tr>\n<td>Prot\u00e9ines<\/td>\n<td>0 g<\/td>\n<\/tr>\n<tr>\n<td>Sel<\/td>\n<td>0 g<\/td>\n<\/tr>\n<\/tbody>\n<\/table>\n<\/div>\n","protected":false},"excerpt":{"rendered":"<p>Assaisonnement \u00e0 base d&rsquo;huile d&rsquo;olive extra vierge aromatis\u00e9e aux fines herbes.<strong> En ajoutant des Bo\u00eetes en plus dans votre chariot vous avez droit \u00e0 une <span style=\"color: red;\">d\u00e9duction du 3%<\/span><\/strong>.<\/p>\n","protected":false},"featured_media":2845,"comment_status":"open","ping_status":"closed","template":"","meta":[],"product_brand":[],"product_cat":[158],"product_tag":[],"class_list":{"0":"post-3773","1":"product","2":"type-product","3":"status-publish","4":"has-post-thumbnail","6":"product_cat-condiments","8":"first","9":"instock","10":"shipping-taxable","11":"purchasable","12":"product-type-simple"},"_links":{"self":[{"href":"https:\/\/www.frantoiosanmartino.com\/fr\/wp-json\/wp\/v2\/product\/3773","targetHints":{"allow":["GET"]}}],"collection":[{"href":"https:\/\/www.frantoiosanmartino.com\/fr\/wp-json\/wp\/v2\/product"}],"about":[{"href":"https:\/\/www.frantoiosanmartino.com\/fr\/wp-json\/wp\/v2\/types\/product"}],"replies":[{"embeddable":true,"href":"https:\/\/www.frantoiosanmartino.com\/fr\/wp-json\/wp\/v2\/comments?post=3773"}],"wp:featuredmedia":[{"embeddable":true,"href":"https:\/\/www.frantoiosanmartino.com\/fr\/wp-json\/wp\/v2\/media\/2845"}],"wp:attachment":[{"href":"https:\/\/www.frantoiosanmartino.com\/fr\/wp-json\/wp\/v2\/media?parent=3773"}],"wp:term":[{"taxonomy":"product_brand","embeddable":true,"href":"https:\/\/www.frantoiosanmartino.com\/fr\/wp-json\/wp\/v2\/product_brand?post=3773"},{"taxonomy":"product_cat","embeddable":true,"href":"https:\/\/www.frantoiosanmartino.com\/fr\/wp-json\/wp\/v2\/product_cat?post=3773"},{"taxonomy":"product_tag","embeddable":true,"href":"https:\/\/www.frantoiosanmartino.com\/fr\/wp-json\/wp\/v2\/product_tag?post=3773"}],"curies":[{"name":"wp","href":"https:\/\/api.w.org\/{rel}","templated":true}]}}