{"id":3772,"date":"2018-04-30T14:29:17","date_gmt":"2018-04-30T14:29:17","guid":{"rendered":"https:\/\/frantoiosanmartino.com\/non%20class\u00e9\/vente-huile-basilic\/"},"modified":"2024-11-21T10:39:18","modified_gmt":"2024-11-21T09:39:18","slug":"vente-huile-basilic","status":"publish","type":"product","link":"https:\/\/www.frantoiosanmartino.com\/fr\/condiments\/vente-huile-basilic\/","title":{"rendered":"Huile d&rsquo;Olive Extra Vierge aromatis\u00e9e au Basilic 250ml &#8211; Bo\u00eete 6 Bouteilles"},"content":{"rendered":"<p>Le <b>Condiment au Basilic vendu en ligne<\/b> sur le site Frantoio San Martino combine deux des ingr\u00e9dients les plus populaires et les plus appr\u00e9ci\u00e9s du r\u00e9gime m\u00e9diterran\u00e9en: le basilic parfum\u00e9 de Ligurie est envelopp\u00e9 dans la pris\u00e9e huile d\u2019olive extra vierge de notre production gr\u00e2ce \u00e0 un processus de mac\u00e9ration long et minutieux pr\u00e9vu de notre recette traditionnelle.<\/p>\n<p>Le r\u00e9sultat est une huile aromatique unique et de qualit\u00e8, qui ajoute un go\u00fbt id\u00e9al en cuisine. Vous pouvez acheter notre condiment aromatis\u00e9 au basilic en ligne dans une bouteille en verre fonc\u00e9 pour pr\u00e9server ses caract\u00e9ristiques incroyables longtemps.<\/p>\n<div class=\"prod-loghi\"><img decoding=\"async\" class=\"alignnone size-full wp-image-1521\" src=\"https:\/\/frantoiosanmartino.com\/wp-content\/uploads\/2018\/09\/logo-taggiasca-b.png\" alt=\"\" width=\"150\" height=\"50\" srcset=\"https:\/\/www.frantoiosanmartino.com\/wp-content\/uploads\/2018\/09\/logo-taggiasca-b.png 150w, https:\/\/www.frantoiosanmartino.com\/wp-content\/uploads\/2018\/09\/logo-taggiasca-b-64x21.png 64w\" sizes=\"(max-width: 150px) 100vw, 150px\" \/><\/div>\n<div class=\"caratteristiche\">\n<p class=\"tit_cara\">CARACT\u00c9RISTIQUES<\/p>\n<p><strong>Poids<\/strong>: bouteille en verre fonc\u00e9 de 250 ml<br \/>\n<strong>Ingr\u00e9dients<\/strong>: Huile d&rsquo;olive extra vierge 100% italienne, basilic 2%<br \/>\n<strong>Suggestions pour le go\u00fbt<\/strong>: Notre condiment au basilic est le compl\u00e9ment id\u00e9al pour les salades vertes et de tomates et pour les plats ethniques, il est \u00e9galement indiqu\u00e9 \u00e0 la pr\u00e9paration de sauces et de sauces tomate de la tradition italienne et m\u00e9diterran\u00e9enne.<br \/>\n<b>Conservation :<\/b> Conserver dans un endroit frais et sec, \u00e0 l\u2019abri des sources de chaleur.<\/p>\n<p><b>D\u00c9CLARATION NUTRITIONNELLE VALEURS MOYENNES POUR 100g DE PRODUIT :<\/b><\/p>\n<table>\n<tbody>\n<tr>\n<td>\u00c9nergie<\/td>\n<td>3762 Kj \u2013 899 Kcal<\/td>\n<\/tr>\n<tr>\n<td>Mati\u00e8res grasses<\/td>\n<td>99,9 g (dont acides gras satur\u00e9s 14,5 g)<\/td>\n<\/tr>\n<tr>\n<td>Glucides<\/td>\n<td>0 g (dont sucres 0 g)<\/td>\n<\/tr>\n<tr>\n<td>Prot\u00e9ines<\/td>\n<td>0 g<\/td>\n<\/tr>\n<tr>\n<td>Sel<\/td>\n<td>0 g<\/td>\n<\/tr>\n<\/tbody>\n<\/table>\n<\/div>\n","protected":false},"excerpt":{"rendered":"<p>Condiment \u00e0 base d&rsquo;huile d&rsquo;olive extra vierge aromatis\u00e9e au basilic.<strong> En ajoutant des Bo\u00eetes en plus dans votre chariot vous avez droit \u00e0 une <span style=\"color: red;\">d\u00e9duction du 3%<\/span><\/strong>.<\/p>\n","protected":false},"featured_media":2828,"comment_status":"open","ping_status":"closed","template":"","meta":[],"product_brand":[],"product_cat":[158],"product_tag":[],"class_list":{"0":"post-3772","1":"product","2":"type-product","3":"status-publish","4":"has-post-thumbnail","6":"product_cat-condiments","8":"first","9":"instock","10":"shipping-taxable","11":"purchasable","12":"product-type-simple"},"_links":{"self":[{"href":"https:\/\/www.frantoiosanmartino.com\/fr\/wp-json\/wp\/v2\/product\/3772","targetHints":{"allow":["GET"]}}],"collection":[{"href":"https:\/\/www.frantoiosanmartino.com\/fr\/wp-json\/wp\/v2\/product"}],"about":[{"href":"https:\/\/www.frantoiosanmartino.com\/fr\/wp-json\/wp\/v2\/types\/product"}],"replies":[{"embeddable":true,"href":"https:\/\/www.frantoiosanmartino.com\/fr\/wp-json\/wp\/v2\/comments?post=3772"}],"wp:featuredmedia":[{"embeddable":true,"href":"https:\/\/www.frantoiosanmartino.com\/fr\/wp-json\/wp\/v2\/media\/2828"}],"wp:attachment":[{"href":"https:\/\/www.frantoiosanmartino.com\/fr\/wp-json\/wp\/v2\/media?parent=3772"}],"wp:term":[{"taxonomy":"product_brand","embeddable":true,"href":"https:\/\/www.frantoiosanmartino.com\/fr\/wp-json\/wp\/v2\/product_brand?post=3772"},{"taxonomy":"product_cat","embeddable":true,"href":"https:\/\/www.frantoiosanmartino.com\/fr\/wp-json\/wp\/v2\/product_cat?post=3772"},{"taxonomy":"product_tag","embeddable":true,"href":"https:\/\/www.frantoiosanmartino.com\/fr\/wp-json\/wp\/v2\/product_tag?post=3772"}],"curies":[{"name":"wp","href":"https:\/\/api.w.org\/{rel}","templated":true}]}}