{"id":3771,"date":"2018-04-30T14:25:29","date_gmt":"2018-04-30T14:25:29","guid":{"rendered":"https:\/\/frantoiosanmartino.com\/non%20class\u00e9\/vente-filets-thon\/"},"modified":"2024-11-21T10:36:09","modified_gmt":"2024-11-21T09:36:09","slug":"vente-filets-thon","status":"publish","type":"product","link":"https:\/\/www.frantoiosanmartino.com\/fr\/produits-mer\/vente-filets-thon\/","title":{"rendered":"Filets de Thon 185g &#8211; Bo\u00eete 6 pots"},"content":{"rendered":"<p>Filets de thon s\u00e9lectionn\u00e9s dans une &lsquo;\u00e9treinte&rsquo; de pris\u00e9e huile d&rsquo;olive extra vierge de notre moulin de Dolcedo, Imperia: avec les <b>filets de thon \u00e0 l&rsquo;huile<\/b> de Frantoio San Martino vous servirez sur la table le v\u00e9ritable parfum de la mer dans une conserve d\u00e9licieuse et pris\u00e9e qui ne d\u00e9cevra pas les gourmets. Nous sommes sp\u00e9cialis\u00e9s dans les produits typiques de la gastronomie r\u00e9gionale Ligure et servons \u00e0 la table les meilleures conserves pr\u00e9par\u00e9es en suivant les recettes traditionnelles, r\u00e9cup\u00e9rant les techniques de production anciennes: celles de la mer sont parmi les meilleurs.<\/p>\n<div class=\"caratteristiche\">\n<p class=\"tit_cara\">CARACT\u00c9RISTIQUES<\/p>\n<p><b>Poids: <\/b> pot de 185 gr<br \/>\n<b>Ingr\u00e9dients:<\/b> <strong>Thon<\/strong> (Thunnus Albacares), huile d\u2019olive extra vierge, sel.<br \/>\n<b>Conseils de d\u00e9gustation:<\/b> nos Filets de thon \u00e0 l&rsquo;huile sont indiqu\u00e9s pour la pr\u00e9paration de diverses typologies de \u00ab\u00a0bruschette\u00a0\u00bb, ou dans des salades et premiers plats. Essayez-les aussi pour donner vivacit\u00e9 aux hors-d&rsquo;\u0153uvres.<br \/>\n<b>Conservation :<\/b> Conserver dans un endroit frais et sec, \u00e0 l\u2019abri des sources de chaleur. Une fois ouvert, couvrir d\u2019huile et conserver au r\u00e9frig\u00e9rateur.<\/p>\n<p><b>D\u00c9CLARATION NUTRITIONNELLE VALEURS MOYENNES POUR 100g DE PRODUIT :<\/b><\/p>\n<table>\n<tbody>\n<tr>\n<td>\u00c9nergie<\/td>\n<td>900 Kj \u2013 215 Kcal<\/td>\n<\/tr>\n<tr>\n<td>Mati\u00e8res grasses<\/td>\n<td>12,6 g (dont acides gras satur\u00e9s 1,9 g)<\/td>\n<\/tr>\n<tr>\n<td>Glucides<\/td>\n<td>0 g (dont sucres 0 g)<\/td>\n<\/tr>\n<tr>\n<td>Prot\u00e9ines<\/td>\n<td>25,5 g<\/td>\n<\/tr>\n<tr>\n<td>Sel<\/td>\n<td>0,5 g<\/td>\n<\/tr>\n<\/tbody>\n<\/table>\n<\/div>\n","protected":false},"excerpt":{"rendered":"<p>Filets de thon saveureux \u00e0 l&rsquo;huile d&rsquo;olive extra vierge. <strong>En ajoutant des Bo\u00eetes en plus dans votre chariot vous avez droit \u00e0 une <span style=\"color: red;\">d\u00e9duction du 3%<\/span><\/strong>.<\/p>\n","protected":false},"featured_media":2898,"comment_status":"open","ping_status":"closed","template":"","meta":[],"product_brand":[],"product_cat":[162],"product_tag":[],"class_list":{"0":"post-3771","1":"product","2":"type-product","3":"status-publish","4":"has-post-thumbnail","6":"product_cat-produits-mer","8":"first","9":"instock","10":"shipping-taxable","11":"purchasable","12":"product-type-simple"},"_links":{"self":[{"href":"https:\/\/www.frantoiosanmartino.com\/fr\/wp-json\/wp\/v2\/product\/3771","targetHints":{"allow":["GET"]}}],"collection":[{"href":"https:\/\/www.frantoiosanmartino.com\/fr\/wp-json\/wp\/v2\/product"}],"about":[{"href":"https:\/\/www.frantoiosanmartino.com\/fr\/wp-json\/wp\/v2\/types\/product"}],"replies":[{"embeddable":true,"href":"https:\/\/www.frantoiosanmartino.com\/fr\/wp-json\/wp\/v2\/comments?post=3771"}],"wp:featuredmedia":[{"embeddable":true,"href":"https:\/\/www.frantoiosanmartino.com\/fr\/wp-json\/wp\/v2\/media\/2898"}],"wp:attachment":[{"href":"https:\/\/www.frantoiosanmartino.com\/fr\/wp-json\/wp\/v2\/media?parent=3771"}],"wp:term":[{"taxonomy":"product_brand","embeddable":true,"href":"https:\/\/www.frantoiosanmartino.com\/fr\/wp-json\/wp\/v2\/product_brand?post=3771"},{"taxonomy":"product_cat","embeddable":true,"href":"https:\/\/www.frantoiosanmartino.com\/fr\/wp-json\/wp\/v2\/product_cat?post=3771"},{"taxonomy":"product_tag","embeddable":true,"href":"https:\/\/www.frantoiosanmartino.com\/fr\/wp-json\/wp\/v2\/product_tag?post=3771"}],"curies":[{"name":"wp","href":"https:\/\/api.w.org\/{rel}","templated":true}]}}