{"id":3770,"date":"2018-04-30T14:24:10","date_gmt":"2018-04-30T14:24:10","guid":{"rendered":"https:\/\/frantoiosanmartino.com\/non%20class\u00e9\/vente-filets-anchois\/"},"modified":"2024-11-21T10:32:06","modified_gmt":"2024-11-21T09:32:06","slug":"vente-filets-anchois","status":"publish","type":"product","link":"https:\/\/www.frantoiosanmartino.com\/fr\/produits-mer\/vente-filets-anchois\/","title":{"rendered":"Filets d&rsquo;anchois 200g &#8211; Bo\u00eete 6 pots"},"content":{"rendered":"<p>Les <b>filets d&rsquo;anchois \u00e0 l&rsquo;huile d&rsquo;olive extra vierge de Frantoio San Martino<\/b> associent le go\u00fbt et l&rsquo;authenticit\u00e9 du <b>poisson bleu frais de la mer de Ligurie<\/b> au go\u00fbt unique de la vraie huile d&rsquo;Imperia produite dans notre moulin de Dolcedo: nous avons s\u00e9lectionn\u00e9 les meilleurs filets d&rsquo;anchois locaux et nous les avons mis dans des pratiques emballages en verre recyclables qui vous permettent de les go\u00fbter en chaque moment comme aussit\u00f4t p\u00each\u00e9s. Comme tous les autres produits de Frantoio San Martino, ils sont le fruit du <b>soin et de la passion pour la r\u00e9cup\u00e9ration de la production traditionnelle de la Ligurie<\/b>.<\/p>\n<div class=\"caratteristiche\">\n<p class=\"tit_cara\">CARACT\u00c9RISTIQUES<\/p>\n<p><b>Poids: <\/b> pot en verre de 200 gr<br \/>\n<b>Ingr\u00e9dients: <\/b><strong>Anchois<\/strong> (Engraulis Encrasicholus), huile d\u2019olive extra vierge, sel.<br \/>\n<b>Suggestions pour le go\u00fbt:<\/b> ils peuvent \u00eatre go\u00fbt\u00e9s seules sur un morceau de pain, nos anchois sont aussi indiqu\u00e9 pour assaisonner les premiers plats ou les salades.<br \/>\n<b>Conservation :<\/b> Conserver dans un endroit frais et sec, \u00e0 l\u2019abri des sources de chaleur. Une fois ouvert, couvrir d\u2019huile et conserver au r\u00e9frig\u00e9rateur.<\/p>\n<p><b>D\u00c9CLARATION NUTRITIONNELLE VALEURS MOYENNES POUR 100g DE PRODUIT :<\/b><\/p>\n<table>\n<tbody>\n<tr>\n<td>\u00c9nergie<\/td>\n<td>826 Kj \u2013 206 Kcal<\/td>\n<\/tr>\n<tr>\n<td>Mati\u00e8res grasses<\/td>\n<td>11,3 g (dont acides gras satur\u00e9s 2,2 g)<\/td>\n<\/tr>\n<tr>\n<td>Glucides<\/td>\n<td>0,2 g (dont sucres 0,2 g)<\/td>\n<\/tr>\n<tr>\n<td>Prot\u00e9ines<\/td>\n<td>26 g<\/td>\n<\/tr>\n<tr>\n<td>Sel<\/td>\n<td>1,2 g<\/td>\n<\/tr>\n<\/tbody>\n<\/table>\n<\/div>\n","protected":false},"excerpt":{"rendered":"<p>Filets d&rsquo;anchois savoureux \u00e0 l&rsquo;huile d&rsquo;olive extra vierge pris\u00e9e.<strong> En ajoutant des Bo\u00eetes en plus dans votre chariot vous avez droit \u00e0 une <span style=\"color: red;\">d\u00e9duction du 3%<\/span><\/strong>.<\/p>\n","protected":false},"featured_media":2892,"comment_status":"open","ping_status":"closed","template":"","meta":[],"product_brand":[],"product_cat":[162],"product_tag":[],"class_list":{"0":"post-3770","1":"product","2":"type-product","3":"status-publish","4":"has-post-thumbnail","6":"product_cat-produits-mer","8":"first","9":"instock","10":"shipping-taxable","11":"purchasable","12":"product-type-simple"},"_links":{"self":[{"href":"https:\/\/www.frantoiosanmartino.com\/fr\/wp-json\/wp\/v2\/product\/3770","targetHints":{"allow":["GET"]}}],"collection":[{"href":"https:\/\/www.frantoiosanmartino.com\/fr\/wp-json\/wp\/v2\/product"}],"about":[{"href":"https:\/\/www.frantoiosanmartino.com\/fr\/wp-json\/wp\/v2\/types\/product"}],"replies":[{"embeddable":true,"href":"https:\/\/www.frantoiosanmartino.com\/fr\/wp-json\/wp\/v2\/comments?post=3770"}],"wp:featuredmedia":[{"embeddable":true,"href":"https:\/\/www.frantoiosanmartino.com\/fr\/wp-json\/wp\/v2\/media\/2892"}],"wp:attachment":[{"href":"https:\/\/www.frantoiosanmartino.com\/fr\/wp-json\/wp\/v2\/media?parent=3770"}],"wp:term":[{"taxonomy":"product_brand","embeddable":true,"href":"https:\/\/www.frantoiosanmartino.com\/fr\/wp-json\/wp\/v2\/product_brand?post=3770"},{"taxonomy":"product_cat","embeddable":true,"href":"https:\/\/www.frantoiosanmartino.com\/fr\/wp-json\/wp\/v2\/product_cat?post=3770"},{"taxonomy":"product_tag","embeddable":true,"href":"https:\/\/www.frantoiosanmartino.com\/fr\/wp-json\/wp\/v2\/product_tag?post=3770"}],"curies":[{"name":"wp","href":"https:\/\/api.w.org\/{rel}","templated":true}]}}