{"id":3768,"date":"2018-04-30T14:17:47","date_gmt":"2018-04-30T14:17:47","guid":{"rendered":"https:\/\/frantoiosanmartino.com\/non%20class\u00e9\/vente-coeurs-artichauts\/"},"modified":"2024-11-20T13:11:33","modified_gmt":"2024-11-20T12:11:33","slug":"vente-coeurs-artichauts","status":"publish","type":"product","link":"https:\/\/www.frantoiosanmartino.com\/fr\/produits-potager\/vente-coeurs-artichauts\/","title":{"rendered":"Coeurs d&rsquo;Artichauts 280g &#8211; Bo\u00eete 6 pots"},"content":{"rendered":"<p>Le <b>mieux des artichauts<\/b> provenant de notre production de Dolcedo, dans la province d&rsquo;Imperia, accompagn\u00e9 d&rsquo;une <b>pris\u00e9e huile d&rsquo;olive extra vierge locale<\/b>: les <b>Coeurs d&rsquo;artichauts \u00e0 l&rsquo;huile en vente<\/b> en ligne sont un vrai go\u00fbt exquis qui conserve en pot tout le go\u00fbt de la Ligurie.Une conserve de terres traditionnelles et naturelles, directement du jardin de Frantoio San Martino \u00e0 votre table.<\/p>\n<div class=\"caratteristiche\">\n<p class=\"tit_cara\">CARACT\u00c9RISTIQUES<\/p>\n<p><b>Poids: <\/b>pot en verre de 280 gr<br \/>\n<b>Ingr\u00e9dients: <\/b>Artichauts, huile d\u2019olive extra vierge, sel, vinaigre, feuille de laurier, clous de girofle, ail, cannelle, piment, correcteur d\u2019acidit\u00e9 : jus de citron.<br \/>\n<b>Suggestion de go\u00fbt:<\/b> ils sont indiqu\u00e9s comme accompagnement pour les deuxi\u00e8mes plats ou comme ajoute \u00e0 des saveureuses salades, les Coeurs d&rsquo;artichauts \u00e0 l&rsquo;huile Frantoio San Martino surprendront aussi les palais les plus exigeants quand servi comme hors-d&rsquo;\u0153uvre.<br \/>\n<b>Conservation<\/b>: Conserver dans un endroit frais et sec, \u00e0 l\u2019abri des sources de chaleur. Une fois ouvert, couvrir avec de l\u2019huile et conserver au r\u00e9frig\u00e9rateur.<\/p>\n<p>D\u00c9CLARATION NUTRITIONNELLE VALEURS MOYENNES POUR 100g DE PRODUIT :<\/p>\n<table>\n<tbody>\n<tr>\n<td>\u00e9nergie<\/td>\n<td>976 Kj \u2013 235 Kcal<\/td>\n<\/tr>\n<tr>\n<td>mati\u00e8res grasses<\/td>\n<td>17,5 g (dont acides gras satur\u00e9s 2,4 g)<\/td>\n<\/tr>\n<tr>\n<td>glucides<\/td>\n<td>9,3 g (dont sucres 7,1 g)<\/td>\n<\/tr>\n<tr>\n<td>prot\u00e9ines<\/td>\n<td>15 g<\/td>\n<\/tr>\n<tr>\n<td>sel<\/td>\n<td>1,7 g<\/td>\n<\/tr>\n<\/tbody>\n<\/table>\n<\/div>\n","protected":false},"excerpt":{"rendered":"<p>Coeurs d&rsquo;artichauts d\u00e9licats \u00e0 l&rsquo;huile d&rsquo;olive extra vierge de haute qualit\u00e9.<strong> En ajoutant des Bo\u00eetes en plus dans votre chariot vous avez droit \u00e0 une <span style=\"color: red;\">d\u00e9duction du 3%<\/span><\/strong><\/p>\n","protected":false},"featured_media":2895,"comment_status":"open","ping_status":"closed","template":"","meta":[],"product_brand":[],"product_cat":[163],"product_tag":[],"class_list":{"0":"post-3768","1":"product","2":"type-product","3":"status-publish","4":"has-post-thumbnail","6":"product_cat-produits-potager","8":"first","9":"instock","10":"shipping-taxable","11":"purchasable","12":"product-type-simple"},"_links":{"self":[{"href":"https:\/\/www.frantoiosanmartino.com\/fr\/wp-json\/wp\/v2\/product\/3768","targetHints":{"allow":["GET"]}}],"collection":[{"href":"https:\/\/www.frantoiosanmartino.com\/fr\/wp-json\/wp\/v2\/product"}],"about":[{"href":"https:\/\/www.frantoiosanmartino.com\/fr\/wp-json\/wp\/v2\/types\/product"}],"replies":[{"embeddable":true,"href":"https:\/\/www.frantoiosanmartino.com\/fr\/wp-json\/wp\/v2\/comments?post=3768"}],"wp:featuredmedia":[{"embeddable":true,"href":"https:\/\/www.frantoiosanmartino.com\/fr\/wp-json\/wp\/v2\/media\/2895"}],"wp:attachment":[{"href":"https:\/\/www.frantoiosanmartino.com\/fr\/wp-json\/wp\/v2\/media?parent=3768"}],"wp:term":[{"taxonomy":"product_brand","embeddable":true,"href":"https:\/\/www.frantoiosanmartino.com\/fr\/wp-json\/wp\/v2\/product_brand?post=3768"},{"taxonomy":"product_cat","embeddable":true,"href":"https:\/\/www.frantoiosanmartino.com\/fr\/wp-json\/wp\/v2\/product_cat?post=3768"},{"taxonomy":"product_tag","embeddable":true,"href":"https:\/\/www.frantoiosanmartino.com\/fr\/wp-json\/wp\/v2\/product_tag?post=3768"}],"curies":[{"name":"wp","href":"https:\/\/api.w.org\/{rel}","templated":true}]}}