{"id":3767,"date":"2018-04-30T14:14:14","date_gmt":"2018-04-30T14:14:14","guid":{"rendered":"https:\/\/frantoiosanmartino.com\/non%20class\u00e9\/vente-sauce-aux-noix\/"},"modified":"2024-11-21T10:29:22","modified_gmt":"2024-11-21T09:29:22","slug":"vente-sauce-aux-noix","status":"publish","type":"product","link":"https:\/\/www.frantoiosanmartino.com\/fr\/produits-potager\/vente-sauce-aux-noix\/","title":{"rendered":"Sauce aux Noix 180g &#8211; Bo\u00eete 6 pots"},"content":{"rendered":"<p>La <b>Sauce aux Noix<\/b> est un <b>condiment r\u00e9gional typique de la Ligurie<\/b> \u00e0 base de noix et de cr\u00e8me: cette sauce cr\u00e9meuse, tr\u00e8s appr\u00e9ci\u00e9e dans toute la r\u00e9gion et au-del\u00e0, est accompagn\u00e9e de types de p\u00e2tes de la tradition ligure, surtout des p\u00e2tes farcies: des exemples sont les traditionnels <b>pansoti \u00e0 la sauce aux noix<\/b>, un premier plat de la gastronomie ligure moins connue du &lsquo;pesto&rsquo; g\u00e9nois, mais aussi savoureux. La <b>Sauce aux Noix en vente en ligne<\/b> de Frantoio San Martino est produite \u00e0 Dolcedo, \u00e0 Imperia, avec des ingr\u00e9dients naturels provenant de nos terres.<\/p>\n<div class=\"caratteristiche\">\n<p class=\"tit_cara\">CARACT\u00c9RISTIQUES<\/p>\n<p><b>Poids: <\/b>pot en verre de 180 gr<br \/>\n<b>Ingr\u00e9dients: <\/b>Huile d\u2019olive extra vierge, <strong>noix<\/strong>, <strong>noix de cajou<\/strong>, <strong>lactos\u00e9rum<\/strong>, farine de riz, sel, amidon de ma\u00efs, vinaigre de vin, ail, <strong>fromages affin\u00e9s<\/strong> et <strong>Parmigiano Reggiano<\/strong> (<strong>lait<\/strong>, sel, pr\u00e9sure), marjolaine, correcteurs d\u2019acidit\u00e9 : acide citrique, acide lactique.<br \/>\n<b>Conseil de go\u00fbt:<\/b> elle est indiqu\u00e9 pour l&rsquo;assaisonnement des premiers plats de p\u00e2tes, notre Sauce aux Noix est parfaite avec les p\u00e2tes farcies, surtout celle de tradition ligure; elle est g\u00e9n\u00e9ralement servie avec les typiques &lsquo;pansoti&rsquo;.<br \/>\n<b>Conservation :<\/b> Conserver dans un endroit frais et sec, \u00e0 l\u2019abri des sources de chaleur. Une fois ouvert, couvrir d\u2019huile et conserver au r\u00e9frig\u00e9rateur.<\/p>\n<p><strong>D\u00c9CLARATION NUTRITIONNELLE VALEURS MOYENNES POUR 100g DE PRODUIT :<\/strong><\/p>\n<table>\n<tbody>\n<tr>\n<td>\u00c9nergie<\/td>\n<td>2758 Kj \u2013 668 Kcal<\/td>\n<\/tr>\n<tr>\n<td>Mati\u00e8res grasses<\/td>\n<td>62 g (dont acides gras satur\u00e9s 8,5 g)<\/td>\n<\/tr>\n<tr>\n<td>Glucides<\/td>\n<td>20 g (dont sucres 5,8 g)<\/td>\n<\/tr>\n<tr>\n<td>Prot\u00e9ines<\/td>\n<td>6,9 g<\/td>\n<\/tr>\n<tr>\n<td>Sel<\/td>\n<td>1,5 g<\/td>\n<\/tr>\n<\/tbody>\n<\/table>\n<\/div>\n","protected":false},"excerpt":{"rendered":"<p>La typique sauce aux noix pr\u00e9par\u00e9e avec les ingr\u00e9dients du territoire ligure.<strong> En ajoutant des Bo\u00eetes en plus dans votre chariot vous avez droit \u00e0 une <span style=\"color: red;\">d\u00e9duction du 3%<\/span><\/strong><\/p>\n","protected":false},"featured_media":2901,"comment_status":"open","ping_status":"closed","template":"","meta":[],"product_brand":[],"product_cat":[163],"product_tag":[],"class_list":{"0":"post-3767","1":"product","2":"type-product","3":"status-publish","4":"has-post-thumbnail","6":"product_cat-produits-potager","8":"first","9":"instock","10":"shipping-taxable","11":"purchasable","12":"product-type-simple"},"_links":{"self":[{"href":"https:\/\/www.frantoiosanmartino.com\/fr\/wp-json\/wp\/v2\/product\/3767","targetHints":{"allow":["GET"]}}],"collection":[{"href":"https:\/\/www.frantoiosanmartino.com\/fr\/wp-json\/wp\/v2\/product"}],"about":[{"href":"https:\/\/www.frantoiosanmartino.com\/fr\/wp-json\/wp\/v2\/types\/product"}],"replies":[{"embeddable":true,"href":"https:\/\/www.frantoiosanmartino.com\/fr\/wp-json\/wp\/v2\/comments?post=3767"}],"wp:featuredmedia":[{"embeddable":true,"href":"https:\/\/www.frantoiosanmartino.com\/fr\/wp-json\/wp\/v2\/media\/2901"}],"wp:attachment":[{"href":"https:\/\/www.frantoiosanmartino.com\/fr\/wp-json\/wp\/v2\/media?parent=3767"}],"wp:term":[{"taxonomy":"product_brand","embeddable":true,"href":"https:\/\/www.frantoiosanmartino.com\/fr\/wp-json\/wp\/v2\/product_brand?post=3767"},{"taxonomy":"product_cat","embeddable":true,"href":"https:\/\/www.frantoiosanmartino.com\/fr\/wp-json\/wp\/v2\/product_cat?post=3767"},{"taxonomy":"product_tag","embeddable":true,"href":"https:\/\/www.frantoiosanmartino.com\/fr\/wp-json\/wp\/v2\/product_tag?post=3767"}],"curies":[{"name":"wp","href":"https:\/\/api.w.org\/{rel}","templated":true}]}}