{"id":3760,"date":"2018-02-14T16:23:14","date_gmt":"2018-02-14T16:23:14","guid":{"rendered":"https:\/\/frantoiosanmartino.com\/non%20class\u00e9\/vente-olives-saumurees\/"},"modified":"2024-11-20T12:54:04","modified_gmt":"2024-11-20T11:54:04","slug":"vente-olives-saumurees","status":"publish","type":"product","link":"https:\/\/www.frantoiosanmartino.com\/fr\/olives-taggiasca\/vente-olives-saumurees\/","title":{"rendered":"Olives Taggiasca en Saumure &#8211; Bo\u00eete 6 pots"},"content":{"rendered":"<p>L\u2019<b>olive de vari\u00e9t\u00e9 Taggiasca<\/b> est connue dans le monde entier pour la production de la c\u00e9l\u00e8bre huile d&rsquo;olive de Ligurie, mais \u00e9galement pour son go\u00fbt doux et aromatique qui la rend <b>parfaite pour \u00eatre mise sur la table sans n\u00e9cessiter ni additifs ni condiments<\/b>: c&rsquo;est pour cette raison que les <b>olives conserv\u00e9es dans la saumure en vente<\/b> sur notre site sont l&rsquo;un des produits les plus populaires. Frantoio San Martino a s\u00e9lectionn\u00e9 les meilleures olives de vari\u00e9t\u00e9 Taggiasca recueilles \u00e0 la main, comme dans le pass\u00e9, pour les mettre dans une simple saumure pr\u00e9par\u00e9e selon l&rsquo;ancienne recette de famille et laiss\u00e9es reposer plusieurs mois avant d&rsquo;\u00eatre go\u00fbt\u00e9es: une saumure compos\u00e9e seulement par eau, sel et fines herbes pour mantenir toutes les caract\u00e9ristiques naturelles d&rsquo;un fruit qui n&rsquo;a pas besoin de pr\u00e9sentations ou d&rsquo;additions.<\/p>\n<p>Une petite olive avec un go\u00fbt unique, l\u00e9g\u00e8rement sal\u00e9 et avec un arri\u00e8re-go\u00fbt amer: simplicit\u00e9, tradition et excellence territoriale se rencontrent dans nos <b>olives saumur\u00e9es en vente<\/b>, disponibles en pots en verre recyclables de 180 et 350 grammes.<\/p>\n<div class=\"prod-loghi\"><img decoding=\"async\" class=\"alignnone size-full wp-image-1521\" src=\"https:\/\/frantoiosanmartino.com\/wp-content\/uploads\/2018\/09\/logo-taggiasca-b.png\" alt=\"\" width=\"150\" height=\"50\" srcset=\"https:\/\/www.frantoiosanmartino.com\/wp-content\/uploads\/2018\/09\/logo-taggiasca-b.png 150w, https:\/\/www.frantoiosanmartino.com\/wp-content\/uploads\/2018\/09\/logo-taggiasca-b-64x21.png 64w\" sizes=\"(max-width: 150px) 100vw, 150px\" \/><\/div>\n<div class=\"caratteristiche\">\n<p class=\"tit_cara\">CARACT\u00c9RISTIQUES<\/p>\n<p><b>Couleur:<\/b> petites olives vertes et noires<br \/>\n<b>Ar\u00f4me:<\/b> doux avec des notes de fines herbes<br \/>\n<b>Go\u00fbt:<\/b> l\u00e9g\u00e8rement sal\u00e9 et avec un arri\u00e8re-go\u00fbt amer<br \/>\n<b>Poids:<\/b> pot en verre de 180 gr, 350 gr<br \/>\n<b>Ingr\u00e9dients:<\/b> Olives Taggiasca, eau, sel, ar\u00f4mes naturels.<br \/>\n<b>Suggestions de go\u00fbt:<\/b> Id\u00e9ales \u00e0 l&rsquo;ap\u00e9ritif et comme hors-d&rsquo;\u0153uvre, nos olives Taggiasche en saumure sont servies comme accompagnement de tous les plats cuits et crus, de la mer ou du sol; parfaites pour assaisonner les salades, les pizza et les fougasses, ils se marient \u00e0 merveille avec la cuisine typique de la Ligurie.<br \/>\n<b>Conservation<\/b>: Conserver dans un endroit frais et sec, \u00e0 l\u2019abri des sources de chaleur.<\/p>\n<p>D\u00c9CLARATION NUTRITIONNELLE VALEURS MOYENNES POUR 100g DE PRODUIT :<\/p>\n<table>\n<tbody>\n<tr>\n<td>\u00e9nergie<\/td>\n<td>872 Kj \u2013 212 Kcal<\/td>\n<\/tr>\n<tr>\n<td>mati\u00e8res grasses<\/td>\n<td>22,2 g (dont acides gras satur\u00e9s 2,8 g)<\/td>\n<\/tr>\n<tr>\n<td>glucides<\/td>\n<td>1,3 g (dont sucres 0 g)<\/td>\n<\/tr>\n<tr>\n<td>prot\u00e9ines<\/td>\n<td>1,6 g<\/td>\n<\/tr>\n<tr>\n<td>sel<\/td>\n<td>3,1 g<\/td>\n<\/tr>\n<\/tbody>\n<\/table>\n<\/div>\n","protected":false},"excerpt":{"rendered":"<p>Vente d&rsquo;olives saumur\u00e9es cultivar Taggiasca en pot en verre.<strong> En ajoutant des Bo\u00eetes en plus dans votre chariot vous avez droit \u00e0 une <span style=\"color: red;\">d\u00e9duction du 3%<\/span><\/strong><\/p>\n","protected":false},"featured_media":2874,"comment_status":"open","ping_status":"closed","template":"","meta":[],"product_brand":[],"product_cat":[159],"product_tag":[],"class_list":{"0":"post-3760","1":"product","2":"type-product","3":"status-publish","4":"has-post-thumbnail","6":"product_cat-olives-taggiasca","8":"first","9":"instock","10":"shipping-taxable","11":"purchasable","12":"product-type-variable"},"_links":{"self":[{"href":"https:\/\/www.frantoiosanmartino.com\/fr\/wp-json\/wp\/v2\/product\/3760","targetHints":{"allow":["GET"]}}],"collection":[{"href":"https:\/\/www.frantoiosanmartino.com\/fr\/wp-json\/wp\/v2\/product"}],"about":[{"href":"https:\/\/www.frantoiosanmartino.com\/fr\/wp-json\/wp\/v2\/types\/product"}],"replies":[{"embeddable":true,"href":"https:\/\/www.frantoiosanmartino.com\/fr\/wp-json\/wp\/v2\/comments?post=3760"}],"wp:featuredmedia":[{"embeddable":true,"href":"https:\/\/www.frantoiosanmartino.com\/fr\/wp-json\/wp\/v2\/media\/2874"}],"wp:attachment":[{"href":"https:\/\/www.frantoiosanmartino.com\/fr\/wp-json\/wp\/v2\/media?parent=3760"}],"wp:term":[{"taxonomy":"product_brand","embeddable":true,"href":"https:\/\/www.frantoiosanmartino.com\/fr\/wp-json\/wp\/v2\/product_brand?post=3760"},{"taxonomy":"product_cat","embeddable":true,"href":"https:\/\/www.frantoiosanmartino.com\/fr\/wp-json\/wp\/v2\/product_cat?post=3760"},{"taxonomy":"product_tag","embeddable":true,"href":"https:\/\/www.frantoiosanmartino.com\/fr\/wp-json\/wp\/v2\/product_tag?post=3760"}],"curies":[{"name":"wp","href":"https:\/\/api.w.org\/{rel}","templated":true}]}}