{"id":3755,"date":"2018-04-30T14:03:57","date_gmt":"2018-04-30T14:03:57","guid":{"rendered":"https:\/\/frantoiosanmartino.com\/non%20class\u00e9\/vente-olives-denoyautees\/"},"modified":"2024-11-20T12:57:49","modified_gmt":"2024-11-20T11:57:49","slug":"vente-olives-denoyautees","status":"publish","type":"product","link":"https:\/\/www.frantoiosanmartino.com\/fr\/olives-taggiasca\/vente-olives-denoyautees\/","title":{"rendered":"Olives Taggiasche d\u00e9noyaut\u00e9es &#8211; Bo\u00eete 6 pots"},"content":{"rendered":"<p>Le vrai go\u00fbt de la Ligurie dans des pratiques pots \u00e0 conserver dans votre cuisine: <b>les olives d\u00e9noyaut\u00e9es de vari\u00e9t\u00e9 Taggiasca en huile d&rsquo;olive extra vierge<\/b>, sont un saveur exquis de Frantoio San Martino. Nous avons s\u00e9lectionn\u00e9 les <b>meilleures olives Cultivar Taggiasca<\/b> provenant de notre production exclusive &#8211; o\u00f9 elles ont grandi avec soin et passion et elles ont \u00e9t\u00e9 battues \u00e0 la main, selon la vieille tradition de la r\u00e9gion de Imperia &#8211; nous les avons <b>d\u00e9noyaut\u00e9es<\/b> puis mises en conserve dans <b>une \u201c\u00e9treinte\u201d de pris\u00e9e huile d&rsquo;olive extra vierge<\/b>: ainsi que dans chaque pot vous pouvez trouver la pulpe d\u2019olive au naturel et le go\u00fbt doux et d\u00e9licat de notre huile sp\u00e9ciale. Les olives d\u00e9noyaut\u00e9es de Frantoio San Martino contiennent <b>le go\u00fbt, l&rsquo;histoire et la tradition de l&rsquo;olive authentique d&rsquo;Imperia<\/b> et sont disponibles en deux formats de 180 gr et 300 gr.<\/p>\n<div class=\"caratteristiche\">\n<div class=\"prod-loghi\"><img decoding=\"async\" class=\"alignnone size-full wp-image-1521\" src=\"https:\/\/frantoiosanmartino.com\/wp-content\/uploads\/2018\/09\/logo-taggiasca-b.png\" alt=\"\" width=\"150\" height=\"50\" srcset=\"https:\/\/www.frantoiosanmartino.com\/wp-content\/uploads\/2018\/09\/logo-taggiasca-b.png 150w, https:\/\/www.frantoiosanmartino.com\/wp-content\/uploads\/2018\/09\/logo-taggiasca-b-64x21.png 64w\" sizes=\"(max-width: 150px) 100vw, 150px\" \/><\/div>\n<p class=\"tit_cara\">CARACT\u00c9RISTIQUES<\/p>\n<p><b>Couleur:<\/b> petites olives vertes et noires<br \/>\n<b>Ar\u00f4me:<\/b> doux avec des notes de fines herbe<br \/>\n<b>Go\u00fbt:<\/b> l\u00e9g\u00e8rement sal\u00e9 et avec un arri\u00e8re-go\u00fbt amer<br \/>\n<b>Poids: <\/b>pot en verre de 180 gr, 300 gr<br \/>\n<b>Ingr\u00e9dients: <\/b>Olives Taggiasca, huile d\u2019olive extra vierge, sel, ar\u00f4mes naturels, correcteur d\u2019acidit\u00e9 : acide citrique.<br \/>\n<b>Suggestions de go\u00fbt:<\/b> Id\u00e9ales pour accompagner les \u201cbruschette\u201d et les ap\u00e9ritifs, les olives Taggiasche San Martino sont parfaites pour donner go\u00fbt \u00e0 tous les plats de la cuisine ligure typique et sont si bons qu&rsquo;elles peuvent \u00eatre d\u00e9gust\u00e9es m\u00eame comme un en-cas.<br \/>\n<b>Conservation<\/b>: Conserver dans un endroit frais et sec, \u00e0 l\u2019abri des sources de chaleur. Une fois ouvert, couvrir avec de l\u2019huile et conserver au r\u00e9frig\u00e9rateur. ATTENTION : Transformation artisanale m\u00e9canique, il est possible de trouver des noyaux ou des morceaux de noyaux \u00e0 l\u2019int\u00e9rieur du fruit.<\/p>\n<p>D\u00c9CLARATION NUTRITIONNELLE VALEURS MOYENNES POUR 100g DE PRODUIT :<\/p>\n<table>\n<tbody>\n<tr>\n<td>\u00e9nergie<\/td>\n<td>789 Kj \u2013 192 Kcal<\/td>\n<\/tr>\n<tr>\n<td>mati\u00e8res grasses<\/td>\n<td>19,5 g (dont acides gras satur\u00e9s 12,8 g)<\/td>\n<\/tr>\n<tr>\n<td>glucides<\/td>\n<td>1,2 g (dont sucres 1 g)<\/td>\n<\/tr>\n<tr>\n<td>prot\u00e9ines<\/td>\n<td>1,7 g<\/td>\n<\/tr>\n<tr>\n<td>sel<\/td>\n<td>3,8 g<\/td>\n<\/tr>\n<\/tbody>\n<\/table>\n<\/div>\n","protected":false},"excerpt":{"rendered":"<p>Olives d\u00e9noyaut\u00e9es Cultivar Taggiasca en huile d&rsquo;olive extra vierge.<strong> En ajoutant des Bo\u00eetes en plus dans votre chariot vous avez droit \u00e0 une <span style=\"color: red;\">d\u00e9duction du 9%<\/span><\/strong><\/p>\n","protected":false},"featured_media":2868,"comment_status":"open","ping_status":"closed","template":"","meta":[],"product_brand":[],"product_cat":[159],"product_tag":[],"class_list":{"0":"post-3755","1":"product","2":"type-product","3":"status-publish","4":"has-post-thumbnail","6":"product_cat-olives-taggiasca","8":"first","9":"instock","10":"shipping-taxable","11":"purchasable","12":"product-type-variable"},"_links":{"self":[{"href":"https:\/\/www.frantoiosanmartino.com\/fr\/wp-json\/wp\/v2\/product\/3755","targetHints":{"allow":["GET"]}}],"collection":[{"href":"https:\/\/www.frantoiosanmartino.com\/fr\/wp-json\/wp\/v2\/product"}],"about":[{"href":"https:\/\/www.frantoiosanmartino.com\/fr\/wp-json\/wp\/v2\/types\/product"}],"replies":[{"embeddable":true,"href":"https:\/\/www.frantoiosanmartino.com\/fr\/wp-json\/wp\/v2\/comments?post=3755"}],"wp:featuredmedia":[{"embeddable":true,"href":"https:\/\/www.frantoiosanmartino.com\/fr\/wp-json\/wp\/v2\/media\/2868"}],"wp:attachment":[{"href":"https:\/\/www.frantoiosanmartino.com\/fr\/wp-json\/wp\/v2\/media?parent=3755"}],"wp:term":[{"taxonomy":"product_brand","embeddable":true,"href":"https:\/\/www.frantoiosanmartino.com\/fr\/wp-json\/wp\/v2\/product_brand?post=3755"},{"taxonomy":"product_cat","embeddable":true,"href":"https:\/\/www.frantoiosanmartino.com\/fr\/wp-json\/wp\/v2\/product_cat?post=3755"},{"taxonomy":"product_tag","embeddable":true,"href":"https:\/\/www.frantoiosanmartino.com\/fr\/wp-json\/wp\/v2\/product_tag?post=3755"}],"curies":[{"name":"wp","href":"https:\/\/api.w.org\/{rel}","templated":true}]}}