{"id":3750,"date":"2018-04-30T14:09:38","date_gmt":"2018-04-30T14:09:38","guid":{"rendered":"https:\/\/frantoiosanmartino.com\/non%20class\u00e9\/vente-pate-olives\/"},"modified":"2024-11-20T12:45:55","modified_gmt":"2024-11-20T11:45:55","slug":"vente-pate-olives","status":"publish","type":"product","link":"https:\/\/www.frantoiosanmartino.com\/fr\/olives-taggiasca\/vente-pate-olives\/","title":{"rendered":"P\u00e2t\u00e9 d&rsquo;olives Taggiasche &#8211; Bo\u00eete 6 pots"},"content":{"rendered":"<p>Une \u201c\u00e9treinte\u201d cr\u00e9meuse de vrai olive taggiasca de la Ligurie et d&rsquo;huile d&rsquo;olive extra vierge de qualit\u00e9 sup\u00e9rieure: le <b>p\u00e2t\u00e9 d&rsquo;olives taggiasche de Frantoio San Martino<\/b> est une v\u00e9ritable exp\u00e9rience gastronomique qui combine tradition et authenticit\u00e9. Nous avons s\u00e9lectionn\u00e9 les <b>meilleures olives de la vari\u00e9t\u00e9 Taggiasca<\/b> provenant de notre production de Dolcedo, dans la province d&rsquo;Imperia, et nous les avons ajout\u00e9es \u00e0 l&rsquo;huile d&rsquo;olive extra vierge pour cr\u00e9er une cr\u00e8me d\u00e9licieuse et exquise, pour son go\u00fbt et son odeur: le r\u00e9sultat est un p\u00e2t\u00e9 d&rsquo;olives de haute qualit\u00e9 avec plusieurs nuances de go\u00fbt et couleur, parfait pour \u00eatre go\u00fbt\u00e9 sur du pain maison et pour accompagner des ap\u00e9ritifs sp\u00e9ciaux.<\/p>\n<p>Le P\u00e2t\u00e9 d&rsquo;Olives Taggiasche est disponible dans un pot en verre recyclable qui pr\u00e9serve la fra\u00eecheur du produit dans les formats 180 gr et 270 gr.<\/p>\n<div class=\"prod-loghi\"><img decoding=\"async\" class=\"alignnone size-full wp-image-1521\" src=\"https:\/\/frantoiosanmartino.com\/wp-content\/uploads\/2018\/09\/logo-taggiasca-b.png\" alt=\"\" width=\"150\" height=\"50\" srcset=\"https:\/\/www.frantoiosanmartino.com\/wp-content\/uploads\/2018\/09\/logo-taggiasca-b.png 150w, https:\/\/www.frantoiosanmartino.com\/wp-content\/uploads\/2018\/09\/logo-taggiasca-b-64x21.png 64w\" sizes=\"(max-width: 150px) 100vw, 150px\" \/><\/div>\n<div class=\"caratteristiche\">\n<p class=\"tit_cara\">CARACT\u00c9RISTIQUES<\/p>\n<p><b>Poids: <\/b>pot en verre de 180 gr, 270 gr<br \/>\n<b>Ingr\u00e9dients: <\/b>Olives Taggiasca d\u00e9noyaut\u00e9es, huile d\u2019olive extra vierge, sel, ar\u00f4mes naturels, correcteur d\u2019acidit\u00e9 : acide citrique.<br \/>\n<b>Conseils de d\u00e9gustation:<\/b> Le Pat\u00e9 d&rsquo;olives Taggiasca Frantoio San Martino est id\u00e9al pour les tranches de pain nomm\u00e9es \u201cbruschetta\u201d et les en-cas avec du pain et il est aussi indiqu\u00e9 avec les fromages frais pour des ap\u00e9ritifs et des hors d&rsquo;\u0153uvre particuliers. Il est excellent pour assaisonner les p\u00e2tes pour un premier plat rapide<br \/>\n<b>Conservation<\/b>: Conserver dans un endroit frais et sec, \u00e0 l\u2019abri des sources de chaleur. Une fois ouvert, couvrir avec de l\u2019huile et conserver au r\u00e9frig\u00e9rateur.<\/p>\n<table>\n<tbody>\n<tr>\n<td>\u00e9nergie<\/td>\n<td>1123 Kj \u2013 273 Kcal<\/td>\n<\/tr>\n<tr>\n<td>mati\u00e8res grasses<\/td>\n<td>28,7 g (dont acides gras satur\u00e9s 4,5 g)<\/td>\n<\/tr>\n<tr>\n<td>glucides<\/td>\n<td>1,5 g (dont sucres 1,5 g)<\/td>\n<\/tr>\n<tr>\n<td>prot\u00e9ines<\/td>\n<td>2,1 g<\/td>\n<\/tr>\n<tr>\n<td>sel<\/td>\n<td>6,7 g<\/td>\n<\/tr>\n<\/tbody>\n<\/table>\n<\/div>\n","protected":false},"excerpt":{"rendered":"<p>P\u00e2t\u00e9 d&rsquo;olives cultivar Taggiasca cr\u00e9meux \u00e0 l&rsquo;huile d&rsquo;olive extra vierge.<strong> En ajoutant des Bo\u00eetes en plus dans votre chariot vous avez droit \u00e0 une <span style=\"color: red;\">d\u00e9duction du 3%<\/span><\/strong>.<\/p>\n","protected":false},"featured_media":2880,"comment_status":"open","ping_status":"closed","template":"","meta":[],"product_brand":[],"product_cat":[159],"product_tag":[],"class_list":{"0":"post-3750","1":"product","2":"type-product","3":"status-publish","4":"has-post-thumbnail","6":"product_cat-olives-taggiasca","8":"first","9":"instock","10":"shipping-taxable","11":"purchasable","12":"product-type-variable"},"_links":{"self":[{"href":"https:\/\/www.frantoiosanmartino.com\/fr\/wp-json\/wp\/v2\/product\/3750","targetHints":{"allow":["GET"]}}],"collection":[{"href":"https:\/\/www.frantoiosanmartino.com\/fr\/wp-json\/wp\/v2\/product"}],"about":[{"href":"https:\/\/www.frantoiosanmartino.com\/fr\/wp-json\/wp\/v2\/types\/product"}],"replies":[{"embeddable":true,"href":"https:\/\/www.frantoiosanmartino.com\/fr\/wp-json\/wp\/v2\/comments?post=3750"}],"wp:featuredmedia":[{"embeddable":true,"href":"https:\/\/www.frantoiosanmartino.com\/fr\/wp-json\/wp\/v2\/media\/2880"}],"wp:attachment":[{"href":"https:\/\/www.frantoiosanmartino.com\/fr\/wp-json\/wp\/v2\/media?parent=3750"}],"wp:term":[{"taxonomy":"product_brand","embeddable":true,"href":"https:\/\/www.frantoiosanmartino.com\/fr\/wp-json\/wp\/v2\/product_brand?post=3750"},{"taxonomy":"product_cat","embeddable":true,"href":"https:\/\/www.frantoiosanmartino.com\/fr\/wp-json\/wp\/v2\/product_cat?post=3750"},{"taxonomy":"product_tag","embeddable":true,"href":"https:\/\/www.frantoiosanmartino.com\/fr\/wp-json\/wp\/v2\/product_tag?post=3750"}],"curies":[{"name":"wp","href":"https:\/\/api.w.org\/{rel}","templated":true}]}}