{"id":3749,"date":"2018-09-04T15:20:57","date_gmt":"2018-09-04T15:20:57","guid":{"rendered":"https:\/\/frantoiosanmartino.com\/non%20class\u00e9\/vente-cente-italien\/"},"modified":"2024-11-20T12:29:55","modified_gmt":"2024-11-20T11:29:55","slug":"vente-cente-italien","status":"publish","type":"product","link":"https:\/\/www.frantoiosanmartino.com\/fr\/huile-olive-extra-viergea\/vente-cente-italien\/","title":{"rendered":"Huile d&rsquo;olive extra vierge 100% Italien 500ml &#8211; Bo\u00eete 6 Bouteilles"},"content":{"rendered":"<p>L\u2019<b>huile d&rsquo;olive extra vierge 100% Italien<\/b> est un produit de qualit\u00e9 issu de la production de notre Moulin en Dolcedo: elle partage avec toutes nos huiles une <b>haute qualit\u00e9 des olives<\/b> utilis\u00e9es, la r\u00e9cup\u00e9ration de la tradition \u201cfrantoiana\u201d (ancienne m\u00e9thode de travail typique des moulins \u00e0 huile) et le parfum de la Ligurie. Elle est produite en s\u00e9lectionnant les meilleures olives italiennes locales \u2013 y compris les vari\u00e9t\u00e9s locales Taggiasca, Colombaia, Pignola et Mortina &#8211; cette huile offre toutes les qualit\u00e9s organoleptiques d&rsquo;un produit de qualit\u00e9 dans un m\u00e9lange parfaitement \u00e9quilibr\u00e9 de saveurs et d&rsquo;ar\u00f4mes.<\/p>\n<p>Elle est produite avec les olives r\u00e9colt\u00e9es \u00e0 la main, et broy\u00e9 dans la journ\u00e9e dans notre moulin traditionnel de granite pour pr\u00e9server l\u2019incroyable qualit\u00e9.<\/p>\n<p>Disponible dans un pratique bidon de provision de 5 litres, id\u00e9al pour la conservation.<\/p>\n<div class=\"prod-loghi\"><img decoding=\"async\" class=\"alignnone size-full wp-image-1522\" src=\"https:\/\/frantoiosanmartino.com\/wp-content\/uploads\/2018\/10\/logo-100ITA.png\" alt=\"\" width=\"60\" height=\"60\" \/><\/div>\n<div class=\"caratteristiche\">\n<p class=\"tit_cara\">CARACT\u00c9RISTIQUES<\/p>\n<p><b>Type de produit:<\/b> Huile d&rsquo;olive de cat\u00e9gorie sup\u00e9rieure obtenue directement des olives et uniquement par des proc\u00e9d\u00e9s m\u00e9caniques<br \/>\n100 % PRODUIT EN ITALIE<br \/>\n<b>Couleur:<\/b> vert \/ jaune<br \/>\n<b>Ar\u00f4me:<\/b> fruit\u00e9 moyen avec des sensations herbac\u00e9es et de feuilles d&rsquo;olivier<br \/>\n<b>Go\u00fbt:<\/b> fruit\u00e9 avec une sensation moyenne douces et am\u00e8res et piquant l\u00e9g\u00e8rement persistantes<br \/>\n<b>Format:<\/b> bidon 5 lt<br \/>\n<b>Assortiments:<\/b> Excellente avec des fromages vieillis et des soupes, cette huile est \u00e9galement parfaite en ajoute finale \u00e0 la viande grill\u00e9e et \u00e0 la c\u00f4te de boeuf \u201cfiorentina\u201d. A essayer avec les plats typiques de la tradition culinaire ligure, dans la pr\u00e9paration, elle est aussi indiqu\u00e9e pour des d\u00e9licieuses fritures ou pour pr\u00e9parer le p\u00e9trissage des pizzas et des typiques fougasses ligures.<br \/>\n<b>Conservation:<\/b> Conserver dans un endroit frais et sec, \u00e0 l\u2019abri des sources de chaleur.<\/p>\n<p><b>D\u00c9CLARATION NUTRITIONNELLE VALEURS MOYENNES POUR 100g DE PRODUIT :<\/b><\/p>\n<table>\n<tbody>\n<tr>\n<td>\u00e9nergie<\/td>\n<td>3762 Kj \u2013 899 Kcal<\/td>\n<\/tr>\n<tr>\n<td>mati\u00e8res grasses<\/td>\n<td>99,9 g (dont acides gras satur\u00e9s 14,5 g)<\/td>\n<\/tr>\n<tr>\n<td>glucides<\/td>\n<td>0 g (dont sucres 0 g)<\/td>\n<\/tr>\n<tr>\n<td>prot\u00e9ines<\/td>\n<td>0 g<\/td>\n<\/tr>\n<tr>\n<td>sel<\/td>\n<td>0 g<\/td>\n<\/tr>\n<\/tbody>\n<\/table><\/div>\n","protected":false},"excerpt":{"rendered":"<p>Huile d&rsquo;olive extra vierge 100% Italien- M\u00e9lange des meilleures olives locales.<strong> En ajoutant des Bo\u00eetes en plus dans votre chariot vous avez droit \u00e0 une <span style=\"color: red;\">d\u00e9duction du 3%<\/span><\/strong>.<\/p>\n","protected":false},"featured_media":2848,"comment_status":"open","ping_status":"closed","template":"","meta":[],"product_brand":[],"product_cat":[200],"product_tag":[178],"class_list":{"0":"post-3749","1":"product","2":"type-product","3":"status-publish","4":"has-post-thumbnail","6":"product_cat-huile-olive-extra-viergea","7":"product_tag-100-italien","9":"first","10":"outofstock","11":"shipping-taxable","12":"purchasable","13":"product-type-simple"},"_links":{"self":[{"href":"https:\/\/www.frantoiosanmartino.com\/fr\/wp-json\/wp\/v2\/product\/3749","targetHints":{"allow":["GET"]}}],"collection":[{"href":"https:\/\/www.frantoiosanmartino.com\/fr\/wp-json\/wp\/v2\/product"}],"about":[{"href":"https:\/\/www.frantoiosanmartino.com\/fr\/wp-json\/wp\/v2\/types\/product"}],"replies":[{"embeddable":true,"href":"https:\/\/www.frantoiosanmartino.com\/fr\/wp-json\/wp\/v2\/comments?post=3749"}],"wp:featuredmedia":[{"embeddable":true,"href":"https:\/\/www.frantoiosanmartino.com\/fr\/wp-json\/wp\/v2\/media\/2848"}],"wp:attachment":[{"href":"https:\/\/www.frantoiosanmartino.com\/fr\/wp-json\/wp\/v2\/media?parent=3749"}],"wp:term":[{"taxonomy":"product_brand","embeddable":true,"href":"https:\/\/www.frantoiosanmartino.com\/fr\/wp-json\/wp\/v2\/product_brand?post=3749"},{"taxonomy":"product_cat","embeddable":true,"href":"https:\/\/www.frantoiosanmartino.com\/fr\/wp-json\/wp\/v2\/product_cat?post=3749"},{"taxonomy":"product_tag","embeddable":true,"href":"https:\/\/www.frantoiosanmartino.com\/fr\/wp-json\/wp\/v2\/product_tag?post=3749"}],"curies":[{"name":"wp","href":"https:\/\/api.w.org\/{rel}","templated":true}]}}