{"id":3747,"date":"2018-04-27T13:50:51","date_gmt":"2018-04-27T13:50:51","guid":{"rendered":"https:\/\/frantoiosanmartino.com\/non%20class\u00e9\/vente-cultivar-taggiasca-anti-jointoiement\/"},"modified":"2024-11-20T12:29:48","modified_gmt":"2024-11-20T11:29:48","slug":"vente-cultivar-taggiasca-anti-jointoiement","status":"publish","type":"product","link":"https:\/\/www.frantoiosanmartino.com\/fr\/huile-olive-extra-viergea\/vente-cultivar-taggiasca-anti-jointoiement\/","title":{"rendered":"Huile d&rsquo;olive extra vierge Cultivar Taggiasca 500ml Anti-jointoiement &#8211; Bo\u00eete 6 Bouteilles"},"content":{"rendered":"<p>L&rsquo;odeur doux et d\u00e9licat de la terre de Ligurie est enferm\u00e9 dans cette perle culinaire fameuse au niveau national et international: notre <b>huile d&rsquo;olive extra vierge CultivarTaggiasca<\/b> est une <b>huile de mo\u00fbt non filtr\u00e9e, obtenue \u00e0 partir d&rsquo;olives de vari\u00e9t\u00e9 Taggiasca traditionnelle du territoire d&rsquo;Imperia<\/b>.<\/p>\n<p>C\u2019est pr\u00e9cis\u00e9ment \u00e0 Dolcedo et dans ses douces vall\u00e9es, touch\u00e9es par le soleil et la brise de la mer, que <a href=\"https:\/\/www.frantoiosanmartino.com\/fr\/moulin\/\">Frantoio San Martino<\/a> continue sa tradition \u201cfrantoiana\u201d en pr\u00e9servant les techniques anciennes qui ont fait de l\u2019huile d\u2019olive extra vierge de vari\u00e9t\u00e9 Taggiasca un produit unique pour sa qualit\u00e9 et son valeur: ici, les olives douces de vari\u00e9t\u00e9 Taggiasca sont recueillies exclusivement avec <b>l&rsquo;usage de bat\u00f4ns \u00e0 la main<\/b>, de mi-novembre \u00e0 fin du mois de f\u00e9vrier, puis <b>broy\u00e9es \u00e0 froid<\/b> le m\u00eame jour dans le moulin avec les meules en granit, comme d\u2019habitude<\/p>\n<p>Ce travail ancien, lent et d\u00e9licat respecte les qualit\u00e9s organoleptiques du produit et conf\u00e8re \u00e0 <b>l\u2019huile d\u2019olive extra vierge en vente<\/b> sur notre site l\u2019ar\u00f4me fruit\u00e9 l\u00e9ger et caract\u00e9ristique, avec des notes d\u2019amande et de pignons de pin, de couleur jaune \/ or intense et son typique go\u00fbt fin et d\u00e9licat.<\/p>\n<p>Disponible dans une bouteille fonc\u00e9e \/ anti-jointoiement pour pr\u00e9server ses qualit\u00e9s organoleptiques dans le temps et dans un bidon de conserve.<\/p>\n<div class=\"prod-loghi\"><img decoding=\"async\" class=\"alignnone size-full wp-image-1521\" src=\"https:\/\/frantoiosanmartino.com\/wp-content\/uploads\/2018\/09\/logo-taggiasca-b.png\" alt=\"\" width=\"150\" height=\"50\" srcset=\"https:\/\/www.frantoiosanmartino.com\/wp-content\/uploads\/2018\/09\/logo-taggiasca-b.png 150w, https:\/\/www.frantoiosanmartino.com\/wp-content\/uploads\/2018\/09\/logo-taggiasca-b-64x21.png 64w\" sizes=\"(max-width: 150px) 100vw, 150px\" \/><\/div>\n<div class=\"caratteristiche\">\n<p class=\"tit_cara\">CARACT\u00c9RISTIQUES<\/p>\n<p><b>Type de produit:<\/b> Huile d&rsquo;olive de cat\u00e9gorie sup\u00e9rieure obtenue directement des olives et uniquement par des proc\u00e9d\u00e9s m\u00e9caniques<br \/>\n100 % PRODUIT EN ITALIE<br \/>\n<b>Couleur:<\/b> jaune\/or intense<br \/>\n<b>Ar\u00f4me:<\/b> fruit\u00e9 m\u00fbr avec des notes d&rsquo;amande et de pignon<br \/>\n<b>Go\u00fbt:<\/b> fruit\u00e9 l\u00e9ger avec une douceur intense<br \/>\n<b>Format:<\/b> Bouteille en verre fonc\u00e9 de 500 ml, anti-jointoiement de 500 ml, bouteille en verre de 750 ml, bidon de 5 lt, emballage de 6 bouteilles<br \/>\n<b>Conseils d&rsquo;utilisation:<\/b> elle est id\u00e9ale l&rsquo;utiliser crue sur les l\u00e9gumes, le poisson, la viande et la \u201cbruschetta\u201d. En cuisine, elle peut \u00eatre utilis\u00e9e pour la friture et la pr\u00e9paration de friandise, la \u201cfocaccia\u201d et les plats typiques de la Ligurie tels que le lapin ligure ou le \u201cbrandacujun\u201d.<br \/>\n<b>Conservation:<\/b> Conserver dans un endroit frais et sec, \u00e0 l\u2019abri des sources de chaleur.<\/p>\n<p><b>D\u00c9CLARATION NUTRITIONNELLE VALEURS MOYENNES POUR 100g DE PRODUIT :<\/b><\/p>\n<table>\n<tbody>\n<tr>\n<td>\u00e9nergie<\/td>\n<td>3762 Kj \u2013 899 Kcal<\/td>\n<\/tr>\n<tr>\n<td>mati\u00e8res grasses<\/td>\n<td>99,9 g (dont acides gras satur\u00e9s 14,5 g)<\/td>\n<\/tr>\n<tr>\n<td>glucides<\/td>\n<td>0 g (dont sucres 0 g)<\/td>\n<\/tr>\n<tr>\n<td>prot\u00e9ines<\/td>\n<td>0 g<\/td>\n<\/tr>\n<tr>\n<td>sel<\/td>\n<td>0 g<\/td>\n<\/tr>\n<\/tbody>\n<\/table><\/div>\n","protected":false},"excerpt":{"rendered":"<p>Huile d&rsquo;olive extra vierge Cultivar Taggiasca dans une bouteille en verre fonc\u00e9 anti-jointoiement\/bidon.<strong> En ajoutant des Bo\u00eetes en plus dans votre chariot vous avez droit \u00e0 une <span style=\"color: red;\">d\u00e9duction du 3%<\/span><\/strong>.<\/p>\n","protected":false},"featured_media":2837,"comment_status":"open","ping_status":"closed","template":"","meta":[],"product_brand":[],"product_cat":[200],"product_tag":[173],"class_list":{"0":"post-3747","1":"product","2":"type-product","3":"status-publish","4":"has-post-thumbnail","6":"product_cat-huile-olive-extra-viergea","7":"product_tag-cultivar-taggiasca-fr","9":"first","10":"instock","11":"shipping-taxable","12":"purchasable","13":"product-type-simple"},"_links":{"self":[{"href":"https:\/\/www.frantoiosanmartino.com\/fr\/wp-json\/wp\/v2\/product\/3747","targetHints":{"allow":["GET"]}}],"collection":[{"href":"https:\/\/www.frantoiosanmartino.com\/fr\/wp-json\/wp\/v2\/product"}],"about":[{"href":"https:\/\/www.frantoiosanmartino.com\/fr\/wp-json\/wp\/v2\/types\/product"}],"replies":[{"embeddable":true,"href":"https:\/\/www.frantoiosanmartino.com\/fr\/wp-json\/wp\/v2\/comments?post=3747"}],"wp:featuredmedia":[{"embeddable":true,"href":"https:\/\/www.frantoiosanmartino.com\/fr\/wp-json\/wp\/v2\/media\/2837"}],"wp:attachment":[{"href":"https:\/\/www.frantoiosanmartino.com\/fr\/wp-json\/wp\/v2\/media?parent=3747"}],"wp:term":[{"taxonomy":"product_brand","embeddable":true,"href":"https:\/\/www.frantoiosanmartino.com\/fr\/wp-json\/wp\/v2\/product_brand?post=3747"},{"taxonomy":"product_cat","embeddable":true,"href":"https:\/\/www.frantoiosanmartino.com\/fr\/wp-json\/wp\/v2\/product_cat?post=3747"},{"taxonomy":"product_tag","embeddable":true,"href":"https:\/\/www.frantoiosanmartino.com\/fr\/wp-json\/wp\/v2\/product_tag?post=3747"}],"curies":[{"name":"wp","href":"https:\/\/api.w.org\/{rel}","templated":true}]}}