{"id":3743,"date":"2018-04-27T09:23:52","date_gmt":"2018-04-27T09:23:52","guid":{"rendered":"https:\/\/frantoiosanmartino.com\/non%20class\u00e9\/vente-riserva-taggiasca\/"},"modified":"2024-11-20T12:27:08","modified_gmt":"2024-11-20T11:27:08","slug":"vente-riserva-taggiasca","status":"publish","type":"product","link":"https:\/\/www.frantoiosanmartino.com\/fr\/huile-olive-extra-viergea\/vente-riserva-taggiasca\/","title":{"rendered":"Huile d&rsquo;olive extra vierge Riserva Taggiasca 750ml &#8211; Bo\u00eete 6 Bouteilles"},"content":{"rendered":"<p>Seulement le mieux des olives de vari\u00e9t\u00e9 Taggiasca: <b>l&rsquo;huile d&rsquo;olive extra vierge Riserva Taggiasca \u00e0 vendre<\/b> sur le site de Frantoio San Martino est produite chaque ann\u00e9e dans une quantit\u00e9 limit\u00e9e et elle est obtenue en s\u00e9lectionnant attentivement les meilleures olives de vari\u00e9t\u00e9 Taggiasca recueilles vertes ou quand elle commencent \u00e0 noicir pendant les mois de novembre et d\u00e9cembre dans les s\u00e9culaires olivaies de famille situ\u00e9es entre 300 et 400 m\u00e8tres s.l.m.<\/p>\n<p>Aussi que pour tous les autres produits de notre Moulin en Dolcedo, <b>la r\u00e9cup\u00e9ration des m\u00e9thodes traditionnelles et du go\u00fbt naturel occupe une place d&rsquo;honneur<\/b>: les <b>olives sont recueilles \u00e0 la main<\/b> en utilisant les typiques b\u00e2tons et <b>broy\u00e9es \u00e0 froid<\/b> dans la journ\u00e9e, un peu en avance par rapport \u00e0 leur compl\u00e8te maturation afin de pr\u00e9server au mieux leurs pris\u00e9es qualit\u00e9s organoleptiques. La production, selon l&rsquo;ancienne m\u00e9thode, contribue \u00e0 maintenir \u00e0 ce v\u00e9ritable \u201cnectar\u201d la caract\u00e9ristique couleur verte avec des reflets jaunes, l\u2019ar\u00f4me fruit\u00e9-vert et le go\u00fbt doux qui se termine avec un \u00e9quilibr\u00e9e parfum amer et piquant typique des olives plus vertes.<\/p>\n<p>Toutes nos bouteilles sont en verre fonc\u00e9 afin de conserver inalt\u00e9r\u00e9 toutes les qualit\u00e9s du produit et de l&rsquo;apporter sur votre table comme assit\u00f4t broy\u00e9.<\/p>\n<div class=\"prod-loghi\"><img decoding=\"async\" class=\"alignnone size-full wp-image-1521\" src=\"https:\/\/frantoiosanmartino.com\/wp-content\/uploads\/2018\/09\/logo-taggiasca-b.png\" alt=\"\" width=\"150\" height=\"50\" srcset=\"https:\/\/www.frantoiosanmartino.com\/wp-content\/uploads\/2018\/09\/logo-taggiasca-b.png 150w, https:\/\/www.frantoiosanmartino.com\/wp-content\/uploads\/2018\/09\/logo-taggiasca-b-64x21.png 64w\" sizes=\"(max-width: 150px) 100vw, 150px\" \/><\/div>\n<div class=\"caratteristiche\">\n<p class=\"tit_cara\">CARACT\u00c9RISTIQUES<\/p>\n<p><b>Type de produit:<\/b> Huile d&rsquo;olive de cat\u00e9gorie sup\u00e9rieure obtenue directement des olives et uniquement par des proc\u00e9d\u00e9s m\u00e9caniques<br \/>\n100 % PRODUIT EN ITALIE<br \/>\n<b>Couleur: <\/b>vert avec des reflets dor\u00e9s<br \/>\n<b>Ar\u00f4me: <\/b>fruit\u00e9 vert avec des notes de feuille et d&rsquo;artichaut<br \/>\n<b>Go\u00fbt: <\/b>moyennement fruit\u00e9 avec des notes am\u00e8res et \u00e9pic\u00e9es, arri\u00e8re-go\u00fbt d&rsquo;amande verte, d&rsquo;artichaut et de feuille d&rsquo;olivier<br \/>\n<b>Format:<\/b> 500 ml, bouteille en verre fonc\u00e9 de 750 ml, anti-jointoiement<br \/>\n<b>Suggestions de service:<\/b> De pr\u00e9f\u00e9rence il est bien de l&rsquo;utiliser cru, excellente avec des hors-d&rsquo;\u0153uvre de fruits de mer, des salades compos\u00e9es, des steak tartares, du \u201ccarpaccio\u201d de poisson, du b\u0153uf tranch\u00e9, des fromages frais et des desserts au levain.<br \/>\n<b>Conservation:<\/b> Conserver dans un endroit frais et sec, \u00e0 l\u2019abri des sources de chaleur.<\/p>\n<p><b>D\u00c9CLARATION NUTRITIONNELLE VALEURS MOYENNES POUR 100g DE PRODUIT :<\/b><\/p>\n<table>\n<tbody>\n<tr>\n<td>\u00e9nergie<\/td>\n<td>3762 Kj \u2013 899 Kcal<\/td>\n<\/tr>\n<tr>\n<td>mati\u00e8res grasses<\/td>\n<td>99,9 g (dont acides gras satur\u00e9s 14,5 g)<\/td>\n<\/tr>\n<tr>\n<td>glucides<\/td>\n<td>0 g (dont sucres 0 g)<\/td>\n<\/tr>\n<tr>\n<td>prot\u00e9ines<\/td>\n<td>0 g<\/td>\n<\/tr>\n<tr>\n<td>sel<\/td>\n<td>0 g<\/td>\n<\/tr>\n<\/tbody>\n<\/table><\/div>\n","protected":false},"excerpt":{"rendered":"<p>Huile d&rsquo;olive extra vierge dans une bouteille en verre sombre.<strong> En ajoutant des Bo\u00eetes en plus dans votre chariot vous avez droit \u00e0 une <span style=\"color: red;\">d\u00e9duction du 3%<\/span><\/strong>.<\/p>\n","protected":false},"featured_media":4277,"comment_status":"open","ping_status":"closed","template":"","meta":[],"product_brand":[],"product_cat":[200],"product_tag":[170],"class_list":{"0":"post-3743","1":"product","2":"type-product","3":"status-publish","4":"has-post-thumbnail","6":"product_cat-huile-olive-extra-viergea","7":"product_tag-riserva-taggiasca-fr","9":"first","10":"instock","11":"sale","12":"shipping-taxable","13":"purchasable","14":"product-type-simple"},"_links":{"self":[{"href":"https:\/\/www.frantoiosanmartino.com\/fr\/wp-json\/wp\/v2\/product\/3743","targetHints":{"allow":["GET"]}}],"collection":[{"href":"https:\/\/www.frantoiosanmartino.com\/fr\/wp-json\/wp\/v2\/product"}],"about":[{"href":"https:\/\/www.frantoiosanmartino.com\/fr\/wp-json\/wp\/v2\/types\/product"}],"replies":[{"embeddable":true,"href":"https:\/\/www.frantoiosanmartino.com\/fr\/wp-json\/wp\/v2\/comments?post=3743"}],"wp:featuredmedia":[{"embeddable":true,"href":"https:\/\/www.frantoiosanmartino.com\/fr\/wp-json\/wp\/v2\/media\/4277"}],"wp:attachment":[{"href":"https:\/\/www.frantoiosanmartino.com\/fr\/wp-json\/wp\/v2\/media?parent=3743"}],"wp:term":[{"taxonomy":"product_brand","embeddable":true,"href":"https:\/\/www.frantoiosanmartino.com\/fr\/wp-json\/wp\/v2\/product_brand?post=3743"},{"taxonomy":"product_cat","embeddable":true,"href":"https:\/\/www.frantoiosanmartino.com\/fr\/wp-json\/wp\/v2\/product_cat?post=3743"},{"taxonomy":"product_tag","embeddable":true,"href":"https:\/\/www.frantoiosanmartino.com\/fr\/wp-json\/wp\/v2\/product_tag?post=3743"}],"curies":[{"name":"wp","href":"https:\/\/api.w.org\/{rel}","templated":true}]}}