{"id":3739,"date":"2018-05-03T09:28:32","date_gmt":"2018-05-03T09:28:32","guid":{"rendered":"https:\/\/frantoiosanmartino.com\/non%20class\u00e9\/vente-dop-riviera-ligure\/"},"modified":"2024-11-20T12:16:27","modified_gmt":"2024-11-20T11:16:27","slug":"vente-dop-riviera-ligure","status":"publish","type":"product","link":"https:\/\/www.frantoiosanmartino.com\/fr\/huile-olive-extra-viergea\/vente-dop-riviera-ligure\/","title":{"rendered":"Huile d&rsquo;olive extra vierge D.O.P. Riviera ligure 500ml &#8211; Bo\u00eete 6 Bouteilles"},"content":{"rendered":"<p>L\u2019<b>huile d&rsquo;olive extra vierge D.O.P. Riviera Ligure &#8211; Riviera dei Fiori de Frantoio en vente<\/b> sur le site de Frantoio San Martino est une huile d\u2019olive Monocultivar Taggiasca d\u2019excellente qualit\u00e9: connue dans le monde entier pour ses qualit\u00e9s organoleptiques uniques et pr\u00e9cieuses, elle est si pris\u00e9e qu&rsquo;elle est prot\u00e9g\u00e9e d&rsquo;une Association sp\u00e9cial pour la protection de l&rsquo;huile d&rsquo;olive extra vierge DOP Riviera ligure.<\/p>\n<p>Dans chaque bouteille de notre D.O.P. La Riviera Ligure <b>rvous trouvez toutes les vertus incroyables d\u2019un condiment d\u00e9licat et naturellement recherch\u00e9, avec la r\u00e9cup\u00e9ration de la production ligure traditionnelle<\/b>, avec gaulage manuel et broyage \u00e0 froid avec des meules en granit dans les 24 heures suivant le recueil. Frantoio San Martino est situ\u00e9 \u00e0 Dolcedo, dans les vall\u00e9es d\u2019Imperia, qui sont connues pour la production de l\u2019huile d\u2019olive extra vierge Taggiasca, et pour cette raison <b>vous trouverez en vente sur notre site l&rsquo;originale huile d\u2019olive extra vierge de Ligurie<\/b>.<\/p>\n<div class=\"prod-loghi\"><img decoding=\"async\" class=\"alignnone size-full wp-image-1516\" src=\"https:\/\/frantoiosanmartino.com\/wp-content\/uploads\/2018\/09\/logo-dop.png\" alt=\"\" width=\"100\" height=\"100\" srcset=\"https:\/\/www.frantoiosanmartino.com\/wp-content\/uploads\/2018\/09\/logo-dop.png 100w, https:\/\/www.frantoiosanmartino.com\/wp-content\/uploads\/2018\/09\/logo-dop-64x64.png 64w\" sizes=\"(max-width: 100px) 100vw, 100px\" \/><img decoding=\"async\" class=\"alignnone size-full wp-image-1521\" src=\"https:\/\/frantoiosanmartino.com\/wp-content\/uploads\/2018\/09\/logo-taggiasca-b.png\" alt=\"\" width=\"150\" height=\"50\" srcset=\"https:\/\/www.frantoiosanmartino.com\/wp-content\/uploads\/2018\/09\/logo-taggiasca-b.png 150w, https:\/\/www.frantoiosanmartino.com\/wp-content\/uploads\/2018\/09\/logo-taggiasca-b-64x21.png 64w\" sizes=\"(max-width: 150px) 100vw, 150px\" \/><\/div>\n<div class=\"caratteristiche\">\n<p class=\"tit_cara\">CARACT\u00c9RISTIQUES<\/p>\n<p><b>Type de produit:<\/b> Huile d&rsquo;olive de cat\u00e9gorie sup\u00e9rieure obtenue directement des olives et uniquement par des proc\u00e9d\u00e9s m\u00e9caniques<br \/>\n100 % PRODUIT EN ITALIE<br \/>\n<b>Couleur:<\/b> du jaune au jaune \/ vert<br \/>\n<b>Ar\u00f4me:<\/b> l\u00e9ger fruit\u00e9 avec des sensations d&rsquo;amande et d&rsquo;artichaut<br \/>\n<b>Go\u00fbt:<\/b> doux avec des notes d&rsquo;amande douce et de pignons de pin, arri\u00e8re-go\u00fbt l\u00e9g\u00e8rement \u00e9pic\u00e9<br \/>\n<b>Format:<\/b> bouteille en verre fonc\u00e9 de 500 ml<br \/>\n<b>Conseils d&rsquo;utilisation:<\/b> elle est indiqu\u00e9e crue sur les l\u00e9gumes, les hors-d&rsquo;\u0153uvres, les ap\u00e9ritifs et la \u201cbruschetta\u201d. Il s&rsquo;accorde parfaitement avec le poisson bouilli, le \u201crisotto\u201d au s\u00e9pia et tous les plats de la cuisine ligure traditionnelle.<br \/>\n<b>Conservation:<\/b> Conserver dans un endroit frais et sec, \u00e0 l\u2019abri des sources de chaleur.<\/p>\n<p><b>D\u00c9CLARATION NUTRITIONNELLE VALEURS MOYENNES POUR 100g DE PRODUIT :<\/b><\/p>\n<table>\n<tbody>\n<tr>\n<td>\u00e9nergie<\/td>\n<td>3762 Kj \u2013 899 Kcal<\/td>\n<\/tr>\n<tr>\n<td>mati\u00e8res grasses<\/td>\n<td>99,9 g (dont acides gras satur\u00e9s 14,5 g)<\/td>\n<\/tr>\n<tr>\n<td>glucides<\/td>\n<td>0 g (dont sucres 0 g)<\/td>\n<\/tr>\n<tr>\n<td>prot\u00e9ines<\/td>\n<td>0 g<\/td>\n<\/tr>\n<tr>\n<td>sel<\/td>\n<td>0 g<\/td>\n<\/tr>\n<\/tbody>\n<\/table><\/div>\n","protected":false},"excerpt":{"rendered":"<p>Huile d&rsquo;olive extra vierge D.O.P. Riviera ligure &#8211; Riviera dei Fiori, Taggiasca Monocultivar.<strong> En ajoutant des Bo\u00eetes en plus dans votre chariot vous avez droit \u00e0 une <span style=\"color: red;\">d\u00e9duction du 3%<\/span><\/strong>.<\/p>\n","protected":false},"featured_media":2842,"comment_status":"open","ping_status":"closed","template":"","meta":[],"product_brand":[],"product_cat":[200],"product_tag":[],"class_list":{"0":"post-3739","1":"product","2":"type-product","3":"status-publish","4":"has-post-thumbnail","6":"product_cat-huile-olive-extra-viergea","8":"first","9":"instock","10":"sale","11":"shipping-taxable","12":"purchasable","13":"product-type-simple"},"_links":{"self":[{"href":"https:\/\/www.frantoiosanmartino.com\/fr\/wp-json\/wp\/v2\/product\/3739","targetHints":{"allow":["GET"]}}],"collection":[{"href":"https:\/\/www.frantoiosanmartino.com\/fr\/wp-json\/wp\/v2\/product"}],"about":[{"href":"https:\/\/www.frantoiosanmartino.com\/fr\/wp-json\/wp\/v2\/types\/product"}],"replies":[{"embeddable":true,"href":"https:\/\/www.frantoiosanmartino.com\/fr\/wp-json\/wp\/v2\/comments?post=3739"}],"wp:featuredmedia":[{"embeddable":true,"href":"https:\/\/www.frantoiosanmartino.com\/fr\/wp-json\/wp\/v2\/media\/2842"}],"wp:attachment":[{"href":"https:\/\/www.frantoiosanmartino.com\/fr\/wp-json\/wp\/v2\/media?parent=3739"}],"wp:term":[{"taxonomy":"product_brand","embeddable":true,"href":"https:\/\/www.frantoiosanmartino.com\/fr\/wp-json\/wp\/v2\/product_brand?post=3739"},{"taxonomy":"product_cat","embeddable":true,"href":"https:\/\/www.frantoiosanmartino.com\/fr\/wp-json\/wp\/v2\/product_cat?post=3739"},{"taxonomy":"product_tag","embeddable":true,"href":"https:\/\/www.frantoiosanmartino.com\/fr\/wp-json\/wp\/v2\/product_tag?post=3739"}],"curies":[{"name":"wp","href":"https:\/\/api.w.org\/{rel}","templated":true}]}}