{"id":6907,"date":"2023-10-27T10:36:33","date_gmt":"2023-10-27T09:36:33","guid":{"rendered":"https:\/\/frantoiosanmartino.com\/vigneti\/"},"modified":"2024-04-16T09:09:42","modified_gmt":"2024-04-16T08:09:42","slug":"vignobles","status":"publish","type":"page","link":"https:\/\/www.frantoiosanmartino.com\/fr\/vignobles\/","title":{"rendered":"Vignobles"},"content":{"rendered":"\t\t<div data-elementor-type=\"wp-page\" data-elementor-id=\"6907\" class=\"elementor elementor-6907 elementor-6207\" data-elementor-post-type=\"page\">\n\t\t\t\t<div class=\"elementor-element elementor-element-709352d e-con-full e-flex e-con e-parent\" data-id=\"709352d\" data-element_type=\"container\" data-e-type=\"container\" data-settings=\"{&quot;background_background&quot;:&quot;classic&quot;}\">\n\t\t\t\t<div class=\"elementor-element elementor-element-41b5012 elementor-widget elementor-widget-spacer\" data-id=\"41b5012\" data-element_type=\"widget\" data-e-type=\"widget\" data-widget_type=\"spacer.default\">\n\t\t\t\t<div class=\"elementor-widget-container\">\n\t\t\t\t\t\t\t<div class=\"elementor-spacer\">\n\t\t\t<div class=\"elementor-spacer-inner\"><\/div>\n\t\t<\/div>\n\t\t\t\t\t\t<\/div>\n\t\t\t\t<\/div>\n\t\t\t\t<\/div>\n\t\t<div class=\"elementor-element elementor-element-4be7cf7 e-flex e-con-boxed e-con e-parent\" data-id=\"4be7cf7\" data-element_type=\"container\" data-e-type=\"container\">\n\t\t\t\t\t<div class=\"e-con-inner\">\n\t\t\t\t<div class=\"elementor-element elementor-element-3e77158 elementor-widget__width-initial elementor-widget elementor-widget-heading\" data-id=\"3e77158\" data-element_type=\"widget\" data-e-type=\"widget\" data-widget_type=\"heading.default\">\n\t\t\t\t<div class=\"elementor-widget-container\">\n\t\t\t\t\t<h1 class=\"elementor-heading-title elementor-size-default\">Notre vignoble en Dolcedo: production et vente de vin<\/h1>\t\t\t\t<\/div>\n\t\t\t\t<\/div>\n\t\t\t\t<div class=\"elementor-element elementor-element-e7bd9d2 elementor-widget-divider--view-line elementor-widget elementor-widget-divider\" data-id=\"e7bd9d2\" data-element_type=\"widget\" data-e-type=\"widget\" data-widget_type=\"divider.default\">\n\t\t\t\t<div class=\"elementor-widget-container\">\n\t\t\t\t\t\t\t<div class=\"elementor-divider\">\n\t\t\t<span class=\"elementor-divider-separator\">\n\t\t\t\t\t\t<\/span>\n\t\t<\/div>\n\t\t\t\t\t\t<\/div>\n\t\t\t\t<\/div>\n\t\t\t\t\t<\/div>\n\t\t\t\t<\/div>\n\t\t<div class=\"elementor-element elementor-element-232b281 e-flex e-con-boxed e-con e-parent\" data-id=\"232b281\" data-element_type=\"container\" data-e-type=\"container\">\n\t\t\t\t\t<div class=\"e-con-inner\">\n\t\t<div class=\"elementor-element elementor-element-df074a6 e-con-full e-flex e-con e-child\" data-id=\"df074a6\" data-element_type=\"container\" data-e-type=\"container\">\n\t\t\t\t<div class=\"elementor-element elementor-element-fdbbd40 elementor-widget elementor-widget-text-editor\" data-id=\"fdbbd40\" data-element_type=\"widget\" data-e-type=\"widget\" data-widget_type=\"text-editor.default\">\n\t\t\t\t<div class=\"elementor-widget-container\">\n\t\t\t\t\t\t\t\t\t<p>L&rsquo;histoire de la viticulture en Ligurie est vieille de plusieurs milliers d&rsquo;ann\u00e9es. Les premi\u00e8res traces de <strong>viticulture en Ligurie<\/strong> remontent au 1er si\u00e8cle avant JC, d&rsquo;origine grecque probable. Les vignobles ligures ont leurs racines dans l&rsquo;Antiquit\u00e9, o\u00f9 <strong>l&rsquo;art de cultiver la vigne<\/strong> a \u00e9volu\u00e9 au fil des si\u00e8cles et est rest\u00e9 la culture pr\u00e9dominante jusqu&rsquo;en 1500.<\/p><p>Les terrasses sur les collines, les murs en pierres s\u00e8ches et les sols calcaires caract\u00e9risent le vignoble. Malgr\u00e9 les d\u00e9fis g\u00e9ographiques, la <strong>passion des vignerons a produit des vins uniques<\/strong>, c\u00e9l\u00e9brant l&rsquo;histoire et la richesse du territoire \u00e0 chaque gorg\u00e9e.<\/p><p>Comme autrefois, en Ligurie, la culture et la <strong>r\u00e9colte des olives en hiver \u00e9taient altern\u00e9es et compl\u00e9mentaires \u00e0 celles de la vigne en \u00e9t\u00e9<\/strong>. Chez Frantoio San Martino, dans le respect de la tradition, nous avons \u00e9galement voulu poursuivre cette philosophie.<\/p>\t\t\t\t\t\t\t\t<\/div>\n\t\t\t\t<\/div>\n\t\t\t\t<\/div>\n\t\t<div class=\"elementor-element elementor-element-6270ec8 e-con-full e-flex e-con e-child\" data-id=\"6270ec8\" data-element_type=\"container\" data-e-type=\"container\">\n\t\t\t\t<div class=\"elementor-element elementor-element-f0e59ed elementor-widget elementor-widget-text-editor\" data-id=\"f0e59ed\" data-element_type=\"widget\" data-e-type=\"widget\" data-widget_type=\"text-editor.default\">\n\t\t\t\t<div class=\"elementor-widget-container\">\n\t\t\t\t\t\t\t\t\t<p>La <strong>passion et la gestion familiale<\/strong> se refl\u00e8tent dans nos vins ligures fins et authentiques en vente en ligne. Les fruits naissent et poussent <strong>sur les collines derri\u00e8re Imperia<\/strong>, dans le village de Dolcedo, \u00e0 l&rsquo;int\u00e9rieur de l&rsquo;arri\u00e8re-pays, o\u00f9 se trouve notre moulin \u00e0 huile San Martino, o\u00f9 <a href=\"https:\/\/www.frantoiosanmartino.com\/fr\/vins\/\">nous produisons et vendons du vin<\/a>.<\/p><p>En effet, <strong>nous vinifions des raisins provenant exclusivement de nos propres vignobles<\/strong>, avec diff\u00e9rentes expositions et \u00e0 des altitudes allant de quelques dizaines jusqu&rsquo;\u00e0 300-400 m\u00e8tres d&rsquo;altitude, nous permettant ainsi de pouvoir d\u00e9crire les diff\u00e9rentes caract\u00e9ristiques de nos lieux avec notre vins.<\/p><p>Une terre rude et peu fertile, parsem\u00e9e de kilom\u00e8tres de murs en pierres s\u00e8ches, mais pr\u00e9cis\u00e9ment pour cette raison propice <strong>\u00e0 la production d&rsquo;excellents vins blancs et rouges<\/strong>. Nos vignes indig\u00e8nes sont \u00e0 l&rsquo;origine des trois qualit\u00e9s de vins typiques de la Ligurie disponibles dans notre boutique:<\/p><ul><li>Pigato Doc Riviera Ligure di Ponente<\/li><li>Vermentino Doc Riviera Ligure di Ponente<\/li><li>Rossese Doc Riviera Ligure di Ponente<\/li><\/ul>\t\t\t\t\t\t\t\t<\/div>\n\t\t\t\t<\/div>\n\t\t\t\t<\/div>\n\t\t\t\t\t<\/div>\n\t\t\t\t<\/div>\n\t\t<div class=\"elementor-element elementor-element-6b812c9 e-flex e-con-boxed e-con e-parent\" data-id=\"6b812c9\" data-element_type=\"container\" data-e-type=\"container\">\n\t\t\t\t\t<div class=\"e-con-inner\">\n\t\t<div class=\"elementor-element elementor-element-6a7bb1a e-con-full e-flex e-con e-child\" data-id=\"6a7bb1a\" data-element_type=\"container\" data-e-type=\"container\">\n\t\t\t\t<div class=\"elementor-element elementor-element-db85fdb elementor-widget elementor-widget-image\" data-id=\"db85fdb\" data-element_type=\"widget\" data-e-type=\"widget\" data-widget_type=\"image.default\">\n\t\t\t\t<div class=\"elementor-widget-container\">\n\t\t\t\t\t\t\t\t\t\t\t\t\t\t\t<img fetchpriority=\"high\" decoding=\"async\" width=\"533\" height=\"533\" src=\"https:\/\/www.frantoiosanmartino.com\/wp-content\/uploads\/2023\/10\/vigneti-vista-mare.jpg\" class=\"attachment-1536x1536 size-1536x1536 wp-image-6244\" alt=\"\" srcset=\"https:\/\/www.frantoiosanmartino.com\/wp-content\/uploads\/2023\/10\/vigneti-vista-mare.jpg 533w, https:\/\/www.frantoiosanmartino.com\/wp-content\/uploads\/2023\/10\/vigneti-vista-mare-300x300.jpg 300w, https:\/\/www.frantoiosanmartino.com\/wp-content\/uploads\/2023\/10\/vigneti-vista-mare-150x150.jpg 150w, https:\/\/www.frantoiosanmartino.com\/wp-content\/uploads\/2023\/10\/vigneti-vista-mare-400x400.jpg 400w, https:\/\/www.frantoiosanmartino.com\/wp-content\/uploads\/2023\/10\/vigneti-vista-mare-510x510.jpg 510w, https:\/\/www.frantoiosanmartino.com\/wp-content\/uploads\/2023\/10\/vigneti-vista-mare-100x100.jpg 100w, https:\/\/www.frantoiosanmartino.com\/wp-content\/uploads\/2023\/10\/vigneti-vista-mare-64x64.jpg 64w\" sizes=\"(max-width: 533px) 100vw, 533px\" \/>\t\t\t\t\t\t\t\t\t\t\t\t\t\t\t<\/div>\n\t\t\t\t<\/div>\n\t\t\t\t<\/div>\n\t\t<div class=\"elementor-element elementor-element-dfe574d e-con-full e-flex e-con e-child\" data-id=\"dfe574d\" data-element_type=\"container\" data-e-type=\"container\">\n\t\t\t\t<div class=\"elementor-element elementor-element-26d33e4 elementor-widget elementor-widget-image\" data-id=\"26d33e4\" data-element_type=\"widget\" data-e-type=\"widget\" data-widget_type=\"image.default\">\n\t\t\t\t<div class=\"elementor-widget-container\">\n\t\t\t\t\t\t\t\t\t\t\t\t\t\t\t<img decoding=\"async\" width=\"533\" height=\"533\" src=\"https:\/\/www.frantoiosanmartino.com\/wp-content\/uploads\/2023\/10\/uva-vigneti-dolcedo.jpg\" class=\"attachment-1536x1536 size-1536x1536 wp-image-6240\" alt=\"\" srcset=\"https:\/\/www.frantoiosanmartino.com\/wp-content\/uploads\/2023\/10\/uva-vigneti-dolcedo.jpg 533w, https:\/\/www.frantoiosanmartino.com\/wp-content\/uploads\/2023\/10\/uva-vigneti-dolcedo-300x300.jpg 300w, https:\/\/www.frantoiosanmartino.com\/wp-content\/uploads\/2023\/10\/uva-vigneti-dolcedo-150x150.jpg 150w, https:\/\/www.frantoiosanmartino.com\/wp-content\/uploads\/2023\/10\/uva-vigneti-dolcedo-400x400.jpg 400w, https:\/\/www.frantoiosanmartino.com\/wp-content\/uploads\/2023\/10\/uva-vigneti-dolcedo-510x510.jpg 510w, https:\/\/www.frantoiosanmartino.com\/wp-content\/uploads\/2023\/10\/uva-vigneti-dolcedo-100x100.jpg 100w, https:\/\/www.frantoiosanmartino.com\/wp-content\/uploads\/2023\/10\/uva-vigneti-dolcedo-64x64.jpg 64w\" sizes=\"(max-width: 533px) 100vw, 533px\" \/>\t\t\t\t\t\t\t\t\t\t\t\t\t\t\t<\/div>\n\t\t\t\t<\/div>\n\t\t\t\t<\/div>\n\t\t<div class=\"elementor-element elementor-element-f704461 e-con-full elementor-hidden-mobile e-flex e-con e-child\" data-id=\"f704461\" data-element_type=\"container\" data-e-type=\"container\">\n\t\t\t\t<div class=\"elementor-element elementor-element-802b3ea elementor-widget elementor-widget-image\" data-id=\"802b3ea\" data-element_type=\"widget\" data-e-type=\"widget\" data-widget_type=\"image.default\">\n\t\t\t\t<div class=\"elementor-widget-container\">\n\t\t\t\t\t\t\t\t\t\t\t\t\t\t\t<img decoding=\"async\" width=\"400\" height=\"800\" src=\"https:\/\/www.frantoiosanmartino.com\/wp-content\/uploads\/2023\/10\/vigneti-dolcedo.jpg\" class=\"attachment-2048x2048 size-2048x2048 wp-image-6236\" alt=\"\" srcset=\"https:\/\/www.frantoiosanmartino.com\/wp-content\/uploads\/2023\/10\/vigneti-dolcedo.jpg 400w, https:\/\/www.frantoiosanmartino.com\/wp-content\/uploads\/2023\/10\/vigneti-dolcedo-150x300.jpg 150w, https:\/\/www.frantoiosanmartino.com\/wp-content\/uploads\/2023\/10\/vigneti-dolcedo-64x128.jpg 64w\" sizes=\"(max-width: 400px) 100vw, 400px\" \/>\t\t\t\t\t\t\t\t\t\t\t\t\t\t\t<\/div>\n\t\t\t\t<\/div>\n\t\t\t\t<\/div>\n\t\t\t\t\t<\/div>\n\t\t\t\t<\/div>\n\t\t<div class=\"elementor-element elementor-element-ca6c769 e-flex e-con-boxed e-con e-parent\" data-id=\"ca6c769\" data-element_type=\"container\" data-e-type=\"container\" data-settings=\"{&quot;background_background&quot;:&quot;classic&quot;}\">\n\t\t\t\t\t<div class=\"e-con-inner\">\n\t\t<div class=\"elementor-element elementor-element-5eaf7d2 e-con-full e-flex e-con e-child\" data-id=\"5eaf7d2\" data-element_type=\"container\" data-e-type=\"container\">\n\t\t\t\t<div class=\"elementor-element elementor-element-8c6c7a3 elementor-widget__width-initial elementor-widget elementor-widget-heading\" data-id=\"8c6c7a3\" data-element_type=\"widget\" data-e-type=\"widget\" data-widget_type=\"heading.default\">\n\t\t\t\t<div class=\"elementor-widget-container\">\n\t\t\t\t\t<h2 class=\"elementor-heading-title elementor-size-default\">D\u00e9gustation de vins Imperia<\/h2>\t\t\t\t<\/div>\n\t\t\t\t<\/div>\n\t\t\t\t<div class=\"elementor-element elementor-element-c4b31a2 elementor-widget-divider--view-line elementor-widget elementor-widget-divider\" data-id=\"c4b31a2\" data-element_type=\"widget\" data-e-type=\"widget\" data-widget_type=\"divider.default\">\n\t\t\t\t<div class=\"elementor-widget-container\">\n\t\t\t\t\t\t\t<div class=\"elementor-divider\">\n\t\t\t<span class=\"elementor-divider-separator\">\n\t\t\t\t\t\t<\/span>\n\t\t<\/div>\n\t\t\t\t\t\t<\/div>\n\t\t\t\t<\/div>\n\t\t\t\t<div class=\"elementor-element elementor-element-6983784 elementor-widget elementor-widget-text-editor\" data-id=\"6983784\" data-element_type=\"widget\" data-e-type=\"widget\" data-widget_type=\"text-editor.default\">\n\t\t\t\t<div class=\"elementor-widget-container\">\n\t\t\t\t\t\t\t\t\t<p>Pour offrir une exp\u00e9rience immersive qui puisse vous faire d\u00e9couvrir l&rsquo;authenticit\u00e9 de notre territoire vous pouvez venir nous rendre visite et <strong>d\u00e9guster tous nos vins directement<\/strong> dans notre moulin San Martino en Dolcedo (IM).<\/p><p>En fait, si vous recherchez des <strong>d\u00e9gustations de vins en Ligurie et que vous \u00eates dans la zone ouest<\/strong>, vous pouvez facilement nous rejoindre pour une d\u00e9gustation de vins typiques et vous arr\u00eater pour passer la nuit <a href=\"https:\/\/www.frantoiosanmartino.com\/fr\/agritourisme\/\">dans notre ferme<\/a> pour profiter d&rsquo;une semaine de nature et de d\u00e9tente.<\/p><p>Si vous souhaitez vivre l&rsquo;\u00e9motion de la <strong>d\u00e9couverte des 4 saisons<\/strong> \u00e0 travers une exp\u00e9rience unique racont\u00e9e \u00e0 travers le vin, <strong>r\u00e9servez une d\u00e9gustation de vins \u00e0 imperia.<\/strong><\/p>\t\t\t\t\t\t\t\t<\/div>\n\t\t\t\t<\/div>\n\t\t\t\t<div class=\"elementor-element elementor-element-52ce32d elementor-align-left elementor-widget elementor-widget-button\" data-id=\"52ce32d\" data-element_type=\"widget\" data-e-type=\"widget\" data-widget_type=\"button.default\">\n\t\t\t\t<div class=\"elementor-widget-container\">\n\t\t\t\t\t\t\t\t\t<div class=\"elementor-button-wrapper\">\n\t\t\t\t\t<a class=\"elementor-button elementor-button-link elementor-size-md\" href=\"mailto:info@frantoiosanmartino.com\">\n\t\t\t\t\t\t<span class=\"elementor-button-content-wrapper\">\n\t\t\t\t\t\t\t\t\t<span class=\"elementor-button-text\">Livre la d\u00e9gustation<\/span>\n\t\t\t\t\t<\/span>\n\t\t\t\t\t<\/a>\n\t\t\t\t<\/div>\n\t\t\t\t\t\t\t\t<\/div>\n\t\t\t\t<\/div>\n\t\t\t\t<\/div>\n\t\t<div class=\"elementor-element elementor-element-1abc584 e-con-full elementor-hidden-mobile e-flex e-con e-child\" data-id=\"1abc584\" data-element_type=\"container\" data-e-type=\"container\">\n\t\t\t\t<\/div>\n\t\t\t\t\t<\/div>\n\t\t\t\t<\/div>\n\t\t\t\t<\/div>\n\t\t","protected":false},"excerpt":{"rendered":"<p>Notre vignoble en Dolcedo: production et vente de vin L&rsquo;histoire de la viticulture en Ligurie est vieille de plusieurs milliers d&rsquo;ann\u00e9es. Les premi\u00e8res traces de viticulture en Ligurie remontent au 1er si\u00e8cle avant JC, d&rsquo;origine grecque probable. Les vignobles ligures ont leurs racines dans l&rsquo;Antiquit\u00e9, o\u00f9 l&rsquo;art de cultiver la vigne a \u00e9volu\u00e9 au fil [&hellip;]<\/p>\n","protected":false},"author":1,"featured_media":0,"parent":0,"menu_order":0,"comment_status":"closed","ping_status":"closed","template":"","meta":{"footnotes":""},"class_list":["post-6907","page","type-page","status-publish","hentry"],"_links":{"self":[{"href":"https:\/\/www.frantoiosanmartino.com\/fr\/wp-json\/wp\/v2\/pages\/6907","targetHints":{"allow":["GET"]}}],"collection":[{"href":"https:\/\/www.frantoiosanmartino.com\/fr\/wp-json\/wp\/v2\/pages"}],"about":[{"href":"https:\/\/www.frantoiosanmartino.com\/fr\/wp-json\/wp\/v2\/types\/page"}],"author":[{"embeddable":true,"href":"https:\/\/www.frantoiosanmartino.com\/fr\/wp-json\/wp\/v2\/users\/1"}],"replies":[{"embeddable":true,"href":"https:\/\/www.frantoiosanmartino.com\/fr\/wp-json\/wp\/v2\/comments?post=6907"}],"version-history":[{"count":20,"href":"https:\/\/www.frantoiosanmartino.com\/fr\/wp-json\/wp\/v2\/pages\/6907\/revisions"}],"predecessor-version":[{"id":7459,"href":"https:\/\/www.frantoiosanmartino.com\/fr\/wp-json\/wp\/v2\/pages\/6907\/revisions\/7459"}],"wp:attachment":[{"href":"https:\/\/www.frantoiosanmartino.com\/fr\/wp-json\/wp\/v2\/media?parent=6907"}],"curies":[{"name":"wp","href":"https:\/\/api.w.org\/{rel}","templated":true}]}}