{"id":3726,"date":"2018-11-19T16:54:57","date_gmt":"2018-11-19T16:54:57","guid":{"rendered":"https:\/\/frantoiosanmartino.com\/contacts\/"},"modified":"2024-02-01T09:35:48","modified_gmt":"2024-02-01T08:35:48","slug":"contacts","status":"publish","type":"page","link":"https:\/\/www.frantoiosanmartino.com\/fr\/contacts\/","title":{"rendered":"CONTACTS"},"content":{"rendered":"\t\t<div data-elementor-type=\"wp-page\" data-elementor-id=\"3726\" class=\"elementor elementor-3726 elementor-806\" data-elementor-post-type=\"page\">\n\t\t\t\t<div class=\"elementor-element elementor-element-79caa52 e-flex e-con-boxed e-con e-parent\" data-id=\"79caa52\" data-element_type=\"container\" data-e-type=\"container\" data-settings=\"{&quot;background_background&quot;:&quot;classic&quot;}\">\n\t\t\t\t\t<div class=\"e-con-inner\">\n\t\t<div class=\"elementor-element elementor-element-4f2f91b e-con-full e-flex e-con e-child\" data-id=\"4f2f91b\" data-element_type=\"container\" data-e-type=\"container\" data-settings=\"{&quot;background_background&quot;:&quot;classic&quot;}\">\n\t\t\t\t<div class=\"elementor-element elementor-element-20a3ec0 elementor-widget__width-initial elementor-widget elementor-widget-heading\" data-id=\"20a3ec0\" data-element_type=\"widget\" data-e-type=\"widget\" data-widget_type=\"heading.default\">\n\t\t\t\t<div class=\"elementor-widget-container\">\n\t\t\t\t\t<h2 class=\"elementor-heading-title elementor-size-default\">Contactez-nous aux adresses suivants:\n\n<\/h2>\t\t\t\t<\/div>\n\t\t\t\t<\/div>\n\t\t\t\t<div class=\"elementor-element elementor-element-b4b92cf elementor-icon-list--layout-traditional elementor-list-item-link-full_width elementor-widget elementor-widget-icon-list\" data-id=\"b4b92cf\" data-element_type=\"widget\" data-e-type=\"widget\" data-widget_type=\"icon-list.default\">\n\t\t\t\t<div class=\"elementor-widget-container\">\n\t\t\t\t\t\t\t<ul class=\"elementor-icon-list-items\">\n\t\t\t\t\t\t\t<li class=\"elementor-icon-list-item\">\n\t\t\t\t\t\t\t\t\t\t\t<span class=\"elementor-icon-list-icon\">\n\t\t\t\t\t\t\t<i aria-hidden=\"true\" class=\"fas fa-map-marker-alt\"><\/i>\t\t\t\t\t\t<\/span>\n\t\t\t\t\t\t\t\t\t\t<span class=\"elementor-icon-list-text\">Via San Martino 8, 18020 DOLCEDO (IM)<\/span>\n\t\t\t\t\t\t\t\t\t<\/li>\n\t\t\t\t\t\t\t\t<li class=\"elementor-icon-list-item\">\n\t\t\t\t\t\t\t\t\t\t\t<a href=\"tel:\/\/+390183280041\">\n\n\t\t\t\t\t\t\t\t\t\t\t\t<span class=\"elementor-icon-list-icon\">\n\t\t\t\t\t\t\t<i aria-hidden=\"true\" class=\"fas fa-phone-alt\"><\/i>\t\t\t\t\t\t<\/span>\n\t\t\t\t\t\t\t\t\t\t<span class=\"elementor-icon-list-text\">(+39) 0183.280041<\/span>\n\t\t\t\t\t\t\t\t\t\t\t<\/a>\n\t\t\t\t\t\t\t\t\t<\/li>\n\t\t\t\t\t\t\t\t<li class=\"elementor-icon-list-item\">\n\t\t\t\t\t\t\t\t\t\t\t<a href=\"mailto:info@frantoiosanmartino.com\">\n\n\t\t\t\t\t\t\t\t\t\t\t\t<span class=\"elementor-icon-list-icon\">\n\t\t\t\t\t\t\t<i aria-hidden=\"true\" class=\"fas fa-envelope\"><\/i>\t\t\t\t\t\t<\/span>\n\t\t\t\t\t\t\t\t\t\t<span class=\"elementor-icon-list-text\">info@frantoiosanmartino.com<\/span>\n\t\t\t\t\t\t\t\t\t\t\t<\/a>\n\t\t\t\t\t\t\t\t\t<\/li>\n\t\t\t\t\t\t<\/ul>\n\t\t\t\t\t\t<\/div>\n\t\t\t\t<\/div>\n\t\t\t\t<div class=\"elementor-element elementor-element-936f34d elementor-shape-circle elementor-grid-0 e-grid-align-center elementor-widget elementor-widget-social-icons\" data-id=\"936f34d\" data-element_type=\"widget\" data-e-type=\"widget\" data-widget_type=\"social-icons.default\">\n\t\t\t\t<div class=\"elementor-widget-container\">\n\t\t\t\t\t\t\t<div class=\"elementor-social-icons-wrapper elementor-grid\">\n\t\t\t\t\t\t\t<span class=\"elementor-grid-item\">\n\t\t\t\t\t<a class=\"elementor-icon elementor-social-icon elementor-social-icon-facebook elementor-repeater-item-beab124\" href=\"https:\/\/www.facebook.com\/FrantoioSanMartino\/?locale=it_IT\" target=\"_blank\" rel=\"noopener\">\n\t\t\t\t\t\t<span class=\"elementor-screen-only\">Facebook<\/span>\n\t\t\t\t\t\t<i aria-hidden=\"true\" class=\"fab fa-facebook\"><\/i>\t\t\t\t\t<\/a>\n\t\t\t\t<\/span>\n\t\t\t\t\t<\/div>\n\t\t\t\t\t\t<\/div>\n\t\t\t\t<\/div>\n\t\t\t\t<\/div>\n\t\t<div class=\"elementor-element elementor-element-5c4e5fc e-con-full e-flex e-con e-child\" data-id=\"5c4e5fc\" data-element_type=\"container\" data-e-type=\"container\" data-settings=\"{&quot;background_background&quot;:&quot;classic&quot;}\">\n\t\t\t\t<div class=\"elementor-element elementor-element-13f6bfa elementor-widget__width-initial elementor-widget elementor-widget-heading\" data-id=\"13f6bfa\" data-element_type=\"widget\" data-e-type=\"widget\" data-widget_type=\"heading.default\">\n\t\t\t\t<div class=\"elementor-widget-container\">\n\t\t\t\t\t<h3 class=\"elementor-heading-title elementor-size-default\">O\u00f9 sommes-nous:\n<\/h3>\t\t\t\t<\/div>\n\t\t\t\t<\/div>\n\t\t\t\t<div class=\"elementor-element elementor-element-14ebaf9 elementor-widget elementor-widget-text-editor\" data-id=\"14ebaf9\" data-element_type=\"widget\" data-e-type=\"widget\" data-widget_type=\"text-editor.default\">\n\t\t\t\t<div class=\"elementor-widget-container\">\n\t\t\t\t\t\t\t\t\tFrantoio San Martino se trouve en Via San Martino 8 \u00e0 Dolcedo, un merveilleux village en Val Prino, dans l\u2019arri\u00e8re-pays de Imperia, Ligurie. Les villes plus proches au-del\u00e0 de Imperia sont G\u00eanes et Savona, mais \u00e0 travers les autoroutes nous sommes bien unis avec Turin et le Piedmont en g\u00e9n\u00e9rale et avec Milano et les autres ville de la Lombardie.\nEn plus nous sommes peu loins de la fronti\u00e8re entre la France et l\u2019Italie et il y a quelques chilom\u00e8tres pour arriver \u00e0 la merveilleuse C\u00f4te d\u2019Azur.\t\t\t\t\t\t\t\t<\/div>\n\t\t\t\t<\/div>\n\t\t\t\t<div class=\"elementor-element elementor-element-7169ffb elementor-widget__width-initial elementor-widget elementor-widget-heading\" data-id=\"7169ffb\" data-element_type=\"widget\" data-e-type=\"widget\" data-widget_type=\"heading.default\">\n\t\t\t\t<div class=\"elementor-widget-container\">\n\t\t\t\t\t<h3 class=\"elementor-heading-title elementor-size-default\">Par voiture:<\/h3>\t\t\t\t<\/div>\n\t\t\t\t<\/div>\n\t\t\t\t<div class=\"elementor-element elementor-element-27c4283 elementor-widget elementor-widget-text-editor\" data-id=\"27c4283\" data-element_type=\"widget\" data-e-type=\"widget\" data-widget_type=\"text-editor.default\">\n\t\t\t\t<div class=\"elementor-widget-container\">\n\t\t\t\t\t\t\t\t\t<p>Autoroute A10 \u2013 sortie Imperia Ovest, puis suivre les indications routieres Piani-Dolcedo, longer le torrent Prino jusqu\u2019au village.<\/p>\t\t\t\t\t\t\t\t<\/div>\n\t\t\t\t<\/div>\n\t\t\t\t<div class=\"elementor-element elementor-element-188d866 elementor-widget__width-initial elementor-widget elementor-widget-heading\" data-id=\"188d866\" data-element_type=\"widget\" data-e-type=\"widget\" data-widget_type=\"heading.default\">\n\t\t\t\t<div class=\"elementor-widget-container\">\n\t\t\t\t\t<h3 class=\"elementor-heading-title elementor-size-default\">Par train:\n<\/h3>\t\t\t\t<\/div>\n\t\t\t\t<\/div>\n\t\t\t\t<div class=\"elementor-element elementor-element-093512a elementor-widget elementor-widget-text-editor\" data-id=\"093512a\" data-element_type=\"widget\" data-e-type=\"widget\" data-widget_type=\"text-editor.default\">\n\t\t\t\t<div class=\"elementor-widget-container\">\n\t\t\t\t\t\t\t\t\t<p>Descendre \u00e0 la gare de Imperia, prendre l\u2019\u00e0utobus num\u00e9ro 23 ou 24 de la societ\u00e9 Riviera Trasporti S.p.A.<\/p>\t\t\t\t\t\t\t\t<\/div>\n\t\t\t\t<\/div>\n\t\t\t\t<\/div>\n\t\t\t\t\t<\/div>\n\t\t\t\t<\/div>\n\t\t<div class=\"elementor-element elementor-element-5357b99 e-flex e-con-boxed e-con e-parent\" data-id=\"5357b99\" data-element_type=\"container\" data-e-type=\"container\" data-settings=\"{&quot;background_background&quot;:&quot;classic&quot;}\">\n\t\t\t\t\t<div class=\"e-con-inner\">\n\t\t\t\t<div class=\"elementor-element elementor-element-e4dd829 elementor-widget__width-initial elementor-widget elementor-widget-heading\" data-id=\"e4dd829\" data-element_type=\"widget\" data-e-type=\"widget\" data-widget_type=\"heading.default\">\n\t\t\t\t<div class=\"elementor-widget-container\">\n\t\t\t\t\t<h2 class=\"elementor-heading-title elementor-size-default\">Abonez-vous \u00e0 notre newsletter\n\n<\/h2>\t\t\t\t<\/div>\n\t\t\t\t<\/div>\n\t\t\t\t<div class=\"elementor-element elementor-element-4c321a0 elementor-widget elementor-widget-text-editor\" data-id=\"4c321a0\" data-element_type=\"widget\" data-e-type=\"widget\" data-widget_type=\"text-editor.default\">\n\t\t\t\t<div class=\"elementor-widget-container\">\n\t\t\t\t\t\t\t\t\t\n\nEn vous inscrivant vous ne predrez aucune de nos nouvelles propositions et vous pouvez profiter de nos meilleures offres.\n\t\t\t\t\t\t\t\t<\/div>\n\t\t\t\t<\/div>\n\t\t\t\t<div class=\"elementor-element elementor-element-b505d1e elementor-widget elementor-widget-html\" data-id=\"b505d1e\" data-element_type=\"widget\" data-e-type=\"widget\" data-widget_type=\"html.default\">\n\t\t\t\t<div class=\"elementor-widget-container\">\n\t\t\t\t\t<div class=\"tnp tnp-subscription\" id=\"newsletter-contatti\">\n<form method=\"post\" action=\"https:\/\/www.frantoiosanmartino.com\/?na=s\" onsubmit=\"return newsletter_check(this)\">\n\n<div class=\"tnp-field tnp-field-firstname\"><input class=\"tnp-firstname\" type=\"text\" name=\"nn\" placeholder=\"Nome\"><\/div>\n<div class=\"tnp-field tnp-field-email\"><label><\/label><input class=\"tnp-email\" type=\"email\" name=\"ne\" placeholder=\"email\"required><\/div>\n<div class=\"tnp-field tnp-field-privacy\"><label><input type=\"checkbox\" name=\"ny\" required class=\"tnp-privacy\"><span style=\"color:white;\">J'ai lu et accepte  <a target=\"_blank\" href=\"https:\/\/www.frantoiosanmartino.com\/privacy-policy\/\" rel=\"noopener\"> la politique de confidentialit\u00e9 <\/a><\/span><\/label><\/div>\n<div class=\"tnp-field tnp-field-button\"><input style=\"cursor:pointer;\" class=\"tnp-submit\" id=\"invia-news\" type=\"submit\" value=\"S'ABONNER\">\n<\/div>\n<\/form>\n<\/div>\n\t\t\t\t<\/div>\n\t\t\t\t<\/div>\n\t\t\t\t\t<\/div>\n\t\t\t\t<\/div>\n\t\t<div class=\"elementor-element elementor-element-c9214d7 e-con-full e-flex e-con e-parent\" data-id=\"c9214d7\" data-element_type=\"container\" data-e-type=\"container\">\n\t\t\t\t<div class=\"elementor-element elementor-element-4d7cdc7 elementor-widget elementor-widget-google_maps\" data-id=\"4d7cdc7\" data-element_type=\"widget\" data-e-type=\"widget\" data-widget_type=\"google_maps.default\">\n\t\t\t\t<div class=\"elementor-widget-container\">\n\t\t\t\t\t\t\t<div class=\"elementor-custom-embed\">\n\t\t\t<iframe loading=\"lazy\"\n\t\t\t\t\tsrc=\"https:\/\/maps.google.com\/maps?q=Via%20S.Martino%208%2C%2018020%20Dolcedo%20IM&#038;t=m&#038;z=12&#038;output=embed&#038;iwloc=near\"\n\t\t\t\t\ttitle=\"Via S.Martino 8, 18020 Dolcedo IM\"\n\t\t\t\t\taria-label=\"Via S.Martino 8, 18020 Dolcedo IM\"\n\t\t\t><\/iframe>\n\t\t<\/div>\n\t\t\t\t\t\t<\/div>\n\t\t\t\t<\/div>\n\t\t\t\t<\/div>\n\t\t\t\t<\/div>\n\t\t","protected":false},"excerpt":{"rendered":"<p>Contactez-nous aux adresses suivants: Via San Martino 8, 18020 DOLCEDO (IM) (+39) 0183.280041 info@frantoiosanmartino.com Facebook O\u00f9 sommes-nous: Frantoio San Martino se trouve en Via San Martino 8 \u00e0 Dolcedo, un merveilleux village en Val Prino, dans l\u2019arri\u00e8re-pays de Imperia, Ligurie. Les villes plus proches au-del\u00e0 de Imperia sont G\u00eanes et Savona, mais \u00e0 travers les [&hellip;]<\/p>\n","protected":false},"author":1,"featured_media":0,"parent":0,"menu_order":0,"comment_status":"closed","ping_status":"closed","template":"","meta":{"footnotes":""},"class_list":["post-3726","page","type-page","status-publish","hentry"],"_links":{"self":[{"href":"https:\/\/www.frantoiosanmartino.com\/fr\/wp-json\/wp\/v2\/pages\/3726","targetHints":{"allow":["GET"]}}],"collection":[{"href":"https:\/\/www.frantoiosanmartino.com\/fr\/wp-json\/wp\/v2\/pages"}],"about":[{"href":"https:\/\/www.frantoiosanmartino.com\/fr\/wp-json\/wp\/v2\/types\/page"}],"author":[{"embeddable":true,"href":"https:\/\/www.frantoiosanmartino.com\/fr\/wp-json\/wp\/v2\/users\/1"}],"replies":[{"embeddable":true,"href":"https:\/\/www.frantoiosanmartino.com\/fr\/wp-json\/wp\/v2\/comments?post=3726"}],"version-history":[{"count":28,"href":"https:\/\/www.frantoiosanmartino.com\/fr\/wp-json\/wp\/v2\/pages\/3726\/revisions"}],"predecessor-version":[{"id":7276,"href":"https:\/\/www.frantoiosanmartino.com\/fr\/wp-json\/wp\/v2\/pages\/3726\/revisions\/7276"}],"wp:attachment":[{"href":"https:\/\/www.frantoiosanmartino.com\/fr\/wp-json\/wp\/v2\/media?parent=3726"}],"curies":[{"name":"wp","href":"https:\/\/api.w.org\/{rel}","templated":true}]}}