{"id":3724,"date":"2018-11-19T16:52:11","date_gmt":"2018-11-19T16:52:11","guid":{"rendered":"https:\/\/frantoiosanmartino.com\/certifications\/"},"modified":"2024-04-16T09:00:38","modified_gmt":"2024-04-16T08:00:38","slug":"certifications","status":"publish","type":"page","link":"https:\/\/www.frantoiosanmartino.com\/fr\/certifications\/","title":{"rendered":"Certifications"},"content":{"rendered":"\t\t<div data-elementor-type=\"wp-page\" data-elementor-id=\"3724\" class=\"elementor elementor-3724 elementor-1274\" data-elementor-post-type=\"page\">\n\t\t\t\t<div class=\"elementor-element elementor-element-438af51 e-con-full e-flex e-con e-parent\" data-id=\"438af51\" data-element_type=\"container\" data-e-type=\"container\" data-settings=\"{&quot;background_background&quot;:&quot;classic&quot;}\">\n\t\t\t\t<div class=\"elementor-element elementor-element-133c672 elementor-widget elementor-widget-spacer\" data-id=\"133c672\" data-element_type=\"widget\" data-e-type=\"widget\" data-widget_type=\"spacer.default\">\n\t\t\t\t<div class=\"elementor-widget-container\">\n\t\t\t\t\t\t\t<div class=\"elementor-spacer\">\n\t\t\t<div class=\"elementor-spacer-inner\"><\/div>\n\t\t<\/div>\n\t\t\t\t\t\t<\/div>\n\t\t\t\t<\/div>\n\t\t\t\t<\/div>\n\t\t<div class=\"elementor-element elementor-element-35ecdc4 e-flex e-con-boxed e-con e-parent\" data-id=\"35ecdc4\" data-element_type=\"container\" data-e-type=\"container\">\n\t\t\t\t\t<div class=\"e-con-inner\">\n\t\t\t\t<div class=\"elementor-element elementor-element-0545f94 elementor-widget__width-initial elementor-widget elementor-widget-heading\" data-id=\"0545f94\" data-element_type=\"widget\" data-e-type=\"widget\" data-widget_type=\"heading.default\">\n\t\t\t\t<div class=\"elementor-widget-container\">\n\t\t\t\t\t<h1 class=\"elementor-heading-title elementor-size-default\">Certification D.O.P. Riviera ligure \u2013 Riviera dei Fiori\n\n\n<\/h1>\t\t\t\t<\/div>\n\t\t\t\t<\/div>\n\t\t\t\t<div class=\"elementor-element elementor-element-7812901 elementor-widget-divider--view-line elementor-widget elementor-widget-divider\" data-id=\"7812901\" data-element_type=\"widget\" data-e-type=\"widget\" data-widget_type=\"divider.default\">\n\t\t\t\t<div class=\"elementor-widget-container\">\n\t\t\t\t\t\t\t<div class=\"elementor-divider\">\n\t\t\t<span class=\"elementor-divider-separator\">\n\t\t\t\t\t\t<\/span>\n\t\t<\/div>\n\t\t\t\t\t\t<\/div>\n\t\t\t\t<\/div>\n\t\t<div class=\"elementor-element elementor-element-1e23619 e-flex e-con-boxed e-con e-child\" data-id=\"1e23619\" data-element_type=\"container\" data-e-type=\"container\">\n\t\t\t\t\t<div class=\"e-con-inner\">\n\t\t<div class=\"elementor-element elementor-element-dc9c974 e-con-full e-flex e-con e-child\" data-id=\"dc9c974\" data-element_type=\"container\" data-e-type=\"container\">\n\t\t\t\t<div class=\"elementor-element elementor-element-b10983d elementor-widget elementor-widget-text-editor\" data-id=\"b10983d\" data-element_type=\"widget\" data-e-type=\"widget\" data-widget_type=\"text-editor.default\">\n\t\t\t\t<div class=\"elementor-widget-container\">\n\t\t\t\t\t\t\t\t\t<p>L\u2019 <b>Association pour la protection de l\u2019huile d\u2019olive extra vierge D.O.P. Riviera Ligure<\/b> est l\u2019organe qui s\u2019occupe de la sauvegarde, la promotion et la supervision de l\u2019huile d\u2019olive extra vierge D.O.P. Riviera Ligure: <b>elle prot\u00e8ge sa d\u00e9nomination afin de garantir aux consommateurs l\u2019authenticit\u00e9 du produit<\/b> typique et, par cons\u00e9quent, le go\u00fbt, les parfums et toutes les autres caract\u00e9ristiques organoleptiques qui le caract\u00e9rise et en font un aliment unique au monde.<\/p>\t\t\t\t\t\t\t\t<\/div>\n\t\t\t\t<\/div>\n\t\t\t\t<\/div>\n\t\t<div class=\"elementor-element elementor-element-724e613 e-con-full elementor-hidden-tablet elementor-hidden-mobile e-flex e-con e-child\" data-id=\"724e613\" data-element_type=\"container\" data-e-type=\"container\">\n\t\t\t\t<\/div>\n\t\t\t\t\t<\/div>\n\t\t\t\t<\/div>\n\t\t\t\t\t<\/div>\n\t\t\t\t<\/div>\n\t\t<div class=\"elementor-element elementor-element-a7c5bbb e-flex e-con-boxed e-con e-parent\" data-id=\"a7c5bbb\" data-element_type=\"container\" data-e-type=\"container\" data-settings=\"{&quot;background_background&quot;:&quot;classic&quot;}\">\n\t\t\t\t\t<div class=\"e-con-inner\">\n\t\t<div class=\"elementor-element elementor-element-45b1c1f e-con-full e-flex e-con e-child\" data-id=\"45b1c1f\" data-element_type=\"container\" data-e-type=\"container\">\n\t\t\t\t<div class=\"elementor-element elementor-element-b2680ef elementor-widget elementor-widget-text-editor\" data-id=\"b2680ef\" data-element_type=\"widget\" data-e-type=\"widget\" data-widget_type=\"text-editor.default\">\n\t\t\t\t<div class=\"elementor-widget-container\">\n\t\t\t\t\t\t\t\t\t<p>Le Moulin \u00e0 huile San Martino peut vanter dans sa production une pris\u00e9e <a href=\"https:\/\/www.frantoiosanmartino.com\/fr\/huile-olive-extra-viergea\/\">huile d\u2019olive extra vierge D.O.P. Riviera Ligure \u2013 Riviera dei Fiori<\/a>; cela signifie que notre huile r\u00e9pond \u00e0 toutes les caract\u00e9ristiques et a r\u00e9ussi tous les tests pour pouvoir se parer de l\u2019Appellation d\u2019Origine Prot\u00e9g\u00e9e (D.O.P.) relative sp\u00e9cifiquement \u00e0 la marque:<\/p><p><strong>\u2022\u00a0<\/strong> il s\u2019agit d\u2019une huile d\u2019olive extra vierge obtenue \u00e0 partir d\u2019oliveraies qui contiennent au moins 90% d\u2019oliviers de vari\u00e9t\u00e9 Taggiasca;<\/p><p><strong>\u2022\u00a0<\/strong> la production se d\u00e9roule dans la zone nomm\u00e9e \u201cRiviera dei Fiori\u201d, c\u2019est-\u00e0-dire (selon r\u00e9glementation) toutes les territoires des communes de: Cervo, Ranzo, Caravonica, Lucinasco, Camporosso, Chiusavecchia, Dolcedo, Pieve di Teco, Aurigo, Ventimiglia, Taggia, Costa Rainera, Pontedassio, Civezza, San Bartolomeo al Mare, Diano San Pietro, Vasia, Pietrabruna, Pornassio, Vessalico, Molini di Triora, Borgomaro, Diano Castello, Imperia, Diano Marina, Borghetto d\u2019Arroscia, Cipressa, Castellaro, Dolceacqua, Cesio, Chiusanico, Airole, Montalto Ligure, Castel Vittorio, Isolabona, Vallebona, Sanremo, Baiardo, Diano Arentino, Badalucco, Ceriana, Perinaldo, Prel\u00e0, Pigna, Apricale, Villa Faraldi, Vallecrosia, S. Biagio, Bordighera, Soldano, Ospedaletti, Seborga, Olivetta S. Michele, Rocchetta Nervina, Carpasio, San Lorenzo al Mare, Santo Stefano al Mare, Riva Ligure, Pompeiana, Terzorio, Aquila d\u2019Arroscia, Armo, Rezzo, San Biagio della Cima, Cosio d\u2019Arroscia, Montegrosso Pian Latte, Mendatica;<\/p><p><strong>\u2022 <\/strong> toutes les phases de la production sont controll\u00e9es et attest\u00e9es pour certifier l\u2019origine du produit pendant toute la fili\u00e8re;<\/p>\t\t\t\t\t\t\t\t<\/div>\n\t\t\t\t<\/div>\n\t\t\t\t<\/div>\n\t\t<div class=\"elementor-element elementor-element-65b568f e-con-full e-flex e-con e-child\" data-id=\"65b568f\" data-element_type=\"container\" data-e-type=\"container\">\n\t\t\t\t<div class=\"elementor-element elementor-element-30edacd elementor-widget elementor-widget-text-editor\" data-id=\"30edacd\" data-element_type=\"widget\" data-e-type=\"widget\" data-widget_type=\"text-editor.default\">\n\t\t\t\t<div class=\"elementor-widget-container\">\n\t\t\t\t\t\t\t\t\t<p><strong>\u2022\u00a0<\/strong> les caract\u00e9ristiques de la culture respectent par methodes et territoires la r\u00e9glementation donn\u00e9es par l\u2019Association qui controle l\u2019Appellation d\u2019Origine Prot\u00e9g\u00e9 (D.O.P.) Riviera Ligure \u2013 Riviera dei Fiori;<\/p><p><strong>\u2022\u00a0<\/strong> les caract\u00e9ristiques du produit r\u00e9fl\u00e9chissent celles uniques et inimitables de l\u2019Appellation d\u2019Origine Prot\u00e9g\u00e9, en particulier:<br \/><strong>\u00a0\u00a0\u00a0\u00a0 1.<\/strong> la couleur: de jaune \u00e0 jaune\/verte<br \/><strong>\u00a0\u00a0\u00a0\u00a0 2.<\/strong> le go\u00fbt: fruit\u00e9, avec une intense sensation de douceur et une l\u00e9g\u00e8re sensation d\u2019amer ou piquant<br \/><strong>\u00a0\u00a0\u00a0\u00a0 3.<\/strong> le maximun d\u2019acidit\u00e9 totale en acide ol\u00e9ique n\u2019est pas sup\u00e9rieur \u00e0 0,5 grammes pour 100 grammes d\u2019huile d\u2019olive.<\/p><p><strong>\u2022\u00a0<\/strong> l\u2019aliment a une indissoluble liaison avec l\u2019histoire et l\u2019environnement du territoire o\u00f9 il est produit, dans ce cas la tradition huili\u00e8re est un \u00e9l\u00e9ment ancien et important pour la culture ligure.<\/p><p><a href=\"http:\/\/www.oliorivieraligure.it\/wp-content\/uploads\/disciplinare_olio.pdf\" target=\"_blank\" rel=\"noopener\">Consultez ici la r\u00e9glementation pour la marche D.O.P. Riviera Ligure \u2013 Riviera dei Fiori<\/a><\/p><p>Frantoio San Martino fait partie de l\u2019Association pour la d\u00e9fense de l\u2019huile d\u2019olive extra vierge d\u2019olive D.O.P. Riviera Ligure:<\/p><p><a href=\"http:\/\/www.oliorivieraligure.it\/business-directory\/5314\/frantoio-san-martino-s-s-a\" target=\"_blank\" rel=\"noopener\">Visitez aussi notre page sur le site de l\u2019Association<\/a><\/p>\t\t\t\t\t\t\t\t<\/div>\n\t\t\t\t<\/div>\n\t\t\t\t<\/div>\n\t\t\t\t\t<\/div>\n\t\t\t\t<\/div>\n\t\t\t\t<\/div>\n\t\t","protected":false},"excerpt":{"rendered":"<p>Certification D.O.P. Riviera ligure \u2013 Riviera dei Fiori L\u2019 Association pour la protection de l\u2019huile d\u2019olive extra vierge D.O.P. Riviera Ligure est l\u2019organe qui s\u2019occupe de la sauvegarde, la promotion et la supervision de l\u2019huile d\u2019olive extra vierge D.O.P. Riviera Ligure: elle prot\u00e8ge sa d\u00e9nomination afin de garantir aux consommateurs l\u2019authenticit\u00e9 du produit typique et, [&hellip;]<\/p>\n","protected":false},"author":1,"featured_media":0,"parent":0,"menu_order":0,"comment_status":"closed","ping_status":"closed","template":"","meta":{"footnotes":""},"class_list":["post-3724","page","type-page","status-publish","hentry"],"_links":{"self":[{"href":"https:\/\/www.frantoiosanmartino.com\/fr\/wp-json\/wp\/v2\/pages\/3724","targetHints":{"allow":["GET"]}}],"collection":[{"href":"https:\/\/www.frantoiosanmartino.com\/fr\/wp-json\/wp\/v2\/pages"}],"about":[{"href":"https:\/\/www.frantoiosanmartino.com\/fr\/wp-json\/wp\/v2\/types\/page"}],"author":[{"embeddable":true,"href":"https:\/\/www.frantoiosanmartino.com\/fr\/wp-json\/wp\/v2\/users\/1"}],"replies":[{"embeddable":true,"href":"https:\/\/www.frantoiosanmartino.com\/fr\/wp-json\/wp\/v2\/comments?post=3724"}],"version-history":[{"count":7,"href":"https:\/\/www.frantoiosanmartino.com\/fr\/wp-json\/wp\/v2\/pages\/3724\/revisions"}],"predecessor-version":[{"id":7437,"href":"https:\/\/www.frantoiosanmartino.com\/fr\/wp-json\/wp\/v2\/pages\/3724\/revisions\/7437"}],"wp:attachment":[{"href":"https:\/\/www.frantoiosanmartino.com\/fr\/wp-json\/wp\/v2\/media?parent=3724"}],"curies":[{"name":"wp","href":"https:\/\/api.w.org\/{rel}","templated":true}]}}