{"id":3717,"date":"2018-11-19T15:10:11","date_gmt":"2018-11-19T15:10:11","guid":{"rendered":"https:\/\/frantoiosanmartino.com\/agritourisme\/"},"modified":"2023-10-20T10:02:30","modified_gmt":"2023-10-20T09:02:30","slug":"agritourisme","status":"publish","type":"page","link":"https:\/\/www.frantoiosanmartino.com\/fr\/agritourisme\/","title":{"rendered":"Agritourisme"},"content":{"rendered":"\t\t<div data-elementor-type=\"wp-page\" data-elementor-id=\"3717\" class=\"elementor elementor-3717 elementor-1242\" data-elementor-post-type=\"page\">\n\t\t\t\t<div class=\"elementor-element elementor-element-8ae0a41 e-con-full e-flex e-con e-parent\" data-id=\"8ae0a41\" data-element_type=\"container\" data-e-type=\"container\" data-settings=\"{&quot;background_background&quot;:&quot;classic&quot;}\">\n\t\t\t\t<div class=\"elementor-element elementor-element-ccd35ed elementor-widget elementor-widget-spacer\" data-id=\"ccd35ed\" data-element_type=\"widget\" data-e-type=\"widget\" data-widget_type=\"spacer.default\">\n\t\t\t\t<div class=\"elementor-widget-container\">\n\t\t\t\t\t\t\t<div class=\"elementor-spacer\">\n\t\t\t<div class=\"elementor-spacer-inner\"><\/div>\n\t\t<\/div>\n\t\t\t\t\t\t<\/div>\n\t\t\t\t<\/div>\n\t\t\t\t<\/div>\n\t\t<div class=\"elementor-element elementor-element-ec154c2 e-flex e-con-boxed e-con e-parent\" data-id=\"ec154c2\" data-element_type=\"container\" data-e-type=\"container\">\n\t\t\t\t\t<div class=\"e-con-inner\">\n\t\t<div class=\"elementor-element elementor-element-b7ef9a9 e-con-full e-flex e-con e-child\" data-id=\"b7ef9a9\" data-element_type=\"container\" data-e-type=\"container\">\n\t\t\t\t<div class=\"elementor-element elementor-element-ead58b9 elementor-widget__width-initial elementor-widget elementor-widget-heading\" data-id=\"ead58b9\" data-element_type=\"widget\" data-e-type=\"widget\" data-widget_type=\"heading.default\">\n\t\t\t\t<div class=\"elementor-widget-container\">\n\t\t\t\t\t<h1 class=\"elementor-heading-title elementor-size-default\">\nHospitalit\u00e9 au moulin: l\u2019agritourisme de Frantoio San Martino\n\n<\/h1>\t\t\t\t<\/div>\n\t\t\t\t<\/div>\n\t\t\t\t<div class=\"elementor-element elementor-element-a625c02 elementor-widget-divider--view-line elementor-widget elementor-widget-divider\" data-id=\"a625c02\" data-element_type=\"widget\" data-e-type=\"widget\" data-widget_type=\"divider.default\">\n\t\t\t\t<div class=\"elementor-widget-container\">\n\t\t\t\t\t\t\t<div class=\"elementor-divider\">\n\t\t\t<span class=\"elementor-divider-separator\">\n\t\t\t\t\t\t<\/span>\n\t\t<\/div>\n\t\t\t\t\t\t<\/div>\n\t\t\t\t<\/div>\n\t\t\t\t<div class=\"elementor-element elementor-element-aac521a elementor-widget elementor-widget-text-editor\" data-id=\"aac521a\" data-element_type=\"widget\" data-e-type=\"widget\" data-widget_type=\"text-editor.default\">\n\t\t\t\t<div class=\"elementor-widget-container\">\n\t\t\t\t\t\t\t\t\t<div class=\"et_pb_module et_pb_text et_pb_text_1  et_pb_text_align_left et_pb_bg_layout_light\"><div class=\"et_pb_text_inner\"><p>La passion pour l\u2019huile d\u2019olive extra vierge de qualit\u00e9 et des produits typiques, c\u2019est aussi l\u2019amour pour notre territoire: le <a href=\"https:\/\/www.frantoiosanmartino.com\/fr\/moulin\/\">moulin \u00e0 huile San Martino<\/a> surplombe sur le torrent Rio dei Boschi au centre de Dolcedo, un village typique de la Ligurie, o\u00f9 l\u2019histoire et la culture se rencontrent, plac\u00e9 en position suggestive entre nature et histoire; c\u2019est ici, \u00e0 l\u2019int\u00e9rieur, que nous avons le plaisir de vous inviter \u00e0 <b>une pause de relaxation et de paix<\/b>.<\/p><\/div><\/div>\t\t\t\t\t\t\t\t<\/div>\n\t\t\t\t<\/div>\n\t\t\t\t<\/div>\n\t\t<div class=\"elementor-element elementor-element-1531966 e-con-full e-flex e-con e-child\" data-id=\"1531966\" data-element_type=\"container\" data-e-type=\"container\">\n\t\t\t\t<div class=\"elementor-element elementor-element-453aba8 elementor-widget__width-initial elementor-widget elementor-widget-heading\" data-id=\"453aba8\" data-element_type=\"widget\" data-e-type=\"widget\" data-widget_type=\"heading.default\">\n\t\t\t\t<div class=\"elementor-widget-container\">\n\t\t\t\t\t<h4 class=\"elementor-heading-title elementor-size-default\">Les services inclus dans le s\u00e9jour sont:<\/h4>\t\t\t\t<\/div>\n\t\t\t\t<\/div>\n\t\t\t\t<div class=\"elementor-element elementor-element-ea17421 elementor-widget elementor-widget-text-editor\" data-id=\"ea17421\" data-element_type=\"widget\" data-e-type=\"widget\" data-widget_type=\"text-editor.default\">\n\t\t\t\t<div class=\"elementor-widget-container\">\n\t\t\t\t\t\t\t\t\t<p>visite gratuite au moulin<br \/><strong>\u2022<\/strong> une r\u00e9duction sur di <a href=\"https:\/\/www.frantoiosanmartino.com\/fr\/huile-olive-extra-viergea\/\">l\u2019achat d\u2019huile d\u2019olive extra vierge<\/a> et d\u2019autres produits de Frantoio San Martino<\/p><p>L\u2019Agritourisme de Frantoio San Martino propose un h\u00e9bergement pour deux personnes et peut \u00eatre lou\u00e9 \u00e0 la semaine. Contactez-nous pour en savoir plus.<\/p>\t\t\t\t\t\t\t\t<\/div>\n\t\t\t\t<\/div>\n\t\t\t\t<div class=\"elementor-element elementor-element-2d21eb2 elementor-align-left elementor-widget elementor-widget-button\" data-id=\"2d21eb2\" data-element_type=\"widget\" data-e-type=\"widget\" data-widget_type=\"button.default\">\n\t\t\t\t<div class=\"elementor-widget-container\">\n\t\t\t\t\t\t\t\t\t<div class=\"elementor-button-wrapper\">\n\t\t\t\t\t<a class=\"elementor-button elementor-button-link elementor-size-md\" href=\"https:\/\/www.frantoiosanmartino.com\/fr\/contacts\/\">\n\t\t\t\t\t\t<span class=\"elementor-button-content-wrapper\">\n\t\t\t\t\t\t\t\t\t<span class=\"elementor-button-text\">Contactez-nous<\/span>\n\t\t\t\t\t<\/span>\n\t\t\t\t\t<\/a>\n\t\t\t\t<\/div>\n\t\t\t\t\t\t\t\t<\/div>\n\t\t\t\t<\/div>\n\t\t\t\t<\/div>\n\t\t\t\t\t<\/div>\n\t\t\t\t<\/div>\n\t\t<div class=\"elementor-element elementor-element-6def88d e-flex e-con-boxed e-con e-parent\" data-id=\"6def88d\" data-element_type=\"container\" data-e-type=\"container\">\n\t\t\t\t\t<div class=\"e-con-inner\">\n\t\t<div class=\"elementor-element elementor-element-9557a25 e-con-full e-flex e-con e-child\" data-id=\"9557a25\" data-element_type=\"container\" data-e-type=\"container\">\n\t\t\t\t<div class=\"elementor-element elementor-element-7607655 elementor-widget elementor-widget-image\" data-id=\"7607655\" data-element_type=\"widget\" data-e-type=\"widget\" data-widget_type=\"image.default\">\n\t\t\t\t<div class=\"elementor-widget-container\">\n\t\t\t\t\t\t\t\t\t\t\t\t\t\t\t<img fetchpriority=\"high\" decoding=\"async\" width=\"600\" height=\"600\" src=\"https:\/\/www.frantoiosanmartino.com\/wp-content\/uploads\/2023\/10\/dolcedo-borgo-storico-sul-torrente.jpg\" class=\"attachment-1536x1536 size-1536x1536 wp-image-6388\" alt=\"\" srcset=\"https:\/\/www.frantoiosanmartino.com\/wp-content\/uploads\/2023\/10\/dolcedo-borgo-storico-sul-torrente.jpg 600w, https:\/\/www.frantoiosanmartino.com\/wp-content\/uploads\/2023\/10\/dolcedo-borgo-storico-sul-torrente-300x300.jpg 300w, https:\/\/www.frantoiosanmartino.com\/wp-content\/uploads\/2023\/10\/dolcedo-borgo-storico-sul-torrente-150x150.jpg 150w, https:\/\/www.frantoiosanmartino.com\/wp-content\/uploads\/2023\/10\/dolcedo-borgo-storico-sul-torrente-400x400.jpg 400w, https:\/\/www.frantoiosanmartino.com\/wp-content\/uploads\/2023\/10\/dolcedo-borgo-storico-sul-torrente-510x510.jpg 510w, https:\/\/www.frantoiosanmartino.com\/wp-content\/uploads\/2023\/10\/dolcedo-borgo-storico-sul-torrente-100x100.jpg 100w, https:\/\/www.frantoiosanmartino.com\/wp-content\/uploads\/2023\/10\/dolcedo-borgo-storico-sul-torrente-64x64.jpg 64w\" sizes=\"(max-width: 600px) 100vw, 600px\" \/>\t\t\t\t\t\t\t\t\t\t\t\t\t\t\t<\/div>\n\t\t\t\t<\/div>\n\t\t\t\t<\/div>\n\t\t<div class=\"elementor-element elementor-element-a497b22 e-con-full e-flex e-con e-child\" data-id=\"a497b22\" data-element_type=\"container\" data-e-type=\"container\">\n\t\t\t\t<div class=\"elementor-element elementor-element-1a646e1 elementor-widget elementor-widget-image\" data-id=\"1a646e1\" data-element_type=\"widget\" data-e-type=\"widget\" data-widget_type=\"image.default\">\n\t\t\t\t<div class=\"elementor-widget-container\">\n\t\t\t\t\t\t\t\t\t\t\t\t\t\t\t<img decoding=\"async\" width=\"600\" height=\"600\" src=\"https:\/\/www.frantoiosanmartino.com\/wp-content\/uploads\/2023\/10\/dolcedo-relax-quiete.jpg\" class=\"attachment-1536x1536 size-1536x1536 wp-image-6392\" alt=\"\" srcset=\"https:\/\/www.frantoiosanmartino.com\/wp-content\/uploads\/2023\/10\/dolcedo-relax-quiete.jpg 600w, https:\/\/www.frantoiosanmartino.com\/wp-content\/uploads\/2023\/10\/dolcedo-relax-quiete-300x300.jpg 300w, https:\/\/www.frantoiosanmartino.com\/wp-content\/uploads\/2023\/10\/dolcedo-relax-quiete-150x150.jpg 150w, https:\/\/www.frantoiosanmartino.com\/wp-content\/uploads\/2023\/10\/dolcedo-relax-quiete-400x400.jpg 400w, https:\/\/www.frantoiosanmartino.com\/wp-content\/uploads\/2023\/10\/dolcedo-relax-quiete-510x510.jpg 510w, https:\/\/www.frantoiosanmartino.com\/wp-content\/uploads\/2023\/10\/dolcedo-relax-quiete-100x100.jpg 100w, https:\/\/www.frantoiosanmartino.com\/wp-content\/uploads\/2023\/10\/dolcedo-relax-quiete-64x64.jpg 64w\" sizes=\"(max-width: 600px) 100vw, 600px\" \/>\t\t\t\t\t\t\t\t\t\t\t\t\t\t\t<\/div>\n\t\t\t\t<\/div>\n\t\t\t\t<\/div>\n\t\t<div class=\"elementor-element elementor-element-60b84b4 e-con-full elementor-hidden-mobile e-flex e-con e-child\" data-id=\"60b84b4\" data-element_type=\"container\" data-e-type=\"container\">\n\t\t\t\t<div class=\"elementor-element elementor-element-3b053f0 elementor-widget elementor-widget-image\" data-id=\"3b053f0\" data-element_type=\"widget\" data-e-type=\"widget\" data-widget_type=\"image.default\">\n\t\t\t\t<div class=\"elementor-widget-container\">\n\t\t\t\t\t\t\t\t\t\t\t\t\t\t\t<img decoding=\"async\" width=\"400\" height=\"800\" src=\"https:\/\/www.frantoiosanmartino.com\/wp-content\/uploads\/2023\/10\/Dolcedo-tradizione-frantoiana-dal-XI-secolo.jpg\" class=\"attachment-2048x2048 size-2048x2048 wp-image-6396\" alt=\"\" srcset=\"https:\/\/www.frantoiosanmartino.com\/wp-content\/uploads\/2023\/10\/Dolcedo-tradizione-frantoiana-dal-XI-secolo.jpg 400w, https:\/\/www.frantoiosanmartino.com\/wp-content\/uploads\/2023\/10\/Dolcedo-tradizione-frantoiana-dal-XI-secolo-150x300.jpg 150w, https:\/\/www.frantoiosanmartino.com\/wp-content\/uploads\/2023\/10\/Dolcedo-tradizione-frantoiana-dal-XI-secolo-64x128.jpg 64w\" sizes=\"(max-width: 400px) 100vw, 400px\" \/>\t\t\t\t\t\t\t\t\t\t\t\t\t\t\t<\/div>\n\t\t\t\t<\/div>\n\t\t\t\t<\/div>\n\t\t\t\t\t<\/div>\n\t\t\t\t<\/div>\n\t\t<div class=\"elementor-element elementor-element-ff03a2f e-flex e-con-boxed e-con e-parent\" data-id=\"ff03a2f\" data-element_type=\"container\" data-e-type=\"container\" data-settings=\"{&quot;background_background&quot;:&quot;classic&quot;}\">\n\t\t\t\t\t<div class=\"e-con-inner\">\n\t\t<div class=\"elementor-element elementor-element-a9ea9b5 e-con-full e-flex e-con e-child\" data-id=\"a9ea9b5\" data-element_type=\"container\" data-e-type=\"container\">\n\t\t\t\t<div class=\"elementor-element elementor-element-37cee5a elementor-widget__width-initial elementor-widget elementor-widget-heading\" data-id=\"37cee5a\" data-element_type=\"widget\" data-e-type=\"widget\" data-widget_type=\"heading.default\">\n\t\t\t\t<div class=\"elementor-widget-container\">\n\t\t\t\t\t<h2 class=\"elementor-heading-title elementor-size-default\">Une vraie pause de tranquillit\u00e9 entour\u00e9e par la nature de l\u2019arri\u00e8re-pays ligure\n\n<\/h2>\t\t\t\t<\/div>\n\t\t\t\t<\/div>\n\t\t\t\t<div class=\"elementor-element elementor-element-2ffe3d8 elementor-widget-divider--view-line elementor-widget elementor-widget-divider\" data-id=\"2ffe3d8\" data-element_type=\"widget\" data-e-type=\"widget\" data-widget_type=\"divider.default\">\n\t\t\t\t<div class=\"elementor-widget-container\">\n\t\t\t\t\t\t\t<div class=\"elementor-divider\">\n\t\t\t<span class=\"elementor-divider-separator\">\n\t\t\t\t\t\t<\/span>\n\t\t<\/div>\n\t\t\t\t\t\t<\/div>\n\t\t\t\t<\/div>\n\t\t\t\t<div class=\"elementor-element elementor-element-e04fec2 elementor-widget elementor-widget-text-editor\" data-id=\"e04fec2\" data-element_type=\"widget\" data-e-type=\"widget\" data-widget_type=\"text-editor.default\">\n\t\t\t\t<div class=\"elementor-widget-container\">\n\t\t\t\t\t\t\t\t\t<div class=\"et_pb_module et_pb_text et_pb_text_4  et_pb_text_align_left et_pb_bg_layout_light\"><div class=\"et_pb_text_inner\"><p>L\u2019<b>Agritourisme de Frantoio San Martino<\/b> propose des chambres historiques du moulin, r\u00e9nov\u00e9es et adapt\u00e9es \u00e0 l\u2019hospitalit\u00e9, dot\u00e9es de services et d\u2019aise: une v\u00e9ritable exp\u00e9rience dans l\u2019histoire et la culture, plong\u00e9es dans le calme d\u2019un village ligure, et entour\u00e9es par la nature et les plaisirs gastronomiques, pour d\u00e9couvrir la vrai tradition \u201cfrantoiana\u201d \u00e0 l\u2019int\u00e9rieur.<\/p><\/div><\/div>\t\t\t\t\t\t\t\t<\/div>\n\t\t\t\t<\/div>\n\t\t\t\t<\/div>\n\t\t\t\t\t<\/div>\n\t\t\t\t<\/div>\n\t\t\t\t<\/div>\n\t\t","protected":false},"excerpt":{"rendered":"<p>Hospitalit\u00e9 au moulin: l\u2019agritourisme de Frantoio San Martino La passion pour l\u2019huile d\u2019olive extra vierge de qualit\u00e9 et des produits typiques, c\u2019est aussi l\u2019amour pour notre territoire: le moulin \u00e0 huile San Martino surplombe sur le torrent Rio dei Boschi au centre de Dolcedo, un village typique de la Ligurie, o\u00f9 l\u2019histoire et la culture [&hellip;]<\/p>\n","protected":false},"author":1,"featured_media":0,"parent":0,"menu_order":0,"comment_status":"closed","ping_status":"closed","template":"","meta":{"footnotes":""},"class_list":["post-3717","page","type-page","status-publish","hentry"],"_links":{"self":[{"href":"https:\/\/www.frantoiosanmartino.com\/fr\/wp-json\/wp\/v2\/pages\/3717","targetHints":{"allow":["GET"]}}],"collection":[{"href":"https:\/\/www.frantoiosanmartino.com\/fr\/wp-json\/wp\/v2\/pages"}],"about":[{"href":"https:\/\/www.frantoiosanmartino.com\/fr\/wp-json\/wp\/v2\/types\/page"}],"author":[{"embeddable":true,"href":"https:\/\/www.frantoiosanmartino.com\/fr\/wp-json\/wp\/v2\/users\/1"}],"replies":[{"embeddable":true,"href":"https:\/\/www.frantoiosanmartino.com\/fr\/wp-json\/wp\/v2\/comments?post=3717"}],"version-history":[{"count":6,"href":"https:\/\/www.frantoiosanmartino.com\/fr\/wp-json\/wp\/v2\/pages\/3717\/revisions"}],"predecessor-version":[{"id":6635,"href":"https:\/\/www.frantoiosanmartino.com\/fr\/wp-json\/wp\/v2\/pages\/3717\/revisions\/6635"}],"wp:attachment":[{"href":"https:\/\/www.frantoiosanmartino.com\/fr\/wp-json\/wp\/v2\/media?parent=3717"}],"curies":[{"name":"wp","href":"https:\/\/api.w.org\/{rel}","templated":true}]}}