{"id":6887,"date":"2023-10-17T08:23:18","date_gmt":"2023-10-17T07:23:18","guid":{"rendered":"https:\/\/frantoiosanmartino.com\/unkategorisiert\/vermentino-doc\/"},"modified":"2024-01-11T16:14:58","modified_gmt":"2024-01-11T15:14:58","slug":"vermentino-doc","status":"publish","type":"product","link":"https:\/\/www.frantoiosanmartino.com\/de\/weine\/vermentino-doc\/","title":{"rendered":"Vermentino Doc Riviera Ligure di Ponente"},"content":{"rendered":"<p>An der K\u00fcste in den n\u00e4chstgelegenen Weinbergen, die von den stetigen Meeresstr\u00f6mungen in typisch schiefrigen und kalkhaltigen B\u00f6den profitieren, bringt der Vermentino Doc Riviera Ligure di Ponente von Frantoio San Martino die zarten Fr\u00fchlings- und provenzalischen Aromen unserer K\u00fcsten auf den Tisch: frisch geschnittenes Gras, Zitrusfr\u00fcchte, frische Fr\u00fcchte und ein jodhaltiger Abgang. Die Trauben werden von Hand in der ersten Septemberh\u00e4lfte in den k\u00fchleren Stunden geerntet, schonend als ganze Traube gepresst und in Edelstahltanks bei kontrollierter Temperatur vinifiziert. Reifung f\u00fcr 6 Monate im Edelstahl und weitere 1 Monat in der Flasche. Er entfaltet sein Bestes in den ersten 2 Jahren nach der Weinlese.<\/p>\n<div class=\"caratteristiche\">\n<p class=\"tit_cara\">Eigenschaften<\/p>\n<p><strong>Trauben<\/strong>: 100% Vermentino<br \/>\n<strong>Farbe<\/strong>: Strohgelb mit gr\u00fcnen Reflexen<br \/>\n<strong>Nase<\/strong>: ntensiv und leicht aromatisch, Noten von Zitrusfr\u00fcchten und frisch geschnittenem Gras, blumig, typisch jodhaltig<br \/>\n<strong>Geschmack<\/strong>: Gut strukturiert, warm und umh\u00fcllend, Noten von wei\u00dfem Pfirsich und Grapefruit<br \/>\n<strong>Abgang<\/strong>: Mineralisch, salzig und frisch<br \/>\n<strong>Kombination<\/strong>: Aperitifs, Vorspeisen und Fischgerichte\n<\/div>\n","protected":false},"excerpt":{"rendered":"<p>Gewicht: 8 kg<\/p>\n","protected":false},"featured_media":6214,"comment_status":"open","ping_status":"closed","template":"","meta":[],"product_brand":[],"product_cat":[234],"product_tag":[],"class_list":{"0":"post-6887","1":"product","2":"type-product","3":"status-publish","4":"has-post-thumbnail","6":"product_cat-weine","8":"first","9":"instock","10":"shipping-taxable","11":"purchasable","12":"product-type-simple"},"_links":{"self":[{"href":"https:\/\/www.frantoiosanmartino.com\/de\/wp-json\/wp\/v2\/product\/6887","targetHints":{"allow":["GET"]}}],"collection":[{"href":"https:\/\/www.frantoiosanmartino.com\/de\/wp-json\/wp\/v2\/product"}],"about":[{"href":"https:\/\/www.frantoiosanmartino.com\/de\/wp-json\/wp\/v2\/types\/product"}],"replies":[{"embeddable":true,"href":"https:\/\/www.frantoiosanmartino.com\/de\/wp-json\/wp\/v2\/comments?post=6887"}],"wp:featuredmedia":[{"embeddable":true,"href":"https:\/\/www.frantoiosanmartino.com\/de\/wp-json\/wp\/v2\/media\/6214"}],"wp:attachment":[{"href":"https:\/\/www.frantoiosanmartino.com\/de\/wp-json\/wp\/v2\/media?parent=6887"}],"wp:term":[{"taxonomy":"product_brand","embeddable":true,"href":"https:\/\/www.frantoiosanmartino.com\/de\/wp-json\/wp\/v2\/product_brand?post=6887"},{"taxonomy":"product_cat","embeddable":true,"href":"https:\/\/www.frantoiosanmartino.com\/de\/wp-json\/wp\/v2\/product_cat?post=6887"},{"taxonomy":"product_tag","embeddable":true,"href":"https:\/\/www.frantoiosanmartino.com\/de\/wp-json\/wp\/v2\/product_tag?post=6887"}],"curies":[{"name":"wp","href":"https:\/\/api.w.org\/{rel}","templated":true}]}}