{"id":6880,"date":"2023-10-17T09:07:04","date_gmt":"2023-10-17T08:07:04","guid":{"rendered":"https:\/\/frantoiosanmartino.com\/unkategorisiert\/rossese-doc-riviera-ligure-di-ponente\/"},"modified":"2024-01-11T16:14:32","modified_gmt":"2024-01-11T15:14:32","slug":"rossese-doc-riviera-ligure-di-ponente","status":"publish","type":"product","link":"https:\/\/www.frantoiosanmartino.com\/de\/weine\/rossese-doc-riviera-ligure-di-ponente\/","title":{"rendered":"Rossese Doc Riviera Ligure di Ponente"},"content":{"rendered":"<p>Diese autochthone Rebsorte aus dem \u00e4u\u00dfersten Westen, der Rossese di Dolceacqua, wird in unseren Weinbergen in H\u00f6henlagen von nicht weniger als 250 Metern \u00fcber dem Meeresspiegel mit S\u00fcdwestexposition auf felsigen B\u00f6den angebaut. Der Rossese Doc Riviera Ligure di Ponente von Frantoio San Martino offenbart wunderbare blumige und w\u00fcrzige Aromen.<br \/>\nDie Trauben werden von Hand in der ersten Septemberh\u00e4lfte geerntet, entrappt und gepresst, anschlie\u00dfend in Edelstahltanks bei kontrollierter Temperatur in Kontakt mit den Schalen vinifiziert. Reifung f\u00fcr 6 Monate im Edelstahl und weitere 3 Monate in der Flasche. Entfaltet sein Bestes in den ersten 5 Jahren nach der Weinlese.<\/p>\n<div class=\"caratteristiche\">\n<p class=\"tit_cara\">Eigenschaften<\/p>\n<p><strong>Trauben<\/strong>: 100% Rossese di Dolceacqua<br \/>\n<strong>Farbe<\/strong>: Lebhaftes Rubinrot<br \/>\n<strong>Nase<\/strong>: Intensiv und fein, frische rote Fr\u00fcchte, Veilchenduft und w\u00fcrzige Noten<br \/>\n<strong>Geschmack<\/strong>: Gut strukturiert, mittelkr\u00e4ftige Tannine, reich und ausgewogen, Aromen von Walderdbeere und Brombeere<br \/>\n<strong>Abgang<\/strong>: Salzig und frisch, Noten von aromatischen Kr\u00e4utern und Pfeffer<br \/>\n<strong>Kombination<\/strong>: Typische ligurische Gerichte mit Fleisch und Fisch<\/p>\n<\/div>\n","protected":false},"excerpt":{"rendered":"<p>Gewicht: 8 kg<\/p>\n","protected":false},"featured_media":7046,"comment_status":"open","ping_status":"closed","template":"","meta":[],"product_brand":[],"product_cat":[234],"product_tag":[],"class_list":{"0":"post-6880","1":"product","2":"type-product","3":"status-publish","4":"has-post-thumbnail","6":"product_cat-weine","8":"first","9":"instock","10":"shipping-taxable","11":"purchasable","12":"product-type-simple"},"_links":{"self":[{"href":"https:\/\/www.frantoiosanmartino.com\/de\/wp-json\/wp\/v2\/product\/6880","targetHints":{"allow":["GET"]}}],"collection":[{"href":"https:\/\/www.frantoiosanmartino.com\/de\/wp-json\/wp\/v2\/product"}],"about":[{"href":"https:\/\/www.frantoiosanmartino.com\/de\/wp-json\/wp\/v2\/types\/product"}],"replies":[{"embeddable":true,"href":"https:\/\/www.frantoiosanmartino.com\/de\/wp-json\/wp\/v2\/comments?post=6880"}],"wp:featuredmedia":[{"embeddable":true,"href":"https:\/\/www.frantoiosanmartino.com\/de\/wp-json\/wp\/v2\/media\/7046"}],"wp:attachment":[{"href":"https:\/\/www.frantoiosanmartino.com\/de\/wp-json\/wp\/v2\/media?parent=6880"}],"wp:term":[{"taxonomy":"product_brand","embeddable":true,"href":"https:\/\/www.frantoiosanmartino.com\/de\/wp-json\/wp\/v2\/product_brand?post=6880"},{"taxonomy":"product_cat","embeddable":true,"href":"https:\/\/www.frantoiosanmartino.com\/de\/wp-json\/wp\/v2\/product_cat?post=6880"},{"taxonomy":"product_tag","embeddable":true,"href":"https:\/\/www.frantoiosanmartino.com\/de\/wp-json\/wp\/v2\/product_tag?post=6880"}],"curies":[{"name":"wp","href":"https:\/\/api.w.org\/{rel}","templated":true}]}}