{"id":3668,"date":"2018-04-30T14:28:23","date_gmt":"2018-04-30T14:28:23","guid":{"rendered":"https:\/\/frantoiosanmartino.com\/unkategorisiert\/verkauf-olivenol-zitrone\/"},"modified":"2024-11-21T10:42:19","modified_gmt":"2024-11-21T09:42:19","slug":"verkauf-olivenol-zitrone","status":"publish","type":"product","link":"https:\/\/www.frantoiosanmartino.com\/de\/wurzole\/verkauf-olivenol-zitrone\/","title":{"rendered":"Natives Oliven\u00f6l  Extra mit Zitrone 250ml &#8211; Kiste 6 Flaschen"},"content":{"rendered":"<p>Ein k\u00f6stliches aromatisches \u00d6l auf Basis von hochwertigem ligurischem Nativem Oliven\u00f6l Extra der \u00d6lm\u00fchle San Martino und Zitrone: unser <b>Zitronen-\u00d6l<\/b> wird nach einem alten Rezept hergestellt und aus der gleichzeitigen Pressung unserer besten Oliven und ausgew\u00e4hlter Zitronen gewonnen, um Ihren Gerichten und Salaten eine dynamische Erg\u00e4nzung zu verleihen.<\/p>\n<p>Sie finden unser <b>aromatisiertes Zitronen-Oliven\u00f6l online auf unserer Website<\/b>. Das \u00d6l wird in dunkle Glasflaschen abgef\u00fcllt, um seinen Geschmack und sein Aroma zu erhalten.<\/p>\n<div class=\"prod-loghi\"><img decoding=\"async\" class=\"alignnone size-full wp-image-1521\" src=\"https:\/\/frantoiosanmartino.com\/wp-content\/uploads\/2018\/09\/logo-taggiasca-b.png\" alt=\"\" width=\"150\" height=\"50\" srcset=\"https:\/\/www.frantoiosanmartino.com\/wp-content\/uploads\/2018\/09\/logo-taggiasca-b.png 150w, https:\/\/www.frantoiosanmartino.com\/wp-content\/uploads\/2018\/09\/logo-taggiasca-b-64x21.png 64w\" sizes=\"(max-width: 150px) 100vw, 150px\" \/><\/div>\n<div class=\"caratteristiche\">\n<p class=\"tit_cara\">EIGENSCHAFTEN<\/p>\n<p><strong>Gewicht<\/strong>: dunkle Glasflasche zu 250 ml<br \/>\n<strong>Zutaten<\/strong>: 100% italienisches natives Oliven\u00f6l extra, Zitrone 2%<br \/>\n<strong>Geschmacksempfehlungen<\/strong>: Das Zitronen-Oliven\u00f6l der \u00d6lm\u00fchle San Martino ist die perfekte Erg\u00e4nzung zu Salaten und Sommergerichten und eignet sich auch hervorragend zu Fisch.<br \/>\n<b>Aufbewahrung:<\/b> An einem k\u00fchlen, trockenen Ort fern von W\u00e4rmequellen lagern.<\/p>\n<p><b>N\u00c4HRWERTANGABEN DURCHSCHNITTLICHE WERTE PRO 100g PRODUKT:<\/b><\/p>\n<table>\n<tbody>\n<tr>\n<td>Energie<\/td>\n<td>3762 Kj \u2013 899 Kcal<\/td>\n<\/tr>\n<tr>\n<td>Fette<\/td>\n<td>99,9 g (davon ges\u00e4ttigte Fetts\u00e4uren 14,5 g)<\/td>\n<\/tr>\n<tr>\n<td>Kohlenhydrate<\/td>\n<td>0 g (davon Zucker 0 g)<\/td>\n<\/tr>\n<tr>\n<td>Eiwei\u00df<\/td>\n<td>0 g<\/td>\n<\/tr>\n<tr>\n<td>Salz<\/td>\n<td>0 g<\/td>\n<\/tr>\n<\/tbody>\n<\/table>\n<\/div>\n","protected":false},"excerpt":{"rendered":"<p>Natives Oliven\u00f6l Extra mit Zitrone.<strong> Legst du mehr als eine Kiste in den Warenkorb, erh\u00e4ltst du einen <span style=\"color: red;\">Preisnachlass von 3%<\/span><\/strong><\/p>\n","protected":false},"featured_media":2855,"comment_status":"open","ping_status":"closed","template":"","meta":[],"product_brand":[],"product_cat":[129],"product_tag":[],"class_list":{"0":"post-3668","1":"product","2":"type-product","3":"status-publish","4":"has-post-thumbnail","6":"product_cat-wurzole","8":"first","9":"instock","10":"shipping-taxable","11":"purchasable","12":"product-type-simple"},"_links":{"self":[{"href":"https:\/\/www.frantoiosanmartino.com\/de\/wp-json\/wp\/v2\/product\/3668","targetHints":{"allow":["GET"]}}],"collection":[{"href":"https:\/\/www.frantoiosanmartino.com\/de\/wp-json\/wp\/v2\/product"}],"about":[{"href":"https:\/\/www.frantoiosanmartino.com\/de\/wp-json\/wp\/v2\/types\/product"}],"replies":[{"embeddable":true,"href":"https:\/\/www.frantoiosanmartino.com\/de\/wp-json\/wp\/v2\/comments?post=3668"}],"wp:featuredmedia":[{"embeddable":true,"href":"https:\/\/www.frantoiosanmartino.com\/de\/wp-json\/wp\/v2\/media\/2855"}],"wp:attachment":[{"href":"https:\/\/www.frantoiosanmartino.com\/de\/wp-json\/wp\/v2\/media?parent=3668"}],"wp:term":[{"taxonomy":"product_brand","embeddable":true,"href":"https:\/\/www.frantoiosanmartino.com\/de\/wp-json\/wp\/v2\/product_brand?post=3668"},{"taxonomy":"product_cat","embeddable":true,"href":"https:\/\/www.frantoiosanmartino.com\/de\/wp-json\/wp\/v2\/product_cat?post=3668"},{"taxonomy":"product_tag","embeddable":true,"href":"https:\/\/www.frantoiosanmartino.com\/de\/wp-json\/wp\/v2\/product_tag?post=3668"}],"curies":[{"name":"wp","href":"https:\/\/api.w.org\/{rel}","templated":true}]}}