{"id":3666,"date":"2018-04-30T14:29:17","date_gmt":"2018-04-30T14:29:17","guid":{"rendered":"https:\/\/frantoiosanmartino.com\/unkategorisiert\/verkauf-olivenol-basilikum\/"},"modified":"2024-11-21T10:39:37","modified_gmt":"2024-11-21T09:39:37","slug":"verkauf-olivenol-basilikum","status":"publish","type":"product","link":"https:\/\/www.frantoiosanmartino.com\/de\/wurzole\/verkauf-olivenol-basilikum\/","title":{"rendered":"Natives Oliven\u00f6l Extra mit Basilikum 250ml &#8211; Kiste 6 Flaschen"},"content":{"rendered":"<p><b>Das Basilikum-\u00d6l der \u00d6lm\u00fchle San Martino, das online zum Verkauf steht<\/b>, kombiniert zwei der beliebtesten Zutaten der mediterranen K\u00fcche: Das duftende ligurische Basilikum wird mit dem wertvollen Nativen Oliven\u00f6l Extra aus unserer Produktion vereint. Dies entsteht dank eines langen und sorgf\u00e4ltigen Prozesses, der Mazeration , die nach traditioneller Art und Weise erfolgt.<\/p>\n<p>Das Ergebnis ist ein einzigartiges und kostbares aromatisches \u00d6l, das einen idealen Geschmack in die K\u00fcche zaubert. Sie k\u00f6nnen unser Basilikum-\u00d6l online kaufen. Es wird in dunkle Glasflaschen abgef\u00fcllt, um seine exquisiten Eigenschaften auch im Laufe der Zeit bewahren zu k\u00f6nnen.<\/p>\n<div class=\"prod-loghi\"><img decoding=\"async\" class=\"alignnone size-full wp-image-1521\" src=\"https:\/\/frantoiosanmartino.com\/wp-content\/uploads\/2018\/09\/logo-taggiasca-b.png\" alt=\"\" width=\"150\" height=\"50\" srcset=\"https:\/\/www.frantoiosanmartino.com\/wp-content\/uploads\/2018\/09\/logo-taggiasca-b.png 150w, https:\/\/www.frantoiosanmartino.com\/wp-content\/uploads\/2018\/09\/logo-taggiasca-b-64x21.png 64w\" sizes=\"(max-width: 150px) 100vw, 150px\" \/><\/div>\n<div class=\"caratteristiche\">\n<p class=\"tit_cara\">EIGENSCHAFTEN<\/p>\n<p><strong>Gewicht<\/strong>: dunkle Glasflasche zu 250 ml<br \/>\n<strong>Zutaten<\/strong>: 100% italienisches natives Oliven\u00f6l extra, Basilikum 2%<br \/>\n<strong>Geschmacksempfehlungen<\/strong>: Unser Basilikum-\u00d6l ist die perfekte Erg\u00e4nzung zu Salaten und Caprese oder Gerichten der ethnischen K\u00fcche und kann auch ideal bei der Zubereitung von Saucen der italienischen Tradition und mediterranen Gerichten eingesetzt werden.<br \/>\n<b>Aufbewahrung:<\/b> An einem k\u00fchlen, trockenen Ort fern von W\u00e4rmequellen lagern.<\/p>\n<p><b>N\u00c4HRWERTANGABEN DURCHSCHNITTLICHE WERTE PRO 100g PRODUKT:<\/b><\/p>\n<table>\n<tbody>\n<tr>\n<td>Energie<\/td>\n<td>3762 Kj \u2013 899 Kcal<\/td>\n<\/tr>\n<tr>\n<td>Fette<\/td>\n<td>99,9 g (davon ges\u00e4ttigte Fetts\u00e4uren 14,5 g)<\/td>\n<\/tr>\n<tr>\n<td>Kohlenhydrate<\/td>\n<td>0 g (davon Zucker 0 g)<\/td>\n<\/tr>\n<tr>\n<td>Eiwei\u00df<\/td>\n<td>0 g<\/td>\n<\/tr>\n<tr>\n<td>Salz<\/td>\n<td>0 g<\/td>\n<\/tr>\n<\/tbody>\n<\/table>\n<\/div>\n","protected":false},"excerpt":{"rendered":"<p>Natives Oliven\u00f6l Extra mit Basilikum.<strong> Legst du mehr als eine Kiste in den Warenkorb, erh\u00e4ltst du einen <span style=\"color: red;\">Preisnachlass von 3%<\/span><\/strong><\/p>\n","protected":false},"featured_media":2829,"comment_status":"open","ping_status":"closed","template":"","meta":[],"product_brand":[],"product_cat":[129],"product_tag":[],"class_list":{"0":"post-3666","1":"product","2":"type-product","3":"status-publish","4":"has-post-thumbnail","6":"product_cat-wurzole","8":"first","9":"instock","10":"shipping-taxable","11":"purchasable","12":"product-type-simple"},"_links":{"self":[{"href":"https:\/\/www.frantoiosanmartino.com\/de\/wp-json\/wp\/v2\/product\/3666","targetHints":{"allow":["GET"]}}],"collection":[{"href":"https:\/\/www.frantoiosanmartino.com\/de\/wp-json\/wp\/v2\/product"}],"about":[{"href":"https:\/\/www.frantoiosanmartino.com\/de\/wp-json\/wp\/v2\/types\/product"}],"replies":[{"embeddable":true,"href":"https:\/\/www.frantoiosanmartino.com\/de\/wp-json\/wp\/v2\/comments?post=3666"}],"wp:featuredmedia":[{"embeddable":true,"href":"https:\/\/www.frantoiosanmartino.com\/de\/wp-json\/wp\/v2\/media\/2829"}],"wp:attachment":[{"href":"https:\/\/www.frantoiosanmartino.com\/de\/wp-json\/wp\/v2\/media?parent=3666"}],"wp:term":[{"taxonomy":"product_brand","embeddable":true,"href":"https:\/\/www.frantoiosanmartino.com\/de\/wp-json\/wp\/v2\/product_brand?post=3666"},{"taxonomy":"product_cat","embeddable":true,"href":"https:\/\/www.frantoiosanmartino.com\/de\/wp-json\/wp\/v2\/product_cat?post=3666"},{"taxonomy":"product_tag","embeddable":true,"href":"https:\/\/www.frantoiosanmartino.com\/de\/wp-json\/wp\/v2\/product_tag?post=3666"}],"curies":[{"name":"wp","href":"https:\/\/api.w.org\/{rel}","templated":true}]}}