{"id":3665,"date":"2018-04-30T14:24:10","date_gmt":"2018-04-30T14:24:10","guid":{"rendered":"https:\/\/frantoiosanmartino.com\/unkategorisiert\/verkauf-sardellenfilets\/"},"modified":"2024-11-21T10:32:30","modified_gmt":"2024-11-21T09:32:30","slug":"verkauf-sardellenfilets","status":"publish","type":"product","link":"https:\/\/www.frantoiosanmartino.com\/de\/meeresprodukte\/verkauf-sardellenfilets\/","title":{"rendered":"Sardellenfilets 200g &#8211; Kiste 6 Gl\u00e4ser"},"content":{"rendered":"<p><b>Die in nativem Oliven\u00f6l extra eingelegten Sardellenfilets<\/b> von der \u00d6lm\u00fchle \u201eFrantoio San Martino\u201c verbinden den Geschmack und die nat\u00fcrliche Echtheit des <b>frischen Fettfisches aus dem ligurischen Meeres<\/b> mit dem einzigartigem Geschmack des Oliven\u00f6ls von Imperia, das in unserer \u00d6lm\u00fchle in Dolcedo hergestellt wird: Wir haben die besten heimischen Sardellenfilets ausgew\u00e4hlt und sie in wiederverwertbaren Gl\u00e4sern eingelegt, um sie immer wieder wie frisch gefangen genie\u00dfen zu k\u00f6nnen. Wie auch alle anderen von der \u00d6lm\u00fchle \u201eFrantoio San Martino\u201c signierten Produkte, sind sie das Ergebnis von <b>Sorgfalt und Leidenschaft f\u00fcr das Wiedererlangen der traditionellen ligurischen Produktion<\/b>.<\/p>\n<div class=\"caratteristiche\">\n<p class=\"tit_cara\">EIGENSCHAFTEN<\/p>\n<p><b>Gewicht: <\/b>Einmachglas zu 200 g<br \/>\n<b>Zutaten: <\/b><strong>Sardellen<\/strong> (Engraulis Encrasicholus), natives Oliven\u00f6l extra, Salz.<br \/>\n<b>Empfehlungen f\u00fcr den Verzehr:<\/b> Ideal zu einem St\u00fcck Brot. Unsere Sardellen sind eine hervorragende Erg\u00e4nzung zu ersten G\u00e4ngen und Salaten.<br \/>\n<b>Aufbewahrung:<\/b> An einem k\u00fchlen, trockenen Ort fern von W\u00e4rmequellen lagern. Nach dem \u00d6ffnen mit \u00d6l bedecken und im K\u00fchlschrank aufbewahren.<\/p>\n<p><b>N\u00c4HRWERTANGABEN DURCHSCHNITTLICHE WERTE PRO 100g PRODUKT:<\/b><\/p>\n<table>\n<tbody>\n<tr>\n<td>Energie<\/td>\n<td>826 Kj \u2013 206 Kcal<\/td>\n<\/tr>\n<tr>\n<td>Fette<\/td>\n<td>11,3 g (davon ges\u00e4ttigte Fetts\u00e4uren 2,2 g)<\/td>\n<\/tr>\n<tr>\n<td>Kohlenhydrate<\/td>\n<td>0,2 g (davon Zucker 0,2 g)<\/td>\n<\/tr>\n<tr>\n<td>Eiwei\u00df<\/td>\n<td>26 g<\/td>\n<\/tr>\n<tr>\n<td>Salz<\/td>\n<td>1,2 g<\/td>\n<\/tr>\n<\/tbody>\n<\/table>\n<\/div>\n","protected":false},"excerpt":{"rendered":"<p>Schmackhafte in nativem Oliven\u00f6l extra eingelegte Sardellenfilets.<strong> Legst du mehr als eine Kiste in den Warenkorb, erh\u00e4ltst du einen <span style=\"color: red;\">Preisnachlass von 3%<\/span><\/strong><\/p>\n","protected":false},"featured_media":2893,"comment_status":"open","ping_status":"closed","template":"","meta":[],"product_brand":[],"product_cat":[130],"product_tag":[],"class_list":{"0":"post-3665","1":"product","2":"type-product","3":"status-publish","4":"has-post-thumbnail","6":"product_cat-meeresprodukte","8":"first","9":"instock","10":"shipping-taxable","11":"purchasable","12":"product-type-simple"},"_links":{"self":[{"href":"https:\/\/www.frantoiosanmartino.com\/de\/wp-json\/wp\/v2\/product\/3665","targetHints":{"allow":["GET"]}}],"collection":[{"href":"https:\/\/www.frantoiosanmartino.com\/de\/wp-json\/wp\/v2\/product"}],"about":[{"href":"https:\/\/www.frantoiosanmartino.com\/de\/wp-json\/wp\/v2\/types\/product"}],"replies":[{"embeddable":true,"href":"https:\/\/www.frantoiosanmartino.com\/de\/wp-json\/wp\/v2\/comments?post=3665"}],"wp:featuredmedia":[{"embeddable":true,"href":"https:\/\/www.frantoiosanmartino.com\/de\/wp-json\/wp\/v2\/media\/2893"}],"wp:attachment":[{"href":"https:\/\/www.frantoiosanmartino.com\/de\/wp-json\/wp\/v2\/media?parent=3665"}],"wp:term":[{"taxonomy":"product_brand","embeddable":true,"href":"https:\/\/www.frantoiosanmartino.com\/de\/wp-json\/wp\/v2\/product_brand?post=3665"},{"taxonomy":"product_cat","embeddable":true,"href":"https:\/\/www.frantoiosanmartino.com\/de\/wp-json\/wp\/v2\/product_cat?post=3665"},{"taxonomy":"product_tag","embeddable":true,"href":"https:\/\/www.frantoiosanmartino.com\/de\/wp-json\/wp\/v2\/product_tag?post=3665"}],"curies":[{"name":"wp","href":"https:\/\/api.w.org\/{rel}","templated":true}]}}