{"id":3664,"date":"2018-04-30T14:25:29","date_gmt":"2018-04-30T14:25:29","guid":{"rendered":"https:\/\/frantoiosanmartino.com\/unkategorisiert\/verkauf-thunfischfilets\/"},"modified":"2024-11-21T10:36:36","modified_gmt":"2024-11-21T09:36:36","slug":"verkauf-thunfischfilets","status":"publish","type":"product","link":"https:\/\/www.frantoiosanmartino.com\/de\/meeresprodukte\/verkauf-thunfischfilets\/","title":{"rendered":"Thunfischfilets 185g &#8211; Kiste 6 Gl\u00e4ser"},"content":{"rendered":"<p>In erlesenem nativen Oliven\u00f6l extra eingelegte und sorgf\u00e4ltig ausgew\u00e4hlte Thunfischfilets aus unserer \u00d6lm\u00fchle von Dolcedo in der Provinz Imperia: <b>Die in Oliven\u00f6l eingelegten Thunfischfilets<\/b> unserer \u00d6lm\u00fchle \u201cFrantoio San Martino\u201d bringen den in der k\u00f6stlichen und kostbaren Konserve enthaltenen echten Meeresduft auf den Tisch, die die Feinschmecker nicht entt\u00e4uschen werden. Wir sind auf typische Produkte der regionalen ligurischen Gastronomie spezialisiert und servieren die besten Konserven am Tisch, die mit traditionellen Rezepten durch Wiedererlangen von antiken Produktionstechniken zubereitet werden: Die Meeresprodukte geh\u00f6ren zu unserem Flaggschiff.<\/p>\n<div class=\"caratteristiche\">\n<p class=\"tit_cara\">EIGENSCHAFTEN<\/p>\n<p><b>Gewicht: <\/b>Einmachglas zu 185 g<br \/>\n<b>Zutaten: <\/b><strong>Thunfisch<\/strong> (Thunnus Albacares), natives Oliven\u00f6l extra, Salz.<br \/>\n<b>Empfehlungen f\u00fcr den Verzehr:<\/b> Unsere in Oliven\u00f6l eingelegten Thunfischfilets sind sowohl ideal zu begehrten Bruschettas (ger\u00f6stete Wei\u00dfbrotscheibe mit Knoblauch, \u00d6l und Tomaten) wie auch zu Salaten und Nudelgerichten. Au\u00dferdem kann man die Thunfischfilets f\u00fcr die Zubereitung von geschmacksvolleren Nachspeisen probieren.<br \/>\n<b>Aufbewahrung:<\/b> An einem k\u00fchlen, trockenen Ort fern von W\u00e4rmequellen lagern. Nach dem \u00d6ffnen mit \u00d6l bedecken und im K\u00fchlschrank aufbewahren.<\/p>\n<p><b>N\u00c4HRWERTANGABEN DURCHSCHNITTLICHE WERTE PRO 100g PRODUKT:<\/b><\/p>\n<table>\n<tbody>\n<tr>\n<td>Energie<\/td>\n<td>900 Kj \u2013 215 Kcal<\/td>\n<\/tr>\n<tr>\n<td>Fette<\/td>\n<td>12,6 g (davon ges\u00e4ttigte Fetts\u00e4uren 1,9 g)<\/td>\n<\/tr>\n<tr>\n<td>Kohlenhydrate<\/td>\n<td>0 g (davon Zucker 0 g)<\/td>\n<\/tr>\n<tr>\n<td>Eiwei\u00df<\/td>\n<td>25,5 g<\/td>\n<\/tr>\n<tr>\n<td>Salz<\/td>\n<td>0,5 g<\/td>\n<\/tr>\n<\/tbody>\n<\/table>\n<\/div>\n","protected":false},"excerpt":{"rendered":"<p>In natives Oliven\u00f6l extra eingelegte schmackhafte Thunfischfilets. <strong> Legst du mehr als eine Kiste in den Warenkorb, erh\u00e4ltst du einen <span style=\"color: red;\">Preisnachlass von 3%<\/span><\/strong><\/p>\n","protected":false},"featured_media":2899,"comment_status":"open","ping_status":"closed","template":"","meta":[],"product_brand":[],"product_cat":[130],"product_tag":[],"class_list":{"0":"post-3664","1":"product","2":"type-product","3":"status-publish","4":"has-post-thumbnail","6":"product_cat-meeresprodukte","8":"first","9":"instock","10":"shipping-taxable","11":"purchasable","12":"product-type-simple"},"_links":{"self":[{"href":"https:\/\/www.frantoiosanmartino.com\/de\/wp-json\/wp\/v2\/product\/3664","targetHints":{"allow":["GET"]}}],"collection":[{"href":"https:\/\/www.frantoiosanmartino.com\/de\/wp-json\/wp\/v2\/product"}],"about":[{"href":"https:\/\/www.frantoiosanmartino.com\/de\/wp-json\/wp\/v2\/types\/product"}],"replies":[{"embeddable":true,"href":"https:\/\/www.frantoiosanmartino.com\/de\/wp-json\/wp\/v2\/comments?post=3664"}],"wp:featuredmedia":[{"embeddable":true,"href":"https:\/\/www.frantoiosanmartino.com\/de\/wp-json\/wp\/v2\/media\/2899"}],"wp:attachment":[{"href":"https:\/\/www.frantoiosanmartino.com\/de\/wp-json\/wp\/v2\/media?parent=3664"}],"wp:term":[{"taxonomy":"product_brand","embeddable":true,"href":"https:\/\/www.frantoiosanmartino.com\/de\/wp-json\/wp\/v2\/product_brand?post=3664"},{"taxonomy":"product_cat","embeddable":true,"href":"https:\/\/www.frantoiosanmartino.com\/de\/wp-json\/wp\/v2\/product_cat?post=3664"},{"taxonomy":"product_tag","embeddable":true,"href":"https:\/\/www.frantoiosanmartino.com\/de\/wp-json\/wp\/v2\/product_tag?post=3664"}],"curies":[{"name":"wp","href":"https:\/\/api.w.org\/{rel}","templated":true}]}}