{"id":3660,"date":"2018-04-30T14:14:14","date_gmt":"2018-04-30T14:14:14","guid":{"rendered":"https:\/\/frantoiosanmartino.com\/unkategorisiert\/verkauf-nusssauce\/"},"modified":"2024-11-21T10:29:39","modified_gmt":"2024-11-21T09:29:39","slug":"verkauf-nusssauce","status":"publish","type":"product","link":"https:\/\/www.frantoiosanmartino.com\/de\/gemusegartenprodukte\/verkauf-nusssauce\/","title":{"rendered":"Nusssauce 180g &#8211; Kiste 6 Gl\u00e4ser"},"content":{"rendered":"<p>Die <b>Nusssauce<\/b> ist ein <b>regionales Gew\u00fcrz aus Ligurien<\/b> , die mit N\u00fcssen und Sahne zubereitet wird: diese cremige Sauce, die in der ganzen Region und dar\u00fcber hinaus sehr beliebt ist, wird von traditionellen ligurischen Teigwaren begleitet; besonders ideal sind gef\u00fcllte Nudeln; Beispiel sind die traditionellen <b>Pansoti mit Nusssauce<\/b>. Dieses erste Gericht ist in der ligurischen Gastronomie weniger bekannt als das Pesto aus Genua. Aber es ist genauso lecker. Die Nusssauce wird online auf der Internetseite der \u00d6lm\u00fchle San Martino verkauft und wird direkt vor Ort in Dolcedo, Imperia, mit nat\u00fcrlichen Zutaten aus unserem Land produziert.<\/p>\n<div class=\"caratteristiche\">\n<p class=\"tit_cara\">DATEN<\/p>\n<p><b>Gewicht: <\/b>Glas von 180 gr<br \/>\n<b>Zutaten: <\/b>Natives Oliven\u00f6l extra, <strong>Waln\u00fcsse<\/strong>, <strong>Cashewkerne<\/strong>, <strong>Molke<\/strong>, Reismehl, Salz, Maisst\u00e4rke, Weinessig, Knoblauch, <strong>gereifte K\u00e4se<\/strong> und <strong>Parmigiano Reggiano<\/strong> (<strong>Milch<\/strong>, Salz, Lab), Majoran, S\u00e4ureregulatoren: Zitronens\u00e4ure, Milchs\u00e4ure.<br \/>\n<b>Geschmacksempfehlungen:<\/b> Hervorragend zum W\u00fcrzen von Nudelgerichten. Unsere Nusssauce passt perfekt zu gef\u00fcllten Nudeln, vor allem zu ligurischen Nudeln. Traditionell wird sie mit typischen Pansoti serviert.<br \/>\n<b>Aufbewahrung:<\/b> An einem k\u00fchlen, trockenen Ort fern von W\u00e4rmequellen lagern. Nach dem \u00d6ffnen mit \u00d6l bedecken und im K\u00fchlschrank aufbewahren.<\/p>\n<p><strong>N\u00c4HRWERTANGABEN DURCHSCHNITTLICHE WERTE PRO 100g PRODUKT:<\/strong><\/p>\n<table>\n<tbody>\n<tr>\n<td>Energie<\/td>\n<td>2758 Kj \u2013 668 Kcal<\/td>\n<\/tr>\n<tr>\n<td>Fette<\/td>\n<td>62 g (davon ges\u00e4ttigte Fetts\u00e4uren 8,5 g)<\/td>\n<\/tr>\n<tr>\n<td>Kohlenhydrate<\/td>\n<td>20 g (davon Zucker 5,8 g)<\/td>\n<\/tr>\n<tr>\n<td>Eiwei\u00df<\/td>\n<td>6,9 g<\/td>\n<\/tr>\n<tr>\n<td>Salz<\/td>\n<td>1,5 g<\/td>\n<\/tr>\n<\/tbody>\n<\/table>\n<\/div>\n","protected":false},"excerpt":{"rendered":"<p>Die typische Nusssauce mit Zutaten aus dem ligurischen Gebiet.<strong> Legst du mehr als eine Kiste in den Warenkorb, erh\u00e4ltst du einen <span style=\"color: red;\">Preisnachlass von 3%<\/span><\/strong><\/p>\n","protected":false},"featured_media":2902,"comment_status":"open","ping_status":"closed","template":"","meta":[],"product_brand":[],"product_cat":[132],"product_tag":[],"class_list":{"0":"post-3660","1":"product","2":"type-product","3":"status-publish","4":"has-post-thumbnail","6":"product_cat-gemusegartenprodukte","8":"first","9":"instock","10":"shipping-taxable","11":"purchasable","12":"product-type-simple"},"_links":{"self":[{"href":"https:\/\/www.frantoiosanmartino.com\/de\/wp-json\/wp\/v2\/product\/3660","targetHints":{"allow":["GET"]}}],"collection":[{"href":"https:\/\/www.frantoiosanmartino.com\/de\/wp-json\/wp\/v2\/product"}],"about":[{"href":"https:\/\/www.frantoiosanmartino.com\/de\/wp-json\/wp\/v2\/types\/product"}],"replies":[{"embeddable":true,"href":"https:\/\/www.frantoiosanmartino.com\/de\/wp-json\/wp\/v2\/comments?post=3660"}],"wp:featuredmedia":[{"embeddable":true,"href":"https:\/\/www.frantoiosanmartino.com\/de\/wp-json\/wp\/v2\/media\/2902"}],"wp:attachment":[{"href":"https:\/\/www.frantoiosanmartino.com\/de\/wp-json\/wp\/v2\/media?parent=3660"}],"wp:term":[{"taxonomy":"product_brand","embeddable":true,"href":"https:\/\/www.frantoiosanmartino.com\/de\/wp-json\/wp\/v2\/product_brand?post=3660"},{"taxonomy":"product_cat","embeddable":true,"href":"https:\/\/www.frantoiosanmartino.com\/de\/wp-json\/wp\/v2\/product_cat?post=3660"},{"taxonomy":"product_tag","embeddable":true,"href":"https:\/\/www.frantoiosanmartino.com\/de\/wp-json\/wp\/v2\/product_tag?post=3660"}],"curies":[{"name":"wp","href":"https:\/\/api.w.org\/{rel}","templated":true}]}}