{"id":3655,"date":"2018-02-14T16:23:14","date_gmt":"2018-02-14T16:23:14","guid":{"rendered":"https:\/\/frantoiosanmartino.com\/unkategorisiert\/verkauf-oliven-salzwasser\/"},"modified":"2024-11-20T12:54:00","modified_gmt":"2024-11-20T11:54:00","slug":"verkauf-oliven-salzwasser","status":"publish","type":"product","link":"https:\/\/www.frantoiosanmartino.com\/de\/oliven-taggiasca\/verkauf-oliven-salzwasser\/","title":{"rendered":"Taggiasca Oliven in Salzwasser &#8211; Kiste 6 Gl\u00e4ser"},"content":{"rendered":"<p>Die <b>Taggiasca Olive<\/b> ist weltweit f\u00fcr die Herstellung des ber\u00fchmten ligurischen Oliven\u00f6ls bekannt. Sie besitzt einen s\u00fc\u00dfen und aromatischen Geschmack und <b>macht sie so zum Genuss ohne weitere Erg\u00e4nzungen oder Gew\u00fcrze perfekt<\/b>. Deswegen sind <b>die, in Salzwasser eingelegten, Oliven<\/b> eines der beliebtesten Produkte auf unserer Internetseite. Die \u00d6lm\u00fchle San Martino hat die <b>besten Taggiasche Oliven ausgew\u00e4hlt<\/b>, die, wie zu alten Zeiten, mit Hand geerntet wurden um dann in Salzwasser eingelegt zu werden. Dieser Vorgang wird einige Monate vor dem Verzehr der Oliven durchgef\u00fchrt. Es werden nur Wasser, Salz und aromatische Kr\u00e4uter dazugegeben, sodass die Frucht ihre nat\u00fcrlichen Eigenschaften beibehalten kann. Diese Olive ist eine Frucht die keine weiteren Zus\u00e4tze ben\u00f6tigt.<\/p>\n<p>Eine kleine Olive mit einem einzigartigen Geschmack, leicht salzig und bitterer Nachgeschmack: Nat\u00fcrlichkeit, Tradition und territoriale Exzellenz treffen bei den <b>in Salzwasser eingelegten Oliven<\/b>aufeinander. Diese sind in recycelbaren Gl\u00e4sern von 180 Gr. und 350 Gr. erh\u00e4ltlich.<\/p>\n<div class=\"prod-loghi\"><img decoding=\"async\" class=\"alignnone size-full wp-image-1521\" src=\"https:\/\/frantoiosanmartino.com\/wp-content\/uploads\/2018\/09\/logo-taggiasca-b.png\" alt=\"\" width=\"150\" height=\"50\" srcset=\"https:\/\/www.frantoiosanmartino.com\/wp-content\/uploads\/2018\/09\/logo-taggiasca-b.png 150w, https:\/\/www.frantoiosanmartino.com\/wp-content\/uploads\/2018\/09\/logo-taggiasca-b-64x21.png 64w\" sizes=\"(max-width: 150px) 100vw, 150px\" \/><\/div>\n<div class=\"caratteristiche\">\n<p class=\"tit_cara\">EIGENSCHAFTEN<\/p>\n<p><b>Farbe:<\/b> kleine gr\u00fcne und schwarze Oliven<br \/>\n<b>Aroma:<\/b> s\u00fc\u00df mit einem Hauch von aromatischen Kr\u00e4utern<br \/>\n<b>Geschmack:<\/b> leicht gesalzen und mit einem bitteren Nachgeschmack<br \/>\n<b>Gewicht:<\/b> Glas von 180 gr, 350 gr<br \/>\n<b>Zutaten:<\/b> Taggiasca-Oliven, Wasser, Salz, nat\u00fcrliche Aromen.<br \/>\n&lt;bGeschmacksempfehlungen: Ideal als Aperitif und Vorspeise. Unsere, in Salzwasser gelegten, Taggiasche Oliven passen als Beilage zu jedem gekochten oder rohen Gericht (Meeresprodukte oder Produkte vom Land). Sie passen auch perfekt zu Salaten oder Pizzas und focacce.<br \/>\n<b>Aufbewahrung<\/b>: K\u00fchl und trocken lagern, fern von W\u00e4rmequellen.<\/p>\n<p>N\u00c4HRWERTDEKLARATION DURCHSCHNITTLICHE WERTE PRO 100g PRODUKT:<\/p>\n<table>\n<tbody>\n<tr>\n<td>energie<\/td>\n<td>872 Kj \u2013 212 Kcal<\/td>\n<\/tr>\n<tr>\n<td>fett<\/td>\n<td>22,2 g (davon ges\u00e4ttigte Fetts\u00e4uren 2,8 g)<\/td>\n<\/tr>\n<tr>\n<td>kohlenhydrate<\/td>\n<td>1,3 g (davon Zucker 0 g)<\/td>\n<\/tr>\n<tr>\n<td>eiwei\u00df<\/td>\n<td>1,6 g<\/td>\n<\/tr>\n<tr>\n<td>salz<\/td>\n<td>3,1 g<\/td>\n<\/tr>\n<\/tbody>\n<\/table>\n<\/div>\n","protected":false},"excerpt":{"rendered":"<p>Verkauf von Taggiasca Oliven in Salzwasser im Glas.<strong> Legst du mehr als eine Kiste in den Warenkorb, erh\u00e4ltst du einen <span style=\"color: red;\">Preisnachlass von 3%<\/span><\/strong><\/p>\n","protected":false},"featured_media":2875,"comment_status":"open","ping_status":"closed","template":"","meta":[],"product_brand":[],"product_cat":[128],"product_tag":[],"class_list":{"0":"post-3655","1":"product","2":"type-product","3":"status-publish","4":"has-post-thumbnail","6":"product_cat-oliven-taggiasca","8":"first","9":"instock","10":"shipping-taxable","11":"purchasable","12":"product-type-variable"},"_links":{"self":[{"href":"https:\/\/www.frantoiosanmartino.com\/de\/wp-json\/wp\/v2\/product\/3655","targetHints":{"allow":["GET"]}}],"collection":[{"href":"https:\/\/www.frantoiosanmartino.com\/de\/wp-json\/wp\/v2\/product"}],"about":[{"href":"https:\/\/www.frantoiosanmartino.com\/de\/wp-json\/wp\/v2\/types\/product"}],"replies":[{"embeddable":true,"href":"https:\/\/www.frantoiosanmartino.com\/de\/wp-json\/wp\/v2\/comments?post=3655"}],"wp:featuredmedia":[{"embeddable":true,"href":"https:\/\/www.frantoiosanmartino.com\/de\/wp-json\/wp\/v2\/media\/2875"}],"wp:attachment":[{"href":"https:\/\/www.frantoiosanmartino.com\/de\/wp-json\/wp\/v2\/media?parent=3655"}],"wp:term":[{"taxonomy":"product_brand","embeddable":true,"href":"https:\/\/www.frantoiosanmartino.com\/de\/wp-json\/wp\/v2\/product_brand?post=3655"},{"taxonomy":"product_cat","embeddable":true,"href":"https:\/\/www.frantoiosanmartino.com\/de\/wp-json\/wp\/v2\/product_cat?post=3655"},{"taxonomy":"product_tag","embeddable":true,"href":"https:\/\/www.frantoiosanmartino.com\/de\/wp-json\/wp\/v2\/product_tag?post=3655"}],"curies":[{"name":"wp","href":"https:\/\/api.w.org\/{rel}","templated":true}]}}