{"id":3650,"date":"2018-04-30T14:09:38","date_gmt":"2018-04-30T14:09:38","guid":{"rendered":"https:\/\/frantoiosanmartino.com\/unkategorisiert\/verkauf-olivenpate\/"},"modified":"2024-11-20T12:46:01","modified_gmt":"2024-11-20T11:46:01","slug":"verkauf-olivenpate","status":"publish","type":"product","link":"https:\/\/www.frantoiosanmartino.com\/de\/oliven-taggiasca\/verkauf-olivenpate\/","title":{"rendered":"Taggiasca Olivenpat\u00e9 &#8211; Kiste 6 Gl\u00e4ser"},"content":{"rendered":"<p>Eine cremige Umarmung aus echter ligurischer Taggiasca und hochwertigem Oliven\u00f6l: <b>Das Taggiasca Olivenpat\u00e9 der \u00d6lm\u00fchle San Martino<\/b> ist ein wahres gastronomisches Erlebnis, das Tradition und Nat\u00fcrlichkeit verbindet. Wir haben die <b>besten Taggiasche-Oliven<\/b> in unserer Produktion von Dolcedo, in der Provinz Imperia, ausgew\u00e4hlt und haben unser kostbares Oliven\u00f6l dazugegeben. Somit haben wir eine k\u00f6stliche Creme mit hervorragender Konsistenz, Geschmack und Aroma kreiert: Das Ergebnis ist ein sehr hochwertiges Pat\u00e9 mit unz\u00e4hligen Geschmacks- und Farbnuancen, ideal zur Verkostung auf selbstgebackenem Brot und als Begleitung zu besonderen Aperitifs.<\/p>\n<p>Das Taggiasca Olivenpat\u00e9 ist in recycelbaren Gl\u00e4sern in den Gr\u00f6\u00dfen 180 gr und 270 gr. erh\u00e4ltlich.<\/p>\n<div class=\"prod-loghi\"><img decoding=\"async\" class=\"alignnone size-full wp-image-1521\" src=\"https:\/\/frantoiosanmartino.com\/wp-content\/uploads\/2018\/09\/logo-taggiasca-b.png\" alt=\"\" width=\"150\" height=\"50\" srcset=\"https:\/\/www.frantoiosanmartino.com\/wp-content\/uploads\/2018\/09\/logo-taggiasca-b.png 150w, https:\/\/www.frantoiosanmartino.com\/wp-content\/uploads\/2018\/09\/logo-taggiasca-b-64x21.png 64w\" sizes=\"(max-width: 150px) 100vw, 150px\" \/><\/div>\n<div class=\"caratteristiche\">\n<p class=\"tit_cara\">EIGENSCHAFTEN<\/p>\n<p><b>Gewicht: <\/b>Glas von 180 gr, 270 gr<br \/>\n<b>Zutaten: <\/b>Entsteinte Taggiasca-Oliven, natives Oliven\u00f6l extra, Salz, nat\u00fcrliche Aromen, S\u00e4ureregulator: Zitronens\u00e4ure.<br \/>\n<b>Geschmacksempfehlungen:<\/b> Das Taggiasca Olivenpat\u00e9 der \u00d6lm\u00fchle San Martino ist ideal f\u00fcr Bruschettas und Brot-Snacks und passt gut zu frischem K\u00e4se. Somit k\u00f6nnen fantasievolle Vorspeisen und Aperitifs kreiert werden. Es eignet sich auch hervorragend zu Nudeln bei einem ersten Gang.<br \/>\n<b>Aufbewahrung<\/b>: K\u00fchl und trocken lagern, fern von W\u00e4rmequellen. Nach dem \u00d6ffnen mit \u00d6l bedecken und im K\u00fchlschrank aufbewahren.<\/p>\n<table>\n<tbody>\n<tr>\n<td>energie<\/td>\n<td>1123 Kj \u2013 273 Kcal<\/td>\n<\/tr>\n<tr>\n<td>fett<\/td>\n<td>28,7 g (davon ges\u00e4ttigte Fetts\u00e4uren 4,5 g)<\/td>\n<\/tr>\n<tr>\n<td>kohlenhydrate<\/td>\n<td>1,5 g (davon Zucker 1,5 g)<\/td>\n<\/tr>\n<tr>\n<td>eiwei\u00df<\/td>\n<td>2,1 g<\/td>\n<\/tr>\n<tr>\n<td>salz<\/td>\n<td>6,7 g<\/td>\n<\/tr>\n<\/tbody>\n<\/table>\n<\/div>\n","protected":false},"excerpt":{"rendered":"<p>Cremiges Taggiasca Olivenpat\u00e9 mit Oliven\u00f6l.<strong> Legst du mehr als eine Kiste in den Warenkorb, erh\u00e4ltst du einen <span style=\"color: red;\">Preisnachlass von 3%<\/span><\/strong><\/p>\n","protected":false},"featured_media":2881,"comment_status":"open","ping_status":"closed","template":"","meta":[],"product_brand":[],"product_cat":[128],"product_tag":[],"class_list":{"0":"post-3650","1":"product","2":"type-product","3":"status-publish","4":"has-post-thumbnail","6":"product_cat-oliven-taggiasca","8":"first","9":"instock","10":"shipping-taxable","11":"purchasable","12":"product-type-variable"},"_links":{"self":[{"href":"https:\/\/www.frantoiosanmartino.com\/de\/wp-json\/wp\/v2\/product\/3650","targetHints":{"allow":["GET"]}}],"collection":[{"href":"https:\/\/www.frantoiosanmartino.com\/de\/wp-json\/wp\/v2\/product"}],"about":[{"href":"https:\/\/www.frantoiosanmartino.com\/de\/wp-json\/wp\/v2\/types\/product"}],"replies":[{"embeddable":true,"href":"https:\/\/www.frantoiosanmartino.com\/de\/wp-json\/wp\/v2\/comments?post=3650"}],"wp:featuredmedia":[{"embeddable":true,"href":"https:\/\/www.frantoiosanmartino.com\/de\/wp-json\/wp\/v2\/media\/2881"}],"wp:attachment":[{"href":"https:\/\/www.frantoiosanmartino.com\/de\/wp-json\/wp\/v2\/media?parent=3650"}],"wp:term":[{"taxonomy":"product_brand","embeddable":true,"href":"https:\/\/www.frantoiosanmartino.com\/de\/wp-json\/wp\/v2\/product_brand?post=3650"},{"taxonomy":"product_cat","embeddable":true,"href":"https:\/\/www.frantoiosanmartino.com\/de\/wp-json\/wp\/v2\/product_cat?post=3650"},{"taxonomy":"product_tag","embeddable":true,"href":"https:\/\/www.frantoiosanmartino.com\/de\/wp-json\/wp\/v2\/product_tag?post=3650"}],"curies":[{"name":"wp","href":"https:\/\/api.w.org\/{rel}","templated":true}]}}