{"id":3645,"date":"2018-04-30T14:03:57","date_gmt":"2018-04-30T14:03:57","guid":{"rendered":"https:\/\/frantoiosanmartino.com\/unkategorisiert\/verkauf-entsteinte-oliven\/"},"modified":"2024-11-20T12:58:04","modified_gmt":"2024-11-20T11:58:04","slug":"verkauf-entsteinte-oliven","status":"publish","type":"product","link":"https:\/\/www.frantoiosanmartino.com\/de\/oliven-taggiasca\/verkauf-entsteinte-oliven\/","title":{"rendered":"Entsteinte Taggiasca Oliven &#8211; Kiste 6 Gl\u00e4ser"},"content":{"rendered":"<p>Der wahre Geschmack Liguriens in handlichen Gl\u00e4sern, die in der K\u00fcche nicht fehlen d\u00fcrfen: Die <b>in Oliven\u00f6l eingelegten und entsteinten Taggiasca-Oliven<\/b> sind eine wahre Delikatesse von der \u00d6lm\u00fchle San Martino. Wir haben <b>die besten Taggiasca-Oliven<\/b> aus unserer exklusiven Produktion ausgew\u00e4hlt &#8211; wo sie mit Sorgfalt und Leidenschaft gewachsen sind und mit Hand geerntet wurden, wie es die alte Tradition von Imperia vorsieht. Wir haben sie <b>entsteint<\/b> und dann <b>in kostbarem Oliven\u00f6l eingelegt<\/b>. So beinhaltet jedes Glas lediglich das Fruchtfleisch der frischen Oliven und den weichen und zarten Geschmack unseres Spezial\u00f6ls. Die Taggiasche Oliven von der \u00d6lm\u00fchle San Martino enthalten <b>das Aroma, die Geschichte und die Tradition der authentischen Olive von<\/b> Imperia und sind mit einem Inhalt von 180 gr und 300 gr erh\u00e4ltlich.<\/p>\n<div class=\"caratteristiche\">\n<div class=\"prod-loghi\"><img decoding=\"async\" class=\"alignnone size-full wp-image-1521\" src=\"https:\/\/frantoiosanmartino.com\/wp-content\/uploads\/2018\/09\/logo-taggiasca-b.png\" alt=\"\" width=\"150\" height=\"50\" srcset=\"https:\/\/www.frantoiosanmartino.com\/wp-content\/uploads\/2018\/09\/logo-taggiasca-b.png 150w, https:\/\/www.frantoiosanmartino.com\/wp-content\/uploads\/2018\/09\/logo-taggiasca-b-64x21.png 64w\" sizes=\"(max-width: 150px) 100vw, 150px\" \/><\/div>\n<p class=\"tit_cara\">DATEN<\/p>\n<p><b>Farbe:<\/b> kleine gr\u00fcne und schwarze Oliven<br \/>\n<b>Aroma:<\/b> s\u00fc\u00df mit einem Hauch von aromatischen Kr\u00e4utern<br \/>\n<b>Geschmack:<\/b> leicht gesalzen und mit einem bitteren Nachgeschmack<br \/>\n<b>Gewicht: <\/b>Glas von 180 gr, 300 gr<br \/>\n<b>Zutaten: <\/b>Taggiasca-Oliven, natives Oliven\u00f6l extra, Salz, nat\u00fcrliche Aromen, S\u00e4ureregulator: Zitronens\u00e4ure.<br \/>\n<b>Geschmacksempfehlungen:<\/b> Perfekt mit Bruschetta und Aperitifs.<br \/>\nDie entsteinten Taggiasca Oliven sind die perfekte Erg\u00e4nzung zu allen Gerichten der typisch ligurischen K\u00fcche und sind so gut, dass sie auch als Snack genossen werden k\u00f6nnen.<br \/>\n<b>Aufbewahrung<\/b>: K\u00fchl und trocken lagern, fern von W\u00e4rmequellen. Nach dem \u00d6ffnen mit \u00d6l bedecken und im K\u00fchlschrank aufbewahren. ACHTUNG: Handwerkliche mechanische Verarbeitung, es k\u00f6nnen Kerne oder Teile davon in der Frucht enthalten sein.<\/p>\n<p>N\u00c4HRWERTDEKLARATION DURCHSCHNITTLICHE WERTE PRO 100g PRODUKT:<\/p>\n<table>\n<tbody>\n<tr>\n<td>energie<\/td>\n<td>789 Kj \u2013 192 Kcal<\/td>\n<\/tr>\n<tr>\n<td>fett<\/td>\n<td>19,5 g (davon ges\u00e4ttigte Fetts\u00e4uren 12,8 g)<\/td>\n<\/tr>\n<tr>\n<td>kohlenhydrate<\/td>\n<td>1,2 g (davon Zucker 1 g)<\/td>\n<\/tr>\n<tr>\n<td>eiwei\u00df<\/td>\n<td>1,7 g<\/td>\n<\/tr>\n<tr>\n<td>salz<\/td>\n<td>3,8 g<\/td>\n<\/tr>\n<\/tbody>\n<\/table>\n<\/div>\n","protected":false},"excerpt":{"rendered":"<p>Entsteinte Taggiasca-Oliven, eingelegt in Oliven\u00f6l.<strong> Legst du mehr als eine Kiste in den Warenkorb, erh\u00e4ltst du einen <span style=\"color: red;\">Preisnachlass von 9%<\/span><\/strong><\/p>\n","protected":false},"featured_media":2869,"comment_status":"open","ping_status":"closed","template":"","meta":[],"product_brand":[],"product_cat":[128],"product_tag":[],"class_list":{"0":"post-3645","1":"product","2":"type-product","3":"status-publish","4":"has-post-thumbnail","6":"product_cat-oliven-taggiasca","8":"first","9":"instock","10":"shipping-taxable","11":"purchasable","12":"product-type-variable"},"_links":{"self":[{"href":"https:\/\/www.frantoiosanmartino.com\/de\/wp-json\/wp\/v2\/product\/3645","targetHints":{"allow":["GET"]}}],"collection":[{"href":"https:\/\/www.frantoiosanmartino.com\/de\/wp-json\/wp\/v2\/product"}],"about":[{"href":"https:\/\/www.frantoiosanmartino.com\/de\/wp-json\/wp\/v2\/types\/product"}],"replies":[{"embeddable":true,"href":"https:\/\/www.frantoiosanmartino.com\/de\/wp-json\/wp\/v2\/comments?post=3645"}],"wp:featuredmedia":[{"embeddable":true,"href":"https:\/\/www.frantoiosanmartino.com\/de\/wp-json\/wp\/v2\/media\/2869"}],"wp:attachment":[{"href":"https:\/\/www.frantoiosanmartino.com\/de\/wp-json\/wp\/v2\/media?parent=3645"}],"wp:term":[{"taxonomy":"product_brand","embeddable":true,"href":"https:\/\/www.frantoiosanmartino.com\/de\/wp-json\/wp\/v2\/product_brand?post=3645"},{"taxonomy":"product_cat","embeddable":true,"href":"https:\/\/www.frantoiosanmartino.com\/de\/wp-json\/wp\/v2\/product_cat?post=3645"},{"taxonomy":"product_tag","embeddable":true,"href":"https:\/\/www.frantoiosanmartino.com\/de\/wp-json\/wp\/v2\/product_tag?post=3645"}],"curies":[{"name":"wp","href":"https:\/\/api.w.org\/{rel}","templated":true}]}}