{"id":3644,"date":"2018-09-04T15:20:57","date_gmt":"2018-09-04T15:20:57","guid":{"rendered":"https:\/\/frantoiosanmartino.com\/unkategorisiert\/verkauf-einhundert-italienisch\/"},"modified":"2024-11-20T12:36:56","modified_gmt":"2024-11-20T11:36:56","slug":"verkauf-einhundert-italienisch","status":"publish","type":"product","link":"https:\/\/www.frantoiosanmartino.com\/de\/natives-olivenol-extra\/verkauf-einhundert-italienisch\/","title":{"rendered":"Natives Oliven\u00f6l Extra zu 100% italienisch 500ml &#8211; Kiste 6 Flaschen"},"content":{"rendered":"<p>Das <b>100% italienische Native Oliven\u00f6l<\/b> Extra ist ein wertvolles Produkt aus der Produktion unserer \u00d6lm\u00fchle von Dolcedo: Es teilt mit allen unseren \u00d6len <b>die hohe Qualit\u00e4t der verwendeten Oliven<\/b>, die Wiederherstellung der antiken \u00d6lmahl-Tradition und den Duft von Ligurien. Es wird ausschlie\u00dflich aus den besten italienischen Oliven aus der Region hergestellt, darunter die Taggiasca, Colombaia, Pignola und Mortina. Dieses \u00d6l bietet alle organoleptischen Eigenschaften eines wertvollen Produkts in einer perfekt ausgewogenen Mischung von Geschmacksnuancen und Aromen.<\/p>\n<p>Die Oliven werden manuell geerntet und dann innerhalb von 24 Stunden in unserer traditionellen M\u00fchle mit Granitsteinen kalt gemahlen, um all&#8216; seine exquisiten Eigenschaften zu bewahren.<\/p>\n<p>Erh\u00e4ltlich in einer handlichen 5 lt Dose &#8211; ideal f\u00fcr die Lagerung.<\/p>\n<div class=\"prod-loghi\"><img decoding=\"async\" class=\"alignnone size-full wp-image-1522\" src=\"https:\/\/frantoiosanmartino.com\/wp-content\/uploads\/2018\/10\/logo-100ITA.png\" alt=\"\" width=\"70\" height=\"70\" \/><\/div>\n<div class=\"caratteristiche\">\n<p class=\"tit_cara\">EIGENSCHAFTEN<\/p>\n<p><b>Produkttyp:<\/b> Oliven\u00f6l der h\u00f6chsten Kategorie, direkt aus Oliven und ausschlie\u00dflich mit mechanischen Verfahren gewonnen<br \/>\n100 % IN ITALIEN HERGESTELLT<br \/>\n<b>Farbe:<\/b> gr\u00fcn \/ gelb<br \/>\n<b>Aroma:<\/b> mittel fruchtig mit Aromen von Kr\u00e4utern und Olivenbl\u00e4ttern<br \/>\n<b>Geschmack:<\/b> fruchtig mit einem durchschnittlich s\u00fc\u00dfen und bitteren Geschmack und leicht anhaltend w\u00fcrzig<br \/>\n<b>Format:<\/b> 5 Liter Dose<br \/>\n<b>Kombination:<\/b> Ausgezeichnete Zugabe zu gereiftem K\u00e4se und Suppen. Dieses \u00d6l passt perfekt zu gegrilltem Fleisch und Florentiner Schnitzel. Absolut zu empfehlen zu typischen traditionellen kulinarischen Gerichten aus Ligurien. In der K\u00fcche kann es auch zum Frittieren oder in den Pizza bzw. Focaccia-Teig verwendet werden.<br \/>\n<b>Aufbewahrung:<\/b> K\u00fchl und trocken lagern, fern von W\u00e4rmequellen.<\/p>\n<p><b>N\u00c4HRWERTDEKLARATION DURCHSCHNITTLICHE WERTE PRO 100g PRODUKT:<\/b><\/p>\n<table>\n<tbody>\n<tr>\n<td>energie<\/td>\n<td>3762 Kj \u2013 899 Kcal<\/td>\n<\/tr>\n<tr>\n<td>fett<\/td>\n<td>99,9 g (davon ges\u00e4ttigte Fetts\u00e4uren 14,5 g)<\/td>\n<\/tr>\n<tr>\n<td>kohlenhydrate<\/td>\n<td>0 g (davon Zucker 0 g)<\/td>\n<\/tr>\n<tr>\n<td>eiwei\u00df<\/td>\n<td>0 g<\/td>\n<\/tr>\n<tr>\n<td>salz<\/td>\n<td>0 g<\/td>\n<\/tr>\n<\/tbody>\n<\/table>\n<\/div>\n","protected":false},"excerpt":{"rendered":"<p>Natives Oliven\u00f6l Extra zu 100% italienisch &#8211; Mischung aus den besten lokalen Oliven.<strong> Legst du mehr als eine Kiste in den Warenkorb, erh\u00e4ltst du einen <span style=\"color: red;\">Preisnachlass von 3%<\/span><\/strong><\/p>\n","protected":false},"featured_media":2849,"comment_status":"open","ping_status":"closed","template":"","meta":[],"product_brand":[],"product_cat":[201],"product_tag":[145],"class_list":{"0":"post-3644","1":"product","2":"type-product","3":"status-publish","4":"has-post-thumbnail","6":"product_cat-natives-olivenol-extra","7":"product_tag-100-italiano-de","9":"first","10":"outofstock","11":"shipping-taxable","12":"purchasable","13":"product-type-simple"},"_links":{"self":[{"href":"https:\/\/www.frantoiosanmartino.com\/de\/wp-json\/wp\/v2\/product\/3644","targetHints":{"allow":["GET"]}}],"collection":[{"href":"https:\/\/www.frantoiosanmartino.com\/de\/wp-json\/wp\/v2\/product"}],"about":[{"href":"https:\/\/www.frantoiosanmartino.com\/de\/wp-json\/wp\/v2\/types\/product"}],"replies":[{"embeddable":true,"href":"https:\/\/www.frantoiosanmartino.com\/de\/wp-json\/wp\/v2\/comments?post=3644"}],"wp:featuredmedia":[{"embeddable":true,"href":"https:\/\/www.frantoiosanmartino.com\/de\/wp-json\/wp\/v2\/media\/2849"}],"wp:attachment":[{"href":"https:\/\/www.frantoiosanmartino.com\/de\/wp-json\/wp\/v2\/media?parent=3644"}],"wp:term":[{"taxonomy":"product_brand","embeddable":true,"href":"https:\/\/www.frantoiosanmartino.com\/de\/wp-json\/wp\/v2\/product_brand?post=3644"},{"taxonomy":"product_cat","embeddable":true,"href":"https:\/\/www.frantoiosanmartino.com\/de\/wp-json\/wp\/v2\/product_cat?post=3644"},{"taxonomy":"product_tag","embeddable":true,"href":"https:\/\/www.frantoiosanmartino.com\/de\/wp-json\/wp\/v2\/product_tag?post=3644"}],"curies":[{"name":"wp","href":"https:\/\/api.w.org\/{rel}","templated":true}]}}