{"id":3641,"date":"2018-04-27T09:23:01","date_gmt":"2018-04-27T09:23:01","guid":{"rendered":"https:\/\/frantoiosanmartino.com\/unkategorisiert\/verkauf-cultivar-taggiasca-500ml\/"},"modified":"2024-11-20T12:36:37","modified_gmt":"2024-11-20T11:36:37","slug":"verkauf-cultivar-taggiasca-500ml","status":"publish","type":"product","link":"https:\/\/www.frantoiosanmartino.com\/de\/natives-olivenol-extra\/verkauf-cultivar-taggiasca-500ml\/","title":{"rendered":"Natives Oliven\u00f6l  Extra der Olivensorte Taggiasca 500ml &#8211; Kiste 6 Flaschen"},"content":{"rendered":"<p>Der milde und zarte Duft des Landes Ligurien ist in diesem gastronomischen Juwel eingeschlossen, das auf nationaler und internationaler Ebene bekannt ist: unser <b>sortenreines Natives Oliven\u00f6l Extra aus Taggiasca Oliven ist ein ungefiltertes \u00d6l und wird aus Oliven der Sorte Taggiasca aus der traditionellen Anbaugegend von Imperia gewonnen<\/b>.<\/p>\n<p>In den sanften T\u00e4lern hinter Dolcedo, wo die Sonne und die Meeresbrise die Oliven ber\u00fchren, befindet sich die <a href=\"https:\/\/www.frantoiosanmartino.com\/de\/olmuhle\/\">\u00d6lm\u00fchle San Martino<\/a>. Sie f\u00fchrt die antike \u00d6lmahl-Tradition weiter, womit dieses Produkt Einzigartigkeit in Qualit\u00e4t und Wert erlangt. Hier werden die ligurischen Oliven von Mitte November bis Ende Februar ausschlie\u00dflich <b>manuell geerntet<\/b> und anschlie\u00dfend im Laufe des Tages mit den Granitmahlsteinen <b>kalt gepresst<\/b>, so wie es die Tradition vorsieht.<\/p>\n<p>Dieses alte, langsame und sanfte Verfahren, respektiert die organoleptischen Eigenschaften des Produkts und verleiht ihm das typisch fruchtige Aroma, einen leichten Mandel- bzw. Piniengeschmack, die intensive goldgelbe Farbe und den typischen milden, delikaten Geschmack. <b>Unser Oliven\u00f6l wird auf unserer Internetseite verkauft<\/b>.<\/p>\n<p>Das Oliven\u00f6l ist in dunklen Flaschen mit Anti-Auff\u00fcll-Verschluss erh\u00e4ltlich, um seine organoleptischen Eigenschaften im Laufe der Zeit zu bewahren.<\/p>\n<div class=\"prod-loghi\"><img decoding=\"async\" class=\"alignnone size-full wp-image-1521\" src=\"https:\/\/frantoiosanmartino.com\/wp-content\/uploads\/2018\/09\/logo-taggiasca-b.png\" alt=\"\" width=\"150\" height=\"50\" srcset=\"https:\/\/www.frantoiosanmartino.com\/wp-content\/uploads\/2018\/09\/logo-taggiasca-b.png 150w, https:\/\/www.frantoiosanmartino.com\/wp-content\/uploads\/2018\/09\/logo-taggiasca-b-64x21.png 64w\" sizes=\"(max-width: 150px) 100vw, 150px\" \/><\/div>\n<div class=\"caratteristiche\">\n<p class=\"tit_cara\">EIGENSCHAFTEN<\/p>\n<p><b>Produkttyp:<\/b> Oliven\u00f6l der h\u00f6chsten Kategorie, direkt aus Oliven und ausschlie\u00dflich mit mechanischen Verfahren gewonnen<br \/>\n100 % IN ITALIEN HERGESTELLT<br \/>\n<b>Farbe:<\/b> intensives Gelb \/ Gold<br \/>\n<b>Aroma:<\/b> fruchtig reif mit einem Hauch von Mandeln und Pinienkernen<br \/>\n<b>Geschmack:<\/b> leicht fruchtig und ausgesprochen mild<br \/>\n<b>Format:<\/b> dunkle Glasflasche zu 500 ml, 500 ml mit Anti-Auff\u00fcll-Verschluss, Flasche zu 750 ml, 5 Liter Dose, Packung mit 6-Flaschen<br \/>\n<b>Empfehlungen f\u00fcr die Verwendung:<\/b> Ideal roh auf Gem\u00fcse, Fisch, Fleisch und Bruschetta. In der K\u00fcche wird es zum Braten und f\u00fcr die Zubereitung von S\u00fc\u00dfspeisen, Focaccia und typisch ligurischen Gerichten wie z.B.:Kaninchen nach Ligurischer Art oder der \u201eBrandacujun\u201c (ein Gericht aus Stockfisch und Kartoffeln) empfohlen.<br \/>\n<b>Aufbewahrung:<\/b> K\u00fchl und trocken lagern, fern von W\u00e4rmequellen.<\/p>\n<p><b>N\u00c4HRWERTDEKLARATION DURCHSCHNITTLICHE WERTE PRO 100g PRODUKT:<\/b><\/p>\n<table>\n<tbody>\n<tr>\n<td>energie<\/td>\n<td>3762 Kj \u2013 899 Kcal<\/td>\n<\/tr>\n<tr>\n<td>fett<\/td>\n<td>99,9 g (davon ges\u00e4ttigte Fetts\u00e4uren 14,5 g)<\/td>\n<\/tr>\n<tr>\n<td>kohlenhydrate<\/td>\n<td>0 g (davon Zucker 0 g)<\/td>\n<\/tr>\n<tr>\n<td>eiwei\u00df<\/td>\n<td>0 g<\/td>\n<\/tr>\n<tr>\n<td>salz<\/td>\n<td>0 g<\/td>\n<\/tr>\n<\/tbody>\n<\/table>\n<\/div>\n","protected":false},"excerpt":{"rendered":"<p>Natives Oliven\u00f6l Extra der Olivensorte Taggiasca in der dunklen Glasflasche mit Anti-Auff\u00fcll-Verschluss \/ Dose.<strong> Legst du mehr als eine Kiste in den Warenkorb, erh\u00e4ltst du einen <span style=\"color: red;\">Preisnachlass von 3%<\/span><\/strong><\/p>\n","protected":false},"featured_media":2832,"comment_status":"open","ping_status":"closed","template":"","meta":[],"product_brand":[],"product_cat":[201],"product_tag":[140],"class_list":{"0":"post-3641","1":"product","2":"type-product","3":"status-publish","4":"has-post-thumbnail","6":"product_cat-natives-olivenol-extra","7":"product_tag-cultivar-taggiasca-de","9":"first","10":"instock","11":"sale","12":"shipping-taxable","13":"purchasable","14":"product-type-simple"},"_links":{"self":[{"href":"https:\/\/www.frantoiosanmartino.com\/de\/wp-json\/wp\/v2\/product\/3641","targetHints":{"allow":["GET"]}}],"collection":[{"href":"https:\/\/www.frantoiosanmartino.com\/de\/wp-json\/wp\/v2\/product"}],"about":[{"href":"https:\/\/www.frantoiosanmartino.com\/de\/wp-json\/wp\/v2\/types\/product"}],"replies":[{"embeddable":true,"href":"https:\/\/www.frantoiosanmartino.com\/de\/wp-json\/wp\/v2\/comments?post=3641"}],"wp:featuredmedia":[{"embeddable":true,"href":"https:\/\/www.frantoiosanmartino.com\/de\/wp-json\/wp\/v2\/media\/2832"}],"wp:attachment":[{"href":"https:\/\/www.frantoiosanmartino.com\/de\/wp-json\/wp\/v2\/media?parent=3641"}],"wp:term":[{"taxonomy":"product_brand","embeddable":true,"href":"https:\/\/www.frantoiosanmartino.com\/de\/wp-json\/wp\/v2\/product_brand?post=3641"},{"taxonomy":"product_cat","embeddable":true,"href":"https:\/\/www.frantoiosanmartino.com\/de\/wp-json\/wp\/v2\/product_cat?post=3641"},{"taxonomy":"product_tag","embeddable":true,"href":"https:\/\/www.frantoiosanmartino.com\/de\/wp-json\/wp\/v2\/product_tag?post=3641"}],"curies":[{"name":"wp","href":"https:\/\/api.w.org\/{rel}","templated":true}]}}