{"id":3636,"date":"2018-04-27T13:50:00","date_gmt":"2018-04-27T13:50:00","guid":{"rendered":"https:\/\/frantoiosanmartino.com\/unkategorisiert\/verkauf-riserva-taggiasca-anti-stop-funktion\/"},"modified":"2024-11-20T12:32:36","modified_gmt":"2024-11-20T11:32:36","slug":"verkauf-riserva-taggiasca-anti-stop-funktion","status":"publish","type":"product","link":"https:\/\/www.frantoiosanmartino.com\/de\/natives-olivenol-extra\/verkauf-riserva-taggiasca-anti-stop-funktion\/","title":{"rendered":"Oliven\u00f6l Riserva Taggiasca 500ml Anti-stop Funktion &#8211; Kiste 6 Flaschen"},"content":{"rendered":"<p>Nur die besten Taggiasca Oliven: das <b>Oliven\u00f6l Riserva Taggiasca, welches auf der Website der \u00d6lm\u00fchle San Martino verkauft wird<\/b>, wird jedes Jahr nur in begrenzten Mengen produziert. Es werden nur die besten ligurischen Oliven sorgf\u00e4ltig ausgesucht und in den Monaten November und Dezember geerntet, wo die Oliven noch die gr\u00fcne Farbe aufweisen. Die Olivenhaine sind Familienerbst\u00fccke und befinden sich zwischen 300 und 400 Metern \u00fcber dem Meeresspiegel.<\/p>\n<p>Wie bei allen anderen Produkten unserer \u00d6lm\u00fchle von Dolcedo, haben <b>die Wiederherstellung der traditionellen Methoden und der echte nat\u00fcrliche Geschmack einen hohen Stellenwert<\/b>: Die <b>Oliven<\/b> werden <b>von Hand geerntet<\/b> und am gleichen Tag <b>kalt gepresst<\/b>. Dies wird durchgef\u00fchrt, bevor die Oliven die volle Reife erlangt haben um somit die organoleptischen Qualit\u00e4ten bestenfalls zu bewahren. Die Produktion, die wie damals durchgef\u00fchrt wird, tr\u00e4gt dazu bei, diesem nat\u00fcrlichen Nektar die charakteristischen gr\u00fcnen und gelben Farben, das fruchtige gr\u00fcne Aroma und den s\u00fc\u00dfen Geschmack zu verleihen. Dieser endet in einem ausgewogenen bitteren und typisch w\u00fcrzigen Geschmack.<\/p>\n<p>Das Oliven\u00f6l wird in dunkle Flaschen abgef\u00fcllt, sodass die Qualit\u00e4t des Produkts erhalten bleibt und es wie frisch gepresst auf Ihren Tisch gelangt.<\/p>\n<div class=\"prod-loghi\"><img decoding=\"async\" class=\"alignnone size-full wp-image-1521\" src=\"https:\/\/frantoiosanmartino.com\/wp-content\/uploads\/2018\/09\/logo-taggiasca-b.png\" alt=\"\" width=\"150\" height=\"50\" srcset=\"https:\/\/www.frantoiosanmartino.com\/wp-content\/uploads\/2018\/09\/logo-taggiasca-b.png 150w, https:\/\/www.frantoiosanmartino.com\/wp-content\/uploads\/2018\/09\/logo-taggiasca-b-64x21.png 64w\" sizes=\"(max-width: 150px) 100vw, 150px\" \/><\/div>\n<div class=\"caratteristiche\">\n<p class=\"tit_cara\">EIGENSCHAFTEN<\/p>\n<p><b>Produkttyp:<\/b> Oliven\u00f6l der h\u00f6chsten Kategorie, direkt aus Oliven und ausschlie\u00dflich mit mechanischen Verfahren gewonnen<br \/>\n100 % IN ITALIEN HERGESTELLT<br \/>\n<b>Farbe: <\/b>gr\u00fcn mit goldenem Schein<b><br \/>\n<\/b><b>Aroma: <\/b>fruchtig gr\u00fcn mit einem Hauch von Olivenblatt- und Artischocken-Geschmack<br \/>\n<b>Geschmack: <\/b>mittel fruchtig mit einem Hauch von bitter und w\u00fcrzig, Nachgeschmack von gr\u00fcnen Mandeln, Artischocken und Olivenbl\u00e4ttern<br \/>\n<b>Format: <\/b>dunkle Glasflasche mit 500 ml, 750 ml, Anti-stop Funktion<br \/>\n<b>Kombinierbar mit:<\/b> Vorzugsweise roh, ausgezeichnet zu Vorspeisen mit Meeresfr\u00fcchten, gemischten Salaten, Fleischtartar, Fisch-Carpaccio, Rindfleischscheiben, Frischk\u00e4se und Desserts.<br \/>\n<b>Aufbewahrung:<\/b> K\u00fchl und trocken lagern, fern von W\u00e4rmequellen.<\/p>\n<p><b>N\u00c4HRWERTDEKLARATION DURCHSCHNITTLICHE WERTE PRO 100g PRODUKT:<\/b><\/p>\n<table>\n<tbody>\n<tr>\n<td>energie<\/td>\n<td>3762 Kj \u2013 899 Kcal<\/td>\n<\/tr>\n<tr>\n<td>fett<\/td>\n<td>99,9 g (davon ges\u00e4ttigte Fetts\u00e4uren 14,5 g)<\/td>\n<\/tr>\n<tr>\n<td>kohlenhydrate<\/td>\n<td>0 g (davon Zucker 0 g)<\/td>\n<\/tr>\n<tr>\n<td>eiwei\u00df<\/td>\n<td>0 g<\/td>\n<\/tr>\n<tr>\n<td>salz<\/td>\n<td>0 g<\/td>\n<\/tr>\n<\/tbody>\n<\/table>\n<\/div>\n","protected":false},"excerpt":{"rendered":"<p>Oliven\u00f6l Riserva Taggiasca in dunkler Flasche oder Dose.<strong> Legst du mehr als eine Kiste in den Warenkorb, erh\u00e4ltst du einen <span style=\"color: red;\">Preisnachlass von 3%<\/span><\/strong><\/p>\n","protected":false},"featured_media":2864,"comment_status":"open","ping_status":"closed","template":"","meta":[],"product_brand":[],"product_cat":[201],"product_tag":[137],"class_list":{"0":"post-3636","1":"product","2":"type-product","3":"status-publish","4":"has-post-thumbnail","6":"product_cat-natives-olivenol-extra","7":"product_tag-riserva-taggiasca-de","9":"first","10":"instock","11":"shipping-taxable","12":"purchasable","13":"product-type-simple"},"_links":{"self":[{"href":"https:\/\/www.frantoiosanmartino.com\/de\/wp-json\/wp\/v2\/product\/3636","targetHints":{"allow":["GET"]}}],"collection":[{"href":"https:\/\/www.frantoiosanmartino.com\/de\/wp-json\/wp\/v2\/product"}],"about":[{"href":"https:\/\/www.frantoiosanmartino.com\/de\/wp-json\/wp\/v2\/types\/product"}],"replies":[{"embeddable":true,"href":"https:\/\/www.frantoiosanmartino.com\/de\/wp-json\/wp\/v2\/comments?post=3636"}],"wp:featuredmedia":[{"embeddable":true,"href":"https:\/\/www.frantoiosanmartino.com\/de\/wp-json\/wp\/v2\/media\/2864"}],"wp:attachment":[{"href":"https:\/\/www.frantoiosanmartino.com\/de\/wp-json\/wp\/v2\/media?parent=3636"}],"wp:term":[{"taxonomy":"product_brand","embeddable":true,"href":"https:\/\/www.frantoiosanmartino.com\/de\/wp-json\/wp\/v2\/product_brand?post=3636"},{"taxonomy":"product_cat","embeddable":true,"href":"https:\/\/www.frantoiosanmartino.com\/de\/wp-json\/wp\/v2\/product_cat?post=3636"},{"taxonomy":"product_tag","embeddable":true,"href":"https:\/\/www.frantoiosanmartino.com\/de\/wp-json\/wp\/v2\/product_tag?post=3636"}],"curies":[{"name":"wp","href":"https:\/\/api.w.org\/{rel}","templated":true}]}}