{"id":3634,"date":"2018-05-03T09:28:32","date_gmt":"2018-05-03T09:28:32","guid":{"rendered":"https:\/\/frantoiosanmartino.com\/unkategorisiert\/verkauf-dop-riviera-ligure\/"},"modified":"2024-11-20T12:16:20","modified_gmt":"2024-11-20T11:16:20","slug":"verkauf-dop-riviera-ligure","status":"publish","type":"product","link":"https:\/\/www.frantoiosanmartino.com\/de\/natives-olivenol-extra\/verkauf-dop-riviera-ligure\/","title":{"rendered":"Natives Oliven\u00f6l Extra D.O.P. Riviera Ligure 500ml &#8211; Kiste 6 Flaschen"},"content":{"rendered":"<p>Das Native <b>Oliven\u00f6l Extra D.O.P. Riviera Ligure &#8211; Bl\u00fctenk\u00fcste wird auf der Website der \u00d6lm\u00fchle San Martino verkauft<\/b> und ist ein sortenreines Oliven\u00f6l aus Taggiasca Oliven von h\u00f6chster Qualit\u00e4t. Es ist auf der ganzen Welt f\u00fcr seine einzigartigen organoleptischen Eigenschaften bekannt. Dieses \u00d6l ist so wertvoll, dass es vom Consorzio per la Tutela dell\u2019Olio Extra Vergine di Oliva D.O.P. Riviera Ligure (Konsortium zum Schutz des Nativen Oliven\u00f6ls Extra DOP der ligurischen K\u00fcste) gesch\u00fctzt wird.<\/p>\n<p>In jeder Flasche unseres Nativen Oliven\u00f6ls Extra D.O.P. Riviera Ligure <b>sind all die erstaunlichen Eigenschaften eines feinen und anspruchsvollen \u00d6ls von der Natur eingeschlossen<\/b> verbunden mit <b>der Wiedereinf\u00fchrung der traditionellen italienischen Produktion<\/b> mit der manuellen Ernte der Oliven und der Verarbeitung innerhalb der darauffolgenden 24 Stunden durch Kaltpressung mit Granitm\u00fchlsteinen Die \u00d6lm\u00fchle San Martino befindet sich in Dolcedo, in den f\u00fcr die Herstellung von Taggiasca \u2013 Oliven\u00f6l ber\u00fchmten T\u00e4lern von Imperia. Auf unserer Website k\u00f6nnen Sie das echte ligurische Oliven\u00f6l kaufen.<\/p>\n<div class=\"prod-loghi\"><img decoding=\"async\" class=\"alignnone size-full wp-image-1516\" src=\"https:\/\/frantoiosanmartino.com\/wp-content\/uploads\/2018\/09\/logo-dop.png\" alt=\"\" width=\"100\" height=\"100\" srcset=\"https:\/\/www.frantoiosanmartino.com\/wp-content\/uploads\/2018\/09\/logo-dop.png 100w, https:\/\/www.frantoiosanmartino.com\/wp-content\/uploads\/2018\/09\/logo-dop-64x64.png 64w\" sizes=\"(max-width: 100px) 100vw, 100px\" \/><img decoding=\"async\" class=\"alignnone size-full wp-image-1521\" src=\"https:\/\/frantoiosanmartino.com\/wp-content\/uploads\/2018\/09\/logo-taggiasca-b.png\" alt=\"\" width=\"150\" height=\"50\" srcset=\"https:\/\/www.frantoiosanmartino.com\/wp-content\/uploads\/2018\/09\/logo-taggiasca-b.png 150w, https:\/\/www.frantoiosanmartino.com\/wp-content\/uploads\/2018\/09\/logo-taggiasca-b-64x21.png 64w\" sizes=\"(max-width: 150px) 100vw, 150px\" \/><\/div>\n<div class=\"caratteristiche\">\n<p class=\"tit_cara\">EIGENSCHAFTEN<\/p>\n<p><b>Produkttyp:<\/b> Oliven\u00f6l der h\u00f6chsten Kategorie, direkt aus Oliven und ausschlie\u00dflich mit mechanischen Verfahren gewonnen<br \/>\n100 % IN ITALIEN HERGESTELLT<br \/>\n<b>Farbe:<\/b> von gelb bis gelb \/ gr\u00fcn<br \/>\n<b>Aroma:<\/b> leicht fruchtig mit einer Ahnung von Mandeln und Artischocken<br \/>\n<b>Geschmack:<\/b> mild mit einem Hauch von s\u00fc\u00dfen Mandeln und Pinienkernen, leicht w\u00fcrziger Nachgeschmack<br \/>\n<b>Format:<\/b> dunkle Glasflasche zu 500 ml<br \/>\n<b>Empfehlungen f\u00fcr die Verwendung:<\/b> Ideal roh auf Gem\u00fcse, Vorspeisen, Aperitifs und Bruschetta. Es passt perfekt zu gekochtem Fisch, Risotto mit Tintenfischtinte und zu allen Gerichten der traditionellen ligurischen K\u00fcche.<br \/>\n<b>Aufbewahrung:<\/b> K\u00fchl und trocken lagern, fern von W\u00e4rmequellen.<\/p>\n<p><b>N\u00c4HRWERTDEKLARATION DURCHSCHNITTLICHE WERTE PRO 100g PRODUKT:<\/b><\/p>\n<table>\n<tbody>\n<tr>\n<td>energie<\/td>\n<td>3762 Kj \u2013 899 Kcal<\/td>\n<\/tr>\n<tr>\n<td>fett<\/td>\n<td>99,9 g (davon ges\u00e4ttigte Fetts\u00e4uren 14,5 g)<\/td>\n<\/tr>\n<tr>\n<td>kohlenhydrate<\/td>\n<td>0 g (davon Zucker 0 g)<\/td>\n<\/tr>\n<tr>\n<td>eiwei\u00df<\/td>\n<td>0 g<\/td>\n<\/tr>\n<tr>\n<td>salz<\/td>\n<td>0 g<\/td>\n<\/tr>\n<\/tbody>\n<\/table>\n<\/div>\n","protected":false},"excerpt":{"rendered":"<p>Natives Oliven\u00f6l Extra D.O.P. Riviera Ligure- Bl\u00fctenk\u00fcste, Taggiasca Monocultivar. <strong> Legst du mehr als eine Kiste in den Warenkorb, erh\u00e4ltst du einen <span style=\"color: red;\">Preisnachlass von 3%<\/span><\/strong><\/p>\n","protected":false},"featured_media":2843,"comment_status":"open","ping_status":"closed","template":"","meta":[],"product_brand":[],"product_cat":[201],"product_tag":[],"class_list":{"0":"post-3634","1":"product","2":"type-product","3":"status-publish","4":"has-post-thumbnail","6":"product_cat-natives-olivenol-extra","8":"first","9":"instock","10":"sale","11":"shipping-taxable","12":"purchasable","13":"product-type-simple"},"_links":{"self":[{"href":"https:\/\/www.frantoiosanmartino.com\/de\/wp-json\/wp\/v2\/product\/3634","targetHints":{"allow":["GET"]}}],"collection":[{"href":"https:\/\/www.frantoiosanmartino.com\/de\/wp-json\/wp\/v2\/product"}],"about":[{"href":"https:\/\/www.frantoiosanmartino.com\/de\/wp-json\/wp\/v2\/types\/product"}],"replies":[{"embeddable":true,"href":"https:\/\/www.frantoiosanmartino.com\/de\/wp-json\/wp\/v2\/comments?post=3634"}],"wp:featuredmedia":[{"embeddable":true,"href":"https:\/\/www.frantoiosanmartino.com\/de\/wp-json\/wp\/v2\/media\/2843"}],"wp:attachment":[{"href":"https:\/\/www.frantoiosanmartino.com\/de\/wp-json\/wp\/v2\/media?parent=3634"}],"wp:term":[{"taxonomy":"product_brand","embeddable":true,"href":"https:\/\/www.frantoiosanmartino.com\/de\/wp-json\/wp\/v2\/product_brand?post=3634"},{"taxonomy":"product_cat","embeddable":true,"href":"https:\/\/www.frantoiosanmartino.com\/de\/wp-json\/wp\/v2\/product_cat?post=3634"},{"taxonomy":"product_tag","embeddable":true,"href":"https:\/\/www.frantoiosanmartino.com\/de\/wp-json\/wp\/v2\/product_tag?post=3634"}],"curies":[{"name":"wp","href":"https:\/\/api.w.org\/{rel}","templated":true}]}}