{"id":3626,"date":"2018-04-30T14:12:49","date_gmt":"2018-04-30T14:12:49","guid":{"rendered":"https:\/\/frantoiosanmartino.com\/unkategorisiert\/verkauf-pesto-genua\/"},"modified":"2024-11-20T13:16:05","modified_gmt":"2024-11-20T12:16:05","slug":"verkauf-pesto-genua","status":"publish","type":"product","link":"https:\/\/www.frantoiosanmartino.com\/de\/gemusegartenprodukte\/verkauf-pesto-genua\/","title":{"rendered":"Pesto aus Genua 180g &#8211; Kiste 6 Gl\u00e4ser"},"content":{"rendered":"<p><b>Das Pesto aus Genua ist ein<\/b> wahrer ligurischer Stolz! Es ist eine typische W\u00fcrzmischung f\u00fcr die ersten G\u00e4nge, die auf der ganzen Welt geliebt und gefeiert wird. <b>Das Pesto wird<\/b> im E-Commerce von der \u00d6lm\u00fchle San Martino <b>online verkauft<\/b>. Es wird nach dem alten traditionellen ligurischen Rezept hergestellt. Daf\u00fcr wird Basilikum aus einigem Anbau und kostbares Oliven\u00f6l von Imperia verwendet: Somit k\u00f6nnen wir ein wertvolles, aromatisches und nat\u00fcrliches Gew\u00fcrz zur Verf\u00fcgung stellen. Bringt dank unseres Pestos aus Genua den Duft von ligurischem Basilikum auf euren Tisch und verw\u00f6hnt selbst den anspruchsvollsten Gaumen!<\/p>\n<div class=\"caratteristiche\">\n<p class=\"tit_cara\">DATEN<\/p>\n<p><b>Gewicht: <\/b>Glas von 180 gr<br \/>\n<b>Zutaten: <\/b>Natives Oliven\u00f6l extra, <strong>Cashewkerne<\/strong>, Basilikum, K\u00e4se (<strong>Milch<\/strong>, Salz, Lab, Lysozym aus <strong>Ei<\/strong>-Protein), Pinienkerne, Pecorino (<strong>Milch<\/strong>, Salz, Lab), Salz, Knoblauch, S\u00e4uerungsmittel: Ascorbins\u00e4ure, Konservierungsmittel: Kaliumsorbat. Kann Spuren von anderen Schalenfr\u00fcchten enthalten.<br \/>\n<b>Geschmacksempfehlungen:<\/b> unser Pesto ist ideal um damit Pasta-Gerichte der italienischen Tradition zu verfeinern. Es passt vor allem zu typisch ligurischen Nudeln wie z.B: trofie, testaroli, trenette. Es passt auch sehr gut zu Suppen, Pizza oder Bruschette.<br \/>\n<strong>Aufbewahrung<\/strong>: K\u00fchl und trocken lagern, fern von W\u00e4rmequellen. Nach dem \u00d6ffnen mit \u00d6l bedecken und im K\u00fchlschrank aufbewahren.<\/p>\n<p>N\u00c4HRWERTDEKLARATION DURCHSCHNITTLICHE WERTE PRO 100g PRODUKT:<\/p>\n<table>\n<tbody>\n<tr>\n<td>energie<\/td>\n<td>2596 Kj \u2013 628 Kcal<\/td>\n<\/tr>\n<tr>\n<td>fett<\/td>\n<td>58 g (davon ges\u00e4ttigte Fetts\u00e4uren 9,1 g)<\/td>\n<\/tr>\n<tr>\n<td>kohlenhydrate<\/td>\n<td>17 g (davon Zucker 3,3 g)<\/td>\n<\/tr>\n<tr>\n<td>eiwei\u00df<\/td>\n<td>8,7 g<\/td>\n<\/tr>\n<tr>\n<td>salz<\/td>\n<td>3,8 g<\/td>\n<\/tr>\n<\/tbody>\n<\/table>\n<\/div>\n","protected":false},"excerpt":{"rendered":"<p>Das echte Pesto aus Genua, frisch und aromatisch laut Originalrezept.<strong> Legst du mehr als eine Kiste in den Warenkorb, erh\u00e4ltst du einen <span style=\"color: red;\">Preisnachlass von 3%<\/span><\/strong><\/p>\n","protected":false},"featured_media":2887,"comment_status":"open","ping_status":"closed","template":"","meta":[],"product_brand":[],"product_cat":[132],"product_tag":[],"class_list":{"0":"post-3626","1":"product","2":"type-product","3":"status-publish","4":"has-post-thumbnail","6":"product_cat-gemusegartenprodukte","8":"first","9":"instock","10":"shipping-taxable","11":"purchasable","12":"product-type-simple"},"_links":{"self":[{"href":"https:\/\/www.frantoiosanmartino.com\/de\/wp-json\/wp\/v2\/product\/3626","targetHints":{"allow":["GET"]}}],"collection":[{"href":"https:\/\/www.frantoiosanmartino.com\/de\/wp-json\/wp\/v2\/product"}],"about":[{"href":"https:\/\/www.frantoiosanmartino.com\/de\/wp-json\/wp\/v2\/types\/product"}],"replies":[{"embeddable":true,"href":"https:\/\/www.frantoiosanmartino.com\/de\/wp-json\/wp\/v2\/comments?post=3626"}],"wp:featuredmedia":[{"embeddable":true,"href":"https:\/\/www.frantoiosanmartino.com\/de\/wp-json\/wp\/v2\/media\/2887"}],"wp:attachment":[{"href":"https:\/\/www.frantoiosanmartino.com\/de\/wp-json\/wp\/v2\/media?parent=3626"}],"wp:term":[{"taxonomy":"product_brand","embeddable":true,"href":"https:\/\/www.frantoiosanmartino.com\/de\/wp-json\/wp\/v2\/product_brand?post=3626"},{"taxonomy":"product_cat","embeddable":true,"href":"https:\/\/www.frantoiosanmartino.com\/de\/wp-json\/wp\/v2\/product_cat?post=3626"},{"taxonomy":"product_tag","embeddable":true,"href":"https:\/\/www.frantoiosanmartino.com\/de\/wp-json\/wp\/v2\/product_tag?post=3626"}],"curies":[{"name":"wp","href":"https:\/\/api.w.org\/{rel}","templated":true}]}}