{"id":6909,"date":"2023-10-27T10:36:50","date_gmt":"2023-10-27T09:36:50","guid":{"rendered":"https:\/\/frantoiosanmartino.com\/vigneti\/"},"modified":"2024-04-15T14:16:47","modified_gmt":"2024-04-15T13:16:47","slug":"weinberg","status":"publish","type":"page","link":"https:\/\/www.frantoiosanmartino.com\/de\/weinberg\/","title":{"rendered":"Weinberg"},"content":{"rendered":"\t\t<div data-elementor-type=\"wp-page\" data-elementor-id=\"6909\" class=\"elementor elementor-6909 elementor-6207\" data-elementor-post-type=\"page\">\n\t\t\t\t<div class=\"elementor-element elementor-element-709352d e-con-full e-flex e-con e-parent\" data-id=\"709352d\" data-element_type=\"container\" data-e-type=\"container\" data-settings=\"{&quot;background_background&quot;:&quot;classic&quot;}\">\n\t\t\t\t<div class=\"elementor-element elementor-element-41b5012 elementor-widget elementor-widget-spacer\" data-id=\"41b5012\" data-element_type=\"widget\" data-e-type=\"widget\" data-widget_type=\"spacer.default\">\n\t\t\t\t<div class=\"elementor-widget-container\">\n\t\t\t\t\t\t\t<div class=\"elementor-spacer\">\n\t\t\t<div class=\"elementor-spacer-inner\"><\/div>\n\t\t<\/div>\n\t\t\t\t\t\t<\/div>\n\t\t\t\t<\/div>\n\t\t\t\t<\/div>\n\t\t<div class=\"elementor-element elementor-element-4be7cf7 e-flex e-con-boxed e-con e-parent\" data-id=\"4be7cf7\" data-element_type=\"container\" data-e-type=\"container\">\n\t\t\t\t\t<div class=\"e-con-inner\">\n\t\t\t\t<div class=\"elementor-element elementor-element-3e77158 elementor-widget__width-initial elementor-widget elementor-widget-heading\" data-id=\"3e77158\" data-element_type=\"widget\" data-e-type=\"widget\" data-widget_type=\"heading.default\">\n\t\t\t\t<div class=\"elementor-widget-container\">\n\t\t\t\t\t<h1 class=\"elementor-heading-title elementor-size-default\">Unser Weinberg in Dolcedo: Weinproduktion und -verkauf<\/h1>\t\t\t\t<\/div>\n\t\t\t\t<\/div>\n\t\t\t\t<div class=\"elementor-element elementor-element-e7bd9d2 elementor-widget-divider--view-line elementor-widget elementor-widget-divider\" data-id=\"e7bd9d2\" data-element_type=\"widget\" data-e-type=\"widget\" data-widget_type=\"divider.default\">\n\t\t\t\t<div class=\"elementor-widget-container\">\n\t\t\t\t\t\t\t<div class=\"elementor-divider\">\n\t\t\t<span class=\"elementor-divider-separator\">\n\t\t\t\t\t\t<\/span>\n\t\t<\/div>\n\t\t\t\t\t\t<\/div>\n\t\t\t\t<\/div>\n\t\t\t\t\t<\/div>\n\t\t\t\t<\/div>\n\t\t<div class=\"elementor-element elementor-element-232b281 e-flex e-con-boxed e-con e-parent\" data-id=\"232b281\" data-element_type=\"container\" data-e-type=\"container\">\n\t\t\t\t\t<div class=\"e-con-inner\">\n\t\t<div class=\"elementor-element elementor-element-df074a6 e-con-full e-flex e-con e-child\" data-id=\"df074a6\" data-element_type=\"container\" data-e-type=\"container\">\n\t\t\t\t<div class=\"elementor-element elementor-element-fdbbd40 elementor-widget elementor-widget-text-editor\" data-id=\"fdbbd40\" data-element_type=\"widget\" data-e-type=\"widget\" data-widget_type=\"text-editor.default\">\n\t\t\t\t<div class=\"elementor-widget-container\">\n\t\t\t\t\t\t\t\t\t<p>Die Geschichte des Weinbaus in Ligurien reicht Jahrtausende zur\u00fcck. Die ersten Hinweise auf den <strong>Weinbau in Ligurien<\/strong> stammen aus dem 1. Jahrhundert v. Chr. und haben wahrscheinlich griechische Urspr\u00fcnge. Die ligurischen Weinberge haben ihre Wurzeln in der Antike, wo die Kunst des Weinanbaus \u00fcber die Jahrhunderte hinweg evolvierte und bis zum Jahr 1500 die dominierende Anbaupraxis blieb.<br \/><br \/>Die Terrassen auf den H\u00fcgeln, die Trockenmauern und die kalkhaltigen B\u00f6den pr\u00e4gen die Weinberge. Trotz der geografischen Herausforderungen haben die Leidenschaft der ligurischen Winzer einzigartige Weine hervorgebracht, die durch jeden Schluck die Geschichte und den Reichtum des Landes feiern.<br \/><br \/>Wie es fr\u00fcher \u00fcblich war, wurden in Ligurien der Anbau und die Ernte von Oliven im Winter alternierend und erg\u00e4nzend zu dem der Reben im Sommer betrieben. Auch wir vom Frantoio San Martino haben im Respekt vor der Tradition beschlossen, diese Philosophie fortzusetzen.<\/p>\t\t\t\t\t\t\t\t<\/div>\n\t\t\t\t<\/div>\n\t\t\t\t<\/div>\n\t\t<div class=\"elementor-element elementor-element-6270ec8 e-con-full e-flex e-con e-child\" data-id=\"6270ec8\" data-element_type=\"container\" data-e-type=\"container\">\n\t\t\t\t<div class=\"elementor-element elementor-element-f0e59ed elementor-widget elementor-widget-text-editor\" data-id=\"f0e59ed\" data-element_type=\"widget\" data-e-type=\"widget\" data-widget_type=\"text-editor.default\">\n\t\t\t\t<div class=\"elementor-widget-container\">\n\t\t\t\t\t\t\t\t\t<p>Die <strong>Leidenschaft und die famili\u00e4re F\u00fchrung<\/strong> spiegeln sich in unseren exquisiten und authentischen <a href=\"https:\/\/www.frantoiosanmartino.com\/de\/weine\/\">ligurischen Weinen wider<\/a>, die online zum Verkauf stehen. Die Fr\u00fcchte wachsen auf den <strong>H\u00fcgeln hinter Imperia<\/strong>, im Dorf im Landesinneren von Dolcedo, wo unser Frantoio San Martino steht, wo wir uns um die <strong>Produktion und den Verkauf von Wein k\u00fcmmern.<\/strong><br \/><br \/><br \/><strong>Tats\u00e4chlich keltern wir ausschlie\u00dflich Trauben<\/strong> aus unseren eigenen Weinbergen, die unterschiedliche Ausrichtungen und H\u00f6henlagen von wenigen Dutzend bis zu 300-400 Metern \u00fcber dem Meeresspiegel haben. Das erm\u00f6glicht es uns, mit unseren Weinen die verschiedenen Eigenschaften unserer Standorte zu beschreiben.<br \/><br \/>Ein rauhes und wenig fruchtbares Land, durchzogen von Kilometern von Trockenmauern, aber gerade deshalb geeignet f\u00fcr die <strong>Produktion von exzellenten Wei\u00df- und Rotweinen<\/strong>. Unsere autochthonen Rebsorten sind die Grundlage f\u00fcr die drei Sorten ligurischer Weine, die in unserem Shop erh\u00e4ltlich sind:<br \/>&#8211; Pigato DOC Riviera Ligure di Ponente<br \/>&#8211; Vermentino DOC Riviera Ligure di Ponente<br \/>&#8211; Rossese DOC Riviera Ligure di Ponente<\/p>\t\t\t\t\t\t\t\t<\/div>\n\t\t\t\t<\/div>\n\t\t\t\t<\/div>\n\t\t\t\t\t<\/div>\n\t\t\t\t<\/div>\n\t\t<div class=\"elementor-element elementor-element-6b812c9 e-flex e-con-boxed e-con e-parent\" data-id=\"6b812c9\" data-element_type=\"container\" data-e-type=\"container\">\n\t\t\t\t\t<div class=\"e-con-inner\">\n\t\t<div class=\"elementor-element elementor-element-6a7bb1a e-con-full e-flex e-con e-child\" data-id=\"6a7bb1a\" data-element_type=\"container\" data-e-type=\"container\">\n\t\t\t\t<div class=\"elementor-element elementor-element-db85fdb elementor-widget elementor-widget-image\" data-id=\"db85fdb\" data-element_type=\"widget\" data-e-type=\"widget\" data-widget_type=\"image.default\">\n\t\t\t\t<div class=\"elementor-widget-container\">\n\t\t\t\t\t\t\t\t\t\t\t\t\t\t\t<img fetchpriority=\"high\" decoding=\"async\" width=\"533\" height=\"533\" src=\"https:\/\/www.frantoiosanmartino.com\/wp-content\/uploads\/2023\/10\/vigneti-vista-mare.jpg\" class=\"attachment-1536x1536 size-1536x1536 wp-image-6245\" alt=\"\" srcset=\"https:\/\/www.frantoiosanmartino.com\/wp-content\/uploads\/2023\/10\/vigneti-vista-mare.jpg 533w, https:\/\/www.frantoiosanmartino.com\/wp-content\/uploads\/2023\/10\/vigneti-vista-mare-300x300.jpg 300w, https:\/\/www.frantoiosanmartino.com\/wp-content\/uploads\/2023\/10\/vigneti-vista-mare-150x150.jpg 150w, https:\/\/www.frantoiosanmartino.com\/wp-content\/uploads\/2023\/10\/vigneti-vista-mare-400x400.jpg 400w, https:\/\/www.frantoiosanmartino.com\/wp-content\/uploads\/2023\/10\/vigneti-vista-mare-510x510.jpg 510w, https:\/\/www.frantoiosanmartino.com\/wp-content\/uploads\/2023\/10\/vigneti-vista-mare-100x100.jpg 100w, https:\/\/www.frantoiosanmartino.com\/wp-content\/uploads\/2023\/10\/vigneti-vista-mare-64x64.jpg 64w\" sizes=\"(max-width: 533px) 100vw, 533px\" \/>\t\t\t\t\t\t\t\t\t\t\t\t\t\t\t<\/div>\n\t\t\t\t<\/div>\n\t\t\t\t<\/div>\n\t\t<div class=\"elementor-element elementor-element-dfe574d e-con-full e-flex e-con e-child\" data-id=\"dfe574d\" data-element_type=\"container\" data-e-type=\"container\">\n\t\t\t\t<div class=\"elementor-element elementor-element-26d33e4 elementor-widget elementor-widget-image\" data-id=\"26d33e4\" data-element_type=\"widget\" data-e-type=\"widget\" data-widget_type=\"image.default\">\n\t\t\t\t<div class=\"elementor-widget-container\">\n\t\t\t\t\t\t\t\t\t\t\t\t\t\t\t<img decoding=\"async\" width=\"533\" height=\"533\" src=\"https:\/\/www.frantoiosanmartino.com\/wp-content\/uploads\/2023\/10\/uva-vigneti-dolcedo.jpg\" class=\"attachment-1536x1536 size-1536x1536 wp-image-6241\" alt=\"\" srcset=\"https:\/\/www.frantoiosanmartino.com\/wp-content\/uploads\/2023\/10\/uva-vigneti-dolcedo.jpg 533w, https:\/\/www.frantoiosanmartino.com\/wp-content\/uploads\/2023\/10\/uva-vigneti-dolcedo-300x300.jpg 300w, https:\/\/www.frantoiosanmartino.com\/wp-content\/uploads\/2023\/10\/uva-vigneti-dolcedo-150x150.jpg 150w, https:\/\/www.frantoiosanmartino.com\/wp-content\/uploads\/2023\/10\/uva-vigneti-dolcedo-400x400.jpg 400w, https:\/\/www.frantoiosanmartino.com\/wp-content\/uploads\/2023\/10\/uva-vigneti-dolcedo-510x510.jpg 510w, https:\/\/www.frantoiosanmartino.com\/wp-content\/uploads\/2023\/10\/uva-vigneti-dolcedo-100x100.jpg 100w, https:\/\/www.frantoiosanmartino.com\/wp-content\/uploads\/2023\/10\/uva-vigneti-dolcedo-64x64.jpg 64w\" sizes=\"(max-width: 533px) 100vw, 533px\" \/>\t\t\t\t\t\t\t\t\t\t\t\t\t\t\t<\/div>\n\t\t\t\t<\/div>\n\t\t\t\t<\/div>\n\t\t<div class=\"elementor-element elementor-element-f704461 e-con-full elementor-hidden-mobile e-flex e-con e-child\" data-id=\"f704461\" data-element_type=\"container\" data-e-type=\"container\">\n\t\t\t\t<div class=\"elementor-element elementor-element-802b3ea elementor-widget elementor-widget-image\" data-id=\"802b3ea\" data-element_type=\"widget\" data-e-type=\"widget\" data-widget_type=\"image.default\">\n\t\t\t\t<div class=\"elementor-widget-container\">\n\t\t\t\t\t\t\t\t\t\t\t\t\t\t\t<img decoding=\"async\" width=\"400\" height=\"800\" src=\"https:\/\/www.frantoiosanmartino.com\/wp-content\/uploads\/2023\/10\/vigneti-dolcedo.jpg\" class=\"attachment-2048x2048 size-2048x2048 wp-image-6237\" alt=\"\" srcset=\"https:\/\/www.frantoiosanmartino.com\/wp-content\/uploads\/2023\/10\/vigneti-dolcedo.jpg 400w, https:\/\/www.frantoiosanmartino.com\/wp-content\/uploads\/2023\/10\/vigneti-dolcedo-150x300.jpg 150w, https:\/\/www.frantoiosanmartino.com\/wp-content\/uploads\/2023\/10\/vigneti-dolcedo-64x128.jpg 64w\" sizes=\"(max-width: 400px) 100vw, 400px\" \/>\t\t\t\t\t\t\t\t\t\t\t\t\t\t\t<\/div>\n\t\t\t\t<\/div>\n\t\t\t\t<\/div>\n\t\t\t\t\t<\/div>\n\t\t\t\t<\/div>\n\t\t<div class=\"elementor-element elementor-element-ca6c769 e-flex e-con-boxed e-con e-parent\" data-id=\"ca6c769\" data-element_type=\"container\" data-e-type=\"container\" data-settings=\"{&quot;background_background&quot;:&quot;classic&quot;}\">\n\t\t\t\t\t<div class=\"e-con-inner\">\n\t\t<div class=\"elementor-element elementor-element-5eaf7d2 e-con-full e-flex e-con e-child\" data-id=\"5eaf7d2\" data-element_type=\"container\" data-e-type=\"container\">\n\t\t\t\t<div class=\"elementor-element elementor-element-8c6c7a3 elementor-widget__width-initial elementor-widget elementor-widget-heading\" data-id=\"8c6c7a3\" data-element_type=\"widget\" data-e-type=\"widget\" data-widget_type=\"heading.default\">\n\t\t\t\t<div class=\"elementor-widget-container\">\n\t\t\t\t\t<h2 class=\"elementor-heading-title elementor-size-default\">Verkostung von Weinen in Imperia<\/h2>\t\t\t\t<\/div>\n\t\t\t\t<\/div>\n\t\t\t\t<div class=\"elementor-element elementor-element-c4b31a2 elementor-widget-divider--view-line elementor-widget elementor-widget-divider\" data-id=\"c4b31a2\" data-element_type=\"widget\" data-e-type=\"widget\" data-widget_type=\"divider.default\">\n\t\t\t\t<div class=\"elementor-widget-container\">\n\t\t\t\t\t\t\t<div class=\"elementor-divider\">\n\t\t\t<span class=\"elementor-divider-separator\">\n\t\t\t\t\t\t<\/span>\n\t\t<\/div>\n\t\t\t\t\t\t<\/div>\n\t\t\t\t<\/div>\n\t\t\t\t<div class=\"elementor-element elementor-element-6983784 elementor-widget elementor-widget-text-editor\" data-id=\"6983784\" data-element_type=\"widget\" data-e-type=\"widget\" data-widget_type=\"text-editor.default\">\n\t\t\t\t<div class=\"elementor-widget-container\">\n\t\t\t\t\t\t\t\t\t<p>Um Ihnen ein eintauchendes Erlebnis zu bieten, das Ihnen die Authentizit\u00e4t unserer Region vermittelt, k\u00f6nnen Sie uns besuchen und alle unsere <strong>Weine direkt<\/strong> in unserem Frantoio San Martino in Dolcedo (IM) probieren.<br \/><br \/>Tats\u00e4chlich, wenn Sie <strong>Weinverkostungen in Ligurien<\/strong> <strong>suchen und sich in der Region Ponente<\/strong> befinden, k\u00f6nnen Sie uns leicht erreichen, um unsere typischen Weine zu probieren, und anschlie\u00dfend in unserem <a href=\"https:\/\/www.frantoiosanmartino.com\/de\/urlaub-auf-dem-bauernhof\/\">Agriturismo<\/a> \u00fcbernachten, um eine Woche Natur und Entspannung zu genie\u00dfen.<br \/><br \/>Wenn Sie die Emotion erleben m\u00f6chten, die sich durch das Entdecken der vier Jahreszeiten in einer einzigartigen Erfahrung erz\u00e4hlt, buchen Sie eine <strong>Weinverkostung in Imperia.<\/strong><\/p>\t\t\t\t\t\t\t\t<\/div>\n\t\t\t\t<\/div>\n\t\t\t\t<div class=\"elementor-element elementor-element-52ce32d elementor-align-left elementor-widget elementor-widget-button\" data-id=\"52ce32d\" data-element_type=\"widget\" data-e-type=\"widget\" data-widget_type=\"button.default\">\n\t\t\t\t<div class=\"elementor-widget-container\">\n\t\t\t\t\t\t\t\t\t<div class=\"elementor-button-wrapper\">\n\t\t\t\t\t<a class=\"elementor-button elementor-button-link elementor-size-md\" href=\"mailto:info@frantoiosanmartino.com\">\n\t\t\t\t\t\t<span class=\"elementor-button-content-wrapper\">\n\t\t\t\t\t\t\t\t\t<span class=\"elementor-button-text\">Buche die Weinverkostung<\/span>\n\t\t\t\t\t<\/span>\n\t\t\t\t\t<\/a>\n\t\t\t\t<\/div>\n\t\t\t\t\t\t\t\t<\/div>\n\t\t\t\t<\/div>\n\t\t\t\t<\/div>\n\t\t<div class=\"elementor-element elementor-element-1abc584 e-con-full elementor-hidden-mobile e-flex e-con e-child\" data-id=\"1abc584\" data-element_type=\"container\" data-e-type=\"container\">\n\t\t\t\t<\/div>\n\t\t\t\t\t<\/div>\n\t\t\t\t<\/div>\n\t\t\t\t<\/div>\n\t\t","protected":false},"excerpt":{"rendered":"<p>Unser Weinberg in Dolcedo: Weinproduktion und -verkauf Die Geschichte des Weinbaus in Ligurien reicht Jahrtausende zur\u00fcck. Die ersten Hinweise auf den Weinbau in Ligurien stammen aus dem 1. Jahrhundert v. Chr. und haben wahrscheinlich griechische Urspr\u00fcnge. Die ligurischen Weinberge haben ihre Wurzeln in der Antike, wo die Kunst des Weinanbaus \u00fcber die Jahrhunderte hinweg evolvierte [&hellip;]<\/p>\n","protected":false},"author":1,"featured_media":0,"parent":0,"menu_order":0,"comment_status":"closed","ping_status":"closed","template":"","meta":{"footnotes":""},"class_list":["post-6909","page","type-page","status-publish","hentry"],"_links":{"self":[{"href":"https:\/\/www.frantoiosanmartino.com\/de\/wp-json\/wp\/v2\/pages\/6909","targetHints":{"allow":["GET"]}}],"collection":[{"href":"https:\/\/www.frantoiosanmartino.com\/de\/wp-json\/wp\/v2\/pages"}],"about":[{"href":"https:\/\/www.frantoiosanmartino.com\/de\/wp-json\/wp\/v2\/types\/page"}],"author":[{"embeddable":true,"href":"https:\/\/www.frantoiosanmartino.com\/de\/wp-json\/wp\/v2\/users\/1"}],"replies":[{"embeddable":true,"href":"https:\/\/www.frantoiosanmartino.com\/de\/wp-json\/wp\/v2\/comments?post=6909"}],"version-history":[{"count":19,"href":"https:\/\/www.frantoiosanmartino.com\/de\/wp-json\/wp\/v2\/pages\/6909\/revisions"}],"predecessor-version":[{"id":7410,"href":"https:\/\/www.frantoiosanmartino.com\/de\/wp-json\/wp\/v2\/pages\/6909\/revisions\/7410"}],"wp:attachment":[{"href":"https:\/\/www.frantoiosanmartino.com\/de\/wp-json\/wp\/v2\/media?parent=6909"}],"curies":[{"name":"wp","href":"https:\/\/api.w.org\/{rel}","templated":true}]}}