{"id":3834,"date":"2018-11-21T15:06:58","date_gmt":"2018-11-21T15:06:58","guid":{"rendered":"https:\/\/frantoiosanmartino.com\/urlaub-auf-dem-bauernhof\/"},"modified":"2023-10-24T09:16:27","modified_gmt":"2023-10-24T08:16:27","slug":"urlaub-auf-dem-bauernhof","status":"publish","type":"page","link":"https:\/\/www.frantoiosanmartino.com\/de\/urlaub-auf-dem-bauernhof\/","title":{"rendered":"Urlaub auf dem Bauernhof"},"content":{"rendered":"\t\t<div data-elementor-type=\"wp-page\" data-elementor-id=\"3834\" class=\"elementor elementor-3834 elementor-1242\" data-elementor-post-type=\"page\">\n\t\t\t\t<div class=\"elementor-element elementor-element-0d180f4 e-con-full e-flex e-con e-parent\" data-id=\"0d180f4\" data-element_type=\"container\" data-e-type=\"container\" data-settings=\"{&quot;background_background&quot;:&quot;classic&quot;}\">\n\t\t\t\t<div class=\"elementor-element elementor-element-0f769b5 elementor-widget elementor-widget-spacer\" data-id=\"0f769b5\" data-element_type=\"widget\" data-e-type=\"widget\" data-widget_type=\"spacer.default\">\n\t\t\t\t<div class=\"elementor-widget-container\">\n\t\t\t\t\t\t\t<div class=\"elementor-spacer\">\n\t\t\t<div class=\"elementor-spacer-inner\"><\/div>\n\t\t<\/div>\n\t\t\t\t\t\t<\/div>\n\t\t\t\t<\/div>\n\t\t\t\t<\/div>\n\t\t<div class=\"elementor-element elementor-element-f8cd72f e-flex e-con-boxed e-con e-parent\" data-id=\"f8cd72f\" data-element_type=\"container\" data-e-type=\"container\">\n\t\t\t\t\t<div class=\"e-con-inner\">\n\t\t<div class=\"elementor-element elementor-element-987a77d e-con-full e-flex e-con e-child\" data-id=\"987a77d\" data-element_type=\"container\" data-e-type=\"container\">\n\t\t\t\t<div class=\"elementor-element elementor-element-61bf780 elementor-widget__width-initial elementor-widget elementor-widget-heading\" data-id=\"61bf780\" data-element_type=\"widget\" data-e-type=\"widget\" data-widget_type=\"heading.default\">\n\t\t\t\t<div class=\"elementor-widget-container\">\n\t\t\t\t\t<h1 class=\"elementor-heading-title elementor-size-default\">Gastfreundlichkeit bei der \u00d6lm\u00fchle: Urlaub auf dem Bauernhof bei der \u00d6lm\u00fchle San Martino\n<\/h1>\t\t\t\t<\/div>\n\t\t\t\t<\/div>\n\t\t\t\t<div class=\"elementor-element elementor-element-41caef7 elementor-widget-divider--view-line elementor-widget elementor-widget-divider\" data-id=\"41caef7\" data-element_type=\"widget\" data-e-type=\"widget\" data-widget_type=\"divider.default\">\n\t\t\t\t<div class=\"elementor-widget-container\">\n\t\t\t\t\t\t\t<div class=\"elementor-divider\">\n\t\t\t<span class=\"elementor-divider-separator\">\n\t\t\t\t\t\t<\/span>\n\t\t<\/div>\n\t\t\t\t\t\t<\/div>\n\t\t\t\t<\/div>\n\t\t\t\t<div class=\"elementor-element elementor-element-eaaf9d9 elementor-widget elementor-widget-text-editor\" data-id=\"eaaf9d9\" data-element_type=\"widget\" data-e-type=\"widget\" data-widget_type=\"text-editor.default\">\n\t\t\t\t<div class=\"elementor-widget-container\">\n\t\t\t\t\t\t\t\t\t<p>Die Leidenschaft f\u00fcr Qualit\u00e4t des Oliven\u00f6ls und den typischen Produkte verbinden wir aus Liebe zu unserem Land:\u00a0<a href=\"https:\/\/www.frantoiosanmartino.com\/de\/olmuhle\/\">die \u00d6lm\u00fchle von San Martino<\/a>\u00a0befindet sich direkt neben dem Fluss Rio dei Boschi im Zentrum von Dolcedo, einem typischen ligurischen Dorf, in dem Geschichte und Kultur aufeinandertreffen. Zwischen Natur und Geschichte liegt unsere faszinierende M\u00fchle; Genau hier wollen wir euch zu einer\u00a0<b>entspannten und ruhigen Auszeit<\/b>\u00a0einzuladen.<\/p>\t\t\t\t\t\t\t\t<\/div>\n\t\t\t\t<\/div>\n\t\t\t\t<\/div>\n\t\t<div class=\"elementor-element elementor-element-3e8dc92 e-con-full e-flex e-con e-child\" data-id=\"3e8dc92\" data-element_type=\"container\" data-e-type=\"container\">\n\t\t\t\t<div class=\"elementor-element elementor-element-486e9b3 elementor-widget__width-initial elementor-widget elementor-widget-heading\" data-id=\"486e9b3\" data-element_type=\"widget\" data-e-type=\"widget\" data-widget_type=\"heading.default\">\n\t\t\t\t<div class=\"elementor-widget-container\">\n\t\t\t\t\t<h4 class=\"elementor-heading-title elementor-size-default\">Folgende Dienstleistungen sind w\u00e4hrend des Aufenthaltes inbegriffen:\n<\/h4>\t\t\t\t<\/div>\n\t\t\t\t<\/div>\n\t\t\t\t<div class=\"elementor-element elementor-element-8ee92df elementor-widget elementor-widget-text-editor\" data-id=\"8ee92df\" data-element_type=\"widget\" data-e-type=\"widget\" data-widget_type=\"text-editor.default\">\n\t\t\t\t<div class=\"elementor-widget-container\">\n\t\t\t\t\t\t\t\t\t<p><strong>\u2022 <\/strong>kostenloser Besuch der \u00d6lm\u00fchle<br \/><strong>\u2022<\/strong>\u00a0Rabatt auf den Kauf von\u00a0<a href=\"https:\/\/www.frantoiosanmartino.com\/de\/natives-olivenol-extra\/\">Oliven\u00f6l<\/a>\u00a0und anderen Produkten der \u00d6lm\u00fchle San Martino<\/p><p>Der Urlaub auf dem Bauernhof San Martino bietet Unterkunft f\u00fcr zwei Personen und kann w\u00f6chentlich gemietet werden; Kontaktiere uns, um mehr zu erfahren.<\/p>\t\t\t\t\t\t\t\t<\/div>\n\t\t\t\t<\/div>\n\t\t\t\t<div class=\"elementor-element elementor-element-5a1a7b3 elementor-align-left elementor-widget elementor-widget-button\" data-id=\"5a1a7b3\" data-element_type=\"widget\" data-e-type=\"widget\" data-widget_type=\"button.default\">\n\t\t\t\t<div class=\"elementor-widget-container\">\n\t\t\t\t\t\t\t\t\t<div class=\"elementor-button-wrapper\">\n\t\t\t\t\t<a class=\"elementor-button elementor-button-link elementor-size-md\" href=\"https:\/\/www.frantoiosanmartino.com\/de\/kontakt\/\">\n\t\t\t\t\t\t<span class=\"elementor-button-content-wrapper\">\n\t\t\t\t\t\t\t\t\t<span class=\"elementor-button-text\">Kontaktieren Sie uns<\/span>\n\t\t\t\t\t<\/span>\n\t\t\t\t\t<\/a>\n\t\t\t\t<\/div>\n\t\t\t\t\t\t\t\t<\/div>\n\t\t\t\t<\/div>\n\t\t\t\t<\/div>\n\t\t\t\t\t<\/div>\n\t\t\t\t<\/div>\n\t\t<div class=\"elementor-element elementor-element-f9edf8b e-flex e-con-boxed e-con e-parent\" data-id=\"f9edf8b\" data-element_type=\"container\" data-e-type=\"container\">\n\t\t\t\t\t<div class=\"e-con-inner\">\n\t\t<div class=\"elementor-element elementor-element-6ee9d2d e-con-full e-flex e-con e-child\" data-id=\"6ee9d2d\" data-element_type=\"container\" data-e-type=\"container\">\n\t\t\t\t<div class=\"elementor-element elementor-element-433fdfa elementor-widget elementor-widget-image\" data-id=\"433fdfa\" data-element_type=\"widget\" data-e-type=\"widget\" data-widget_type=\"image.default\">\n\t\t\t\t<div class=\"elementor-widget-container\">\n\t\t\t\t\t\t\t\t\t\t\t\t\t\t\t<img fetchpriority=\"high\" decoding=\"async\" width=\"600\" height=\"600\" src=\"https:\/\/www.frantoiosanmartino.com\/wp-content\/uploads\/2023\/10\/dolcedo-borgo-storico-sul-torrente.jpg\" class=\"attachment-1536x1536 size-1536x1536 wp-image-6389\" alt=\"\" srcset=\"https:\/\/www.frantoiosanmartino.com\/wp-content\/uploads\/2023\/10\/dolcedo-borgo-storico-sul-torrente.jpg 600w, https:\/\/www.frantoiosanmartino.com\/wp-content\/uploads\/2023\/10\/dolcedo-borgo-storico-sul-torrente-300x300.jpg 300w, https:\/\/www.frantoiosanmartino.com\/wp-content\/uploads\/2023\/10\/dolcedo-borgo-storico-sul-torrente-150x150.jpg 150w, https:\/\/www.frantoiosanmartino.com\/wp-content\/uploads\/2023\/10\/dolcedo-borgo-storico-sul-torrente-400x400.jpg 400w, https:\/\/www.frantoiosanmartino.com\/wp-content\/uploads\/2023\/10\/dolcedo-borgo-storico-sul-torrente-510x510.jpg 510w, https:\/\/www.frantoiosanmartino.com\/wp-content\/uploads\/2023\/10\/dolcedo-borgo-storico-sul-torrente-100x100.jpg 100w, https:\/\/www.frantoiosanmartino.com\/wp-content\/uploads\/2023\/10\/dolcedo-borgo-storico-sul-torrente-64x64.jpg 64w\" sizes=\"(max-width: 600px) 100vw, 600px\" \/>\t\t\t\t\t\t\t\t\t\t\t\t\t\t\t<\/div>\n\t\t\t\t<\/div>\n\t\t\t\t<\/div>\n\t\t<div class=\"elementor-element elementor-element-f662e7b e-con-full e-flex e-con e-child\" data-id=\"f662e7b\" data-element_type=\"container\" data-e-type=\"container\">\n\t\t\t\t<div class=\"elementor-element elementor-element-3daadf1 elementor-widget elementor-widget-image\" data-id=\"3daadf1\" data-element_type=\"widget\" data-e-type=\"widget\" data-widget_type=\"image.default\">\n\t\t\t\t<div class=\"elementor-widget-container\">\n\t\t\t\t\t\t\t\t\t\t\t\t\t\t\t<img decoding=\"async\" width=\"600\" height=\"600\" src=\"https:\/\/www.frantoiosanmartino.com\/wp-content\/uploads\/2023\/10\/dolcedo-relax-quiete.jpg\" class=\"attachment-1536x1536 size-1536x1536 wp-image-6393\" alt=\"\" srcset=\"https:\/\/www.frantoiosanmartino.com\/wp-content\/uploads\/2023\/10\/dolcedo-relax-quiete.jpg 600w, https:\/\/www.frantoiosanmartino.com\/wp-content\/uploads\/2023\/10\/dolcedo-relax-quiete-300x300.jpg 300w, https:\/\/www.frantoiosanmartino.com\/wp-content\/uploads\/2023\/10\/dolcedo-relax-quiete-150x150.jpg 150w, https:\/\/www.frantoiosanmartino.com\/wp-content\/uploads\/2023\/10\/dolcedo-relax-quiete-400x400.jpg 400w, https:\/\/www.frantoiosanmartino.com\/wp-content\/uploads\/2023\/10\/dolcedo-relax-quiete-510x510.jpg 510w, https:\/\/www.frantoiosanmartino.com\/wp-content\/uploads\/2023\/10\/dolcedo-relax-quiete-100x100.jpg 100w, https:\/\/www.frantoiosanmartino.com\/wp-content\/uploads\/2023\/10\/dolcedo-relax-quiete-64x64.jpg 64w\" sizes=\"(max-width: 600px) 100vw, 600px\" \/>\t\t\t\t\t\t\t\t\t\t\t\t\t\t\t<\/div>\n\t\t\t\t<\/div>\n\t\t\t\t<\/div>\n\t\t<div class=\"elementor-element elementor-element-f5f1547 e-con-full elementor-hidden-mobile e-flex e-con e-child\" data-id=\"f5f1547\" data-element_type=\"container\" data-e-type=\"container\">\n\t\t\t\t<div class=\"elementor-element elementor-element-c5f3ae1 elementor-widget elementor-widget-image\" data-id=\"c5f3ae1\" data-element_type=\"widget\" data-e-type=\"widget\" data-widget_type=\"image.default\">\n\t\t\t\t<div class=\"elementor-widget-container\">\n\t\t\t\t\t\t\t\t\t\t\t\t\t\t\t<img decoding=\"async\" width=\"400\" height=\"800\" src=\"https:\/\/www.frantoiosanmartino.com\/wp-content\/uploads\/2023\/10\/Dolcedo-tradizione-frantoiana-dal-XI-secolo.jpg\" class=\"attachment-2048x2048 size-2048x2048 wp-image-6397\" alt=\"\" srcset=\"https:\/\/www.frantoiosanmartino.com\/wp-content\/uploads\/2023\/10\/Dolcedo-tradizione-frantoiana-dal-XI-secolo.jpg 400w, https:\/\/www.frantoiosanmartino.com\/wp-content\/uploads\/2023\/10\/Dolcedo-tradizione-frantoiana-dal-XI-secolo-150x300.jpg 150w, https:\/\/www.frantoiosanmartino.com\/wp-content\/uploads\/2023\/10\/Dolcedo-tradizione-frantoiana-dal-XI-secolo-64x128.jpg 64w\" sizes=\"(max-width: 400px) 100vw, 400px\" \/>\t\t\t\t\t\t\t\t\t\t\t\t\t\t\t<\/div>\n\t\t\t\t<\/div>\n\t\t\t\t<\/div>\n\t\t\t\t\t<\/div>\n\t\t\t\t<\/div>\n\t\t<div class=\"elementor-element elementor-element-58c4ab5 e-flex e-con-boxed e-con e-parent\" data-id=\"58c4ab5\" data-element_type=\"container\" data-e-type=\"container\" data-settings=\"{&quot;background_background&quot;:&quot;classic&quot;}\">\n\t\t\t\t\t<div class=\"e-con-inner\">\n\t\t<div class=\"elementor-element elementor-element-69a4d00 e-con-full e-flex e-con e-child\" data-id=\"69a4d00\" data-element_type=\"container\" data-e-type=\"container\">\n\t\t\t\t<div class=\"elementor-element elementor-element-ded1f5d elementor-widget__width-initial elementor-widget elementor-widget-heading\" data-id=\"ded1f5d\" data-element_type=\"widget\" data-e-type=\"widget\" data-widget_type=\"heading.default\">\n\t\t\t\t<div class=\"elementor-widget-container\">\n\t\t\t\t\t<h2 class=\"elementor-heading-title elementor-size-default\">Eine echte Entspannungspause inmitten der Natur des ligurischen Hinterlandes\n<\/h2>\t\t\t\t<\/div>\n\t\t\t\t<\/div>\n\t\t\t\t<div class=\"elementor-element elementor-element-576b07c elementor-widget-divider--view-line elementor-widget elementor-widget-divider\" data-id=\"576b07c\" data-element_type=\"widget\" data-e-type=\"widget\" data-widget_type=\"divider.default\">\n\t\t\t\t<div class=\"elementor-widget-container\">\n\t\t\t\t\t\t\t<div class=\"elementor-divider\">\n\t\t\t<span class=\"elementor-divider-separator\">\n\t\t\t\t\t\t<\/span>\n\t\t<\/div>\n\t\t\t\t\t\t<\/div>\n\t\t\t\t<\/div>\n\t\t\t\t<div class=\"elementor-element elementor-element-bf290c6 elementor-widget elementor-widget-text-editor\" data-id=\"bf290c6\" data-element_type=\"widget\" data-e-type=\"widget\" data-widget_type=\"text-editor.default\">\n\t\t\t\t<div class=\"elementor-widget-container\">\n\t\t\t\t\t\t\t\t\t<p><b>Der Urlaub auf dem Bauernhof der \u00d6lm\u00fchle San Martino<\/b> stellt einige historische Zimmer der M\u00fchle zur Verf\u00fcgung. Diese wurden renoviert und an die Anspr\u00fcche der G\u00e4ste angepasst. Eine einzigartige Erfahrung zwischen Geschichte und Kultur in der Stille eines ligurischen Dorfes, umgeben von Natur und Gastronomie, um die wahre Tradition des \u00d6lmahlens direkt von innen zu erleben.<\/p>\t\t\t\t\t\t\t\t<\/div>\n\t\t\t\t<\/div>\n\t\t\t\t<\/div>\n\t\t\t\t\t<\/div>\n\t\t\t\t<\/div>\n\t\t\t\t<\/div>\n\t\t","protected":false},"excerpt":{"rendered":"<p>Gastfreundlichkeit bei der \u00d6lm\u00fchle: Urlaub auf dem Bauernhof bei der \u00d6lm\u00fchle San Martino Die Leidenschaft f\u00fcr Qualit\u00e4t des Oliven\u00f6ls und den typischen Produkte verbinden wir aus Liebe zu unserem Land:\u00a0die \u00d6lm\u00fchle von San Martino\u00a0befindet sich direkt neben dem Fluss Rio dei Boschi im Zentrum von Dolcedo, einem typischen ligurischen Dorf, in dem Geschichte und Kultur [&hellip;]<\/p>\n","protected":false},"author":1,"featured_media":0,"parent":0,"menu_order":0,"comment_status":"closed","ping_status":"closed","template":"","meta":{"footnotes":""},"class_list":["post-3834","page","type-page","status-publish","hentry"],"_links":{"self":[{"href":"https:\/\/www.frantoiosanmartino.com\/de\/wp-json\/wp\/v2\/pages\/3834","targetHints":{"allow":["GET"]}}],"collection":[{"href":"https:\/\/www.frantoiosanmartino.com\/de\/wp-json\/wp\/v2\/pages"}],"about":[{"href":"https:\/\/www.frantoiosanmartino.com\/de\/wp-json\/wp\/v2\/types\/page"}],"author":[{"embeddable":true,"href":"https:\/\/www.frantoiosanmartino.com\/de\/wp-json\/wp\/v2\/users\/1"}],"replies":[{"embeddable":true,"href":"https:\/\/www.frantoiosanmartino.com\/de\/wp-json\/wp\/v2\/comments?post=3834"}],"version-history":[{"count":8,"href":"https:\/\/www.frantoiosanmartino.com\/de\/wp-json\/wp\/v2\/pages\/3834\/revisions"}],"predecessor-version":[{"id":6700,"href":"https:\/\/www.frantoiosanmartino.com\/de\/wp-json\/wp\/v2\/pages\/3834\/revisions\/6700"}],"wp:attachment":[{"href":"https:\/\/www.frantoiosanmartino.com\/de\/wp-json\/wp\/v2\/media?parent=3834"}],"curies":[{"name":"wp","href":"https:\/\/api.w.org\/{rel}","templated":true}]}}