{"id":3812,"date":"2018-11-21T11:45:17","date_gmt":"2018-11-21T11:45:17","guid":{"rendered":"https:\/\/frantoiosanmartino.com\/olmuhle\/"},"modified":"2025-04-17T09:51:36","modified_gmt":"2025-04-17T08:51:36","slug":"olmuhle","status":"publish","type":"page","link":"https:\/\/www.frantoiosanmartino.com\/de\/olmuhle\/","title":{"rendered":"\u00d6LM\u00dcHLE"},"content":{"rendered":"\t\t<div data-elementor-type=\"wp-page\" data-elementor-id=\"3812\" class=\"elementor elementor-3812 elementor-2\" data-elementor-post-type=\"page\">\n\t\t\t\t<div class=\"elementor-element elementor-element-3ef3426 e-con-full e-flex e-con e-parent\" data-id=\"3ef3426\" data-element_type=\"container\" data-e-type=\"container\" data-settings=\"{&quot;background_background&quot;:&quot;classic&quot;}\">\n\t\t\t\t<div class=\"elementor-element elementor-element-31132c5 elementor-widget elementor-widget-spacer\" data-id=\"31132c5\" data-element_type=\"widget\" data-e-type=\"widget\" data-widget_type=\"spacer.default\">\n\t\t\t\t<div class=\"elementor-widget-container\">\n\t\t\t\t\t\t\t<div class=\"elementor-spacer\">\n\t\t\t<div class=\"elementor-spacer-inner\"><\/div>\n\t\t<\/div>\n\t\t\t\t\t\t<\/div>\n\t\t\t\t<\/div>\n\t\t\t\t<\/div>\n\t\t<div class=\"elementor-element elementor-element-b4a5cda e-flex e-con-boxed e-con e-parent\" data-id=\"b4a5cda\" data-element_type=\"container\" data-e-type=\"container\">\n\t\t\t\t\t<div class=\"e-con-inner\">\n\t\t\t\t<div class=\"elementor-element elementor-element-79ec793 elementor-widget__width-initial elementor-widget elementor-widget-heading\" data-id=\"79ec793\" data-element_type=\"widget\" data-e-type=\"widget\" data-widget_type=\"heading.default\">\n\t\t\t\t<div class=\"elementor-widget-container\">\n\t\t\t\t\t<h1 class=\"elementor-heading-title elementor-size-default\">Die Geschichte der M\u00fchle, die Geschichte Oliven\u00f6l\n<\/h1>\t\t\t\t<\/div>\n\t\t\t\t<\/div>\n\t\t\t\t<div class=\"elementor-element elementor-element-e64b805 elementor-widget-divider--view-line elementor-widget elementor-widget-divider\" data-id=\"e64b805\" data-element_type=\"widget\" data-e-type=\"widget\" data-widget_type=\"divider.default\">\n\t\t\t\t<div class=\"elementor-widget-container\">\n\t\t\t\t\t\t\t<div class=\"elementor-divider\">\n\t\t\t<span class=\"elementor-divider-separator\">\n\t\t\t\t\t\t<\/span>\n\t\t<\/div>\n\t\t\t\t\t\t<\/div>\n\t\t\t\t<\/div>\n\t\t\t\t\t<\/div>\n\t\t\t\t<\/div>\n\t\t<div class=\"elementor-element elementor-element-8affb2f e-flex e-con-boxed e-con e-parent\" data-id=\"8affb2f\" data-element_type=\"container\" data-e-type=\"container\">\n\t\t\t\t\t<div class=\"e-con-inner\">\n\t\t<div class=\"elementor-element elementor-element-98c9cc0 e-con-full e-flex e-con e-child\" data-id=\"98c9cc0\" data-element_type=\"container\" data-e-type=\"container\">\n\t\t\t\t<div class=\"elementor-element elementor-element-2099c46 elementor-widget elementor-widget-text-editor\" data-id=\"2099c46\" data-element_type=\"widget\" data-e-type=\"widget\" data-widget_type=\"text-editor.default\">\n\t\t\t\t<div class=\"elementor-widget-container\">\n\t\t\t\t\t\t\t\t\t<p>Die \u00d6lm\u00fchle San Martino ist eine\u00a0<strong>antike, familiengef\u00fchrte \u00d6lm\u00fchle<\/strong>, die hochwertiges Oliven\u00f6l aus Taggiasca-Oliven produziert, die nach einer\u00a0<a href=\"https:\/\/www.frantoiosanmartino.com\/de\/produktion\/\">langsamen und traditionellen Methode<\/a>\u00a0in den Olivenhainen und im historischen Geb\u00e4ude von Dolcedo, im Landesinneren von Imperia, geerntet und verarbeitet werden.<\/p><p>Die Geschichte der alten \u00d6lm\u00fchle und des wertvollen Oliven\u00f6ls von Ligurien gehen seit ewig zeitgleich mit der b\u00e4uerlichen Tradition, die ein fester Bestandteil der Riviera di Ponente ist.<\/p><p>Es war das Jahr 1932, als die \u00d6lm\u00fchle San Martino von den Urgro\u00dfeltern der heutigen Besitzer, Maurizio und Claudio, gekauft wurde:\u00a0<b>diese Familie hatte bereits Erfahrung in der \u00d6lproduktion<\/b>. Die Urgro\u00dfeltern reisten von Chiusavecchia, in der N\u00e4he von Impero, nach Dolcedo, im Prino-Tal um dort den Besitz der M\u00fchle zu ergreifen. Die \u00d6lm\u00fchle San Martino, ein historisches Geb\u00e4ude in der Gegend, war bereits damals aktiv und produzierte Qualit\u00e4ts\u00f6l f\u00fcr die verschiedenen Kunden im Tal und dar\u00fcber hinaus. In den folgenden Jahrzehnten wurde die Oberhand der M\u00fchle gewechselt; sie blieb jedoch immer im Besitz der Familie: Die Gro\u00dftante Vincenza, k\u00fcmmerte sich alleine f\u00fcr lange Zeit um die Produktion von \u00d6l und anderen Produkten.<\/p>\t\t\t\t\t\t\t\t<\/div>\n\t\t\t\t<\/div>\n\t\t\t\t<\/div>\n\t\t<div class=\"elementor-element elementor-element-745c6d9 e-con-full e-flex e-con e-child\" data-id=\"745c6d9\" data-element_type=\"container\" data-e-type=\"container\">\n\t\t\t\t<div class=\"elementor-element elementor-element-242624e elementor-widget elementor-widget-text-editor\" data-id=\"242624e\" data-element_type=\"widget\" data-e-type=\"widget\" data-widget_type=\"text-editor.default\">\n\t\t\t\t<div class=\"elementor-widget-container\">\n\t\t\t\t\t\t\t\t\t<p>Nun haben\u00a0<b>Maurizio und Claudio<\/b>, Erben der antiken \u00d6lmahl-Aktivit\u00e4t, beschlossen, die bereits bestehende Produktion in der\u00a0<b>typischen \u00d6lm\u00fchle<\/b>\u00a0zu \u00fcbernehmen und weiterzuf\u00fchren. Die beiden jungen Br\u00fcder wollten nicht die\u00a0<b>lange Familientradition<\/b>\u00a0unterbrechen und haben sich dazu entschlossen, sich ganz auf die langsame und sorgf\u00e4ltige Produktion zu konzentrieren. Somit ist es ihnen gelungen, eine\u00a0<b>wertvollen Kollektion von Produkten, die mit Qualit\u00e4tsoliven\u00f6l und Taggiasca-Oliven<\/b>\u00a0verbunden sind, auf den Markt zu bringen. .<\/p><p>Dank der Entscheidung, die Produktion unver\u00e4ndert zu lassen, kann die alte Familien\u00f6lm\u00fchle immer noch den Namen der\u00a0<b>ersten \u201cKaltpressung\u201d von Oliven<\/b>tragen. Bei dieser jahrhundertealten Methode der \u00d6lgewinnung, werden die Oliven mit zwei Granitmahlsteinen gepresst, die durch das Rad einer Wasserm\u00fchle angetrieben werden. Jetzt wurden die zwei Granitmahlsteine durch Elektrizit\u00e4t ersetzt. Die nachfolgende Extraktion von \u00d6l erfolgt durch eine hydraulische Presse, die das Olivenfleisch zerdr\u00fcckt. Daf\u00fcr wird kein Wasser mehr ben\u00f6tigt. Dies passiert innerhalb der charakteristischen \u201cSportini\u201d. Die traditionelle Produktion wird von der Wiedererlangung von Land und Getreide begleitet. Dank der\u00a0<b>Aufwertung einiger Hektar von Familien -Olivenhaine, die f\u00fcr langer Zeit nicht bewirtschaftet wurden und nun wieder aktiv sind<\/b>.<\/p>\t\t\t\t\t\t\t\t<\/div>\n\t\t\t\t<\/div>\n\t\t\t\t<\/div>\n\t\t\t\t\t<\/div>\n\t\t\t\t<\/div>\n\t\t<div class=\"elementor-element elementor-element-52178c5 e-flex e-con-boxed e-con e-parent\" data-id=\"52178c5\" data-element_type=\"container\" data-e-type=\"container\">\n\t\t\t\t\t<div class=\"e-con-inner\">\n\t\t<div class=\"elementor-element elementor-element-84e35b1 e-con-full e-flex e-con e-child\" data-id=\"84e35b1\" data-element_type=\"container\" data-e-type=\"container\">\n\t\t\t\t<div class=\"elementor-element elementor-element-41a1152 elementor-widget elementor-widget-image\" data-id=\"41a1152\" data-element_type=\"widget\" data-e-type=\"widget\" data-widget_type=\"image.default\">\n\t\t\t\t<div class=\"elementor-widget-container\">\n\t\t\t\t\t\t\t\t\t\t\t\t\t\t\t<img fetchpriority=\"high\" decoding=\"async\" width=\"800\" height=\"800\" src=\"https:\/\/www.frantoiosanmartino.com\/wp-content\/uploads\/2023\/10\/tipico-frantoio-ligure.jpg\" class=\"attachment-1536x1536 size-1536x1536 wp-image-6513\" alt=\"\" srcset=\"https:\/\/www.frantoiosanmartino.com\/wp-content\/uploads\/2023\/10\/tipico-frantoio-ligure.jpg 800w, https:\/\/www.frantoiosanmartino.com\/wp-content\/uploads\/2023\/10\/tipico-frantoio-ligure-300x300.jpg 300w, https:\/\/www.frantoiosanmartino.com\/wp-content\/uploads\/2023\/10\/tipico-frantoio-ligure-150x150.jpg 150w, https:\/\/www.frantoiosanmartino.com\/wp-content\/uploads\/2023\/10\/tipico-frantoio-ligure-768x768.jpg 768w, https:\/\/www.frantoiosanmartino.com\/wp-content\/uploads\/2023\/10\/tipico-frantoio-ligure-400x400.jpg 400w, https:\/\/www.frantoiosanmartino.com\/wp-content\/uploads\/2023\/10\/tipico-frantoio-ligure-510x510.jpg 510w, https:\/\/www.frantoiosanmartino.com\/wp-content\/uploads\/2023\/10\/tipico-frantoio-ligure-100x100.jpg 100w, https:\/\/www.frantoiosanmartino.com\/wp-content\/uploads\/2023\/10\/tipico-frantoio-ligure-64x64.jpg 64w\" sizes=\"(max-width: 800px) 100vw, 800px\" \/>\t\t\t\t\t\t\t\t\t\t\t\t\t\t\t<\/div>\n\t\t\t\t<\/div>\n\t\t\t\t<\/div>\n\t\t<div class=\"elementor-element elementor-element-2c143dd e-con-full e-flex e-con e-child\" data-id=\"2c143dd\" data-element_type=\"container\" data-e-type=\"container\">\n\t\t\t\t<div class=\"elementor-element elementor-element-20d9aa9 elementor-widget elementor-widget-image\" data-id=\"20d9aa9\" data-element_type=\"widget\" data-e-type=\"widget\" data-widget_type=\"image.default\">\n\t\t\t\t<div class=\"elementor-widget-container\">\n\t\t\t\t\t\t\t\t\t\t\t\t\t\t\t<img decoding=\"async\" width=\"800\" height=\"800\" src=\"https:\/\/www.frantoiosanmartino.com\/wp-content\/uploads\/2023\/10\/tradizione-frantoiana-famigliare.jpg\" class=\"attachment-1536x1536 size-1536x1536 wp-image-6517\" alt=\"\" srcset=\"https:\/\/www.frantoiosanmartino.com\/wp-content\/uploads\/2023\/10\/tradizione-frantoiana-famigliare.jpg 800w, https:\/\/www.frantoiosanmartino.com\/wp-content\/uploads\/2023\/10\/tradizione-frantoiana-famigliare-300x300.jpg 300w, https:\/\/www.frantoiosanmartino.com\/wp-content\/uploads\/2023\/10\/tradizione-frantoiana-famigliare-150x150.jpg 150w, https:\/\/www.frantoiosanmartino.com\/wp-content\/uploads\/2023\/10\/tradizione-frantoiana-famigliare-768x768.jpg 768w, https:\/\/www.frantoiosanmartino.com\/wp-content\/uploads\/2023\/10\/tradizione-frantoiana-famigliare-400x400.jpg 400w, https:\/\/www.frantoiosanmartino.com\/wp-content\/uploads\/2023\/10\/tradizione-frantoiana-famigliare-510x510.jpg 510w, https:\/\/www.frantoiosanmartino.com\/wp-content\/uploads\/2023\/10\/tradizione-frantoiana-famigliare-100x100.jpg 100w, https:\/\/www.frantoiosanmartino.com\/wp-content\/uploads\/2023\/10\/tradizione-frantoiana-famigliare-64x64.jpg 64w\" sizes=\"(max-width: 800px) 100vw, 800px\" \/>\t\t\t\t\t\t\t\t\t\t\t\t\t\t\t<\/div>\n\t\t\t\t<\/div>\n\t\t\t\t<\/div>\n\t\t<div class=\"elementor-element elementor-element-11f7c83 e-con-full elementor-hidden-mobile e-flex e-con e-child\" data-id=\"11f7c83\" data-element_type=\"container\" data-e-type=\"container\">\n\t\t\t\t<div class=\"elementor-element elementor-element-030c226 elementor-widget elementor-widget-image\" data-id=\"030c226\" data-element_type=\"widget\" data-e-type=\"widget\" data-widget_type=\"image.default\">\n\t\t\t\t<div class=\"elementor-widget-container\">\n\t\t\t\t\t\t\t\t\t\t\t\t\t\t\t<img decoding=\"async\" width=\"400\" height=\"800\" src=\"https:\/\/www.frantoiosanmartino.com\/wp-content\/uploads\/2023\/10\/Dolcedo-tradizione-frantoiana-dal-XI-secolo.jpg\" class=\"attachment-2048x2048 size-2048x2048 wp-image-6397\" alt=\"\" srcset=\"https:\/\/www.frantoiosanmartino.com\/wp-content\/uploads\/2023\/10\/Dolcedo-tradizione-frantoiana-dal-XI-secolo.jpg 400w, https:\/\/www.frantoiosanmartino.com\/wp-content\/uploads\/2023\/10\/Dolcedo-tradizione-frantoiana-dal-XI-secolo-150x300.jpg 150w, https:\/\/www.frantoiosanmartino.com\/wp-content\/uploads\/2023\/10\/Dolcedo-tradizione-frantoiana-dal-XI-secolo-64x128.jpg 64w\" sizes=\"(max-width: 400px) 100vw, 400px\" \/>\t\t\t\t\t\t\t\t\t\t\t\t\t\t\t<\/div>\n\t\t\t\t<\/div>\n\t\t\t\t<\/div>\n\t\t\t\t\t<\/div>\n\t\t\t\t<\/div>\n\t\t<div class=\"elementor-element elementor-element-5568ea6 e-flex e-con-boxed e-con e-parent\" data-id=\"5568ea6\" data-element_type=\"container\" data-e-type=\"container\" data-settings=\"{&quot;background_background&quot;:&quot;classic&quot;}\">\n\t\t\t\t\t<div class=\"e-con-inner\">\n\t\t<div class=\"elementor-element elementor-element-b00c0b0 e-con-full e-flex e-con e-child\" data-id=\"b00c0b0\" data-element_type=\"container\" data-e-type=\"container\">\n\t\t\t\t<div class=\"elementor-element elementor-element-88a7aed elementor-widget__width-initial elementor-widget elementor-widget-heading\" data-id=\"88a7aed\" data-element_type=\"widget\" data-e-type=\"widget\" data-widget_type=\"heading.default\">\n\t\t\t\t<div class=\"elementor-widget-container\">\n\t\t\t\t\t<h2 class=\"elementor-heading-title elementor-size-default\">Die D.O.P. und die Verbindung mit dem Territorium\n<\/h2>\t\t\t\t<\/div>\n\t\t\t\t<\/div>\n\t\t\t\t<div class=\"elementor-element elementor-element-d1948dd elementor-widget-divider--view-line elementor-widget elementor-widget-divider\" data-id=\"d1948dd\" data-element_type=\"widget\" data-e-type=\"widget\" data-widget_type=\"divider.default\">\n\t\t\t\t<div class=\"elementor-widget-container\">\n\t\t\t\t\t\t\t<div class=\"elementor-divider\">\n\t\t\t<span class=\"elementor-divider-separator\">\n\t\t\t\t\t\t<\/span>\n\t\t<\/div>\n\t\t\t\t\t\t<\/div>\n\t\t\t\t<\/div>\n\t\t\t\t<div class=\"elementor-element elementor-element-7e073e4 elementor-widget elementor-widget-text-editor\" data-id=\"7e073e4\" data-element_type=\"widget\" data-e-type=\"widget\" data-widget_type=\"text-editor.default\">\n\t\t\t\t<div class=\"elementor-widget-container\">\n\t\t\t\t\t\t\t\t\t<p>In \u00dcbereinstimmung mit der D.O.P.-Zertifizierung der ligurischen K\u00fcste f\u00fcr die Herstellung der feinsten \u00d6le, ist die gesamte Produktion und die Initiative des Aufschwungs\u00a0<b>eng mit dem Gebiet verbunden<\/b>: Die \u00d6lm\u00fchle San Martino, in Dolcedo, befindet sich am Ufer des Flusses Rio dei Boschi, durch dem sie in Vergangenheit die treibende Kraft gefunden hat und somit ein\u00a0<b>wichtiger Bestandteil der Geschichte der \u00d6lproduktion, Taggiasca \u2013 und Produkte aus dem ligurischen Hinterland<\/b>ist. Ihr Leben ist mit dem von Dolcedo und seinen alten D\u00f6rfern verbunden und der Name selbst stammt von der kleinen Kapelle San Martino, die heute noch besucht werden kann.<\/p><p>Die Produktion von \u00d6l und Oliven ist mit der Geschichte von Dolcedo und den umliegenden T\u00e4lern verbunden, wo die Wurzeln der \u00d6lmahl-Tradition bis ins elfte Jahrhundert gelangen. Die Benediktinerm\u00f6nche der Kirche von San Tommaso haben die Oliven- Kultur mit sich gebracht und in der Gegend verbreitet. Heute, nach fast tausend Jahren, sind die Olivenb\u00e4ume immer noch erhalten und beschenken durch Ihre Frucht die Gl\u00fccklichen mit K\u00f6rper, Geist und Gaumen.<\/p><p>La sua vita si intreccia con quella di Dolcedo e delle sue antiche borgate e il nome stesso prende vita dalla cappelletta dedicata a San Martino che ancora oggi pu\u00f2 essere visitata nel paese.<\/p><p>La stessa produzione di olio e olive \u00e8 indissolubilmente intrecciata con la storia di Dolcedo e delle valli circostanti, dove le radici della tradizione frantoiana affondano niente meno che nell\u2019XI secolo, quando i monaci benedettini della chiesa di San Tommaso portarono con s\u00e9 la coltura dell\u2019olivo e la diffusero nella zona. Oggi, dopo quasi mille anni, gli antichi olivi sono rimasti e continuano a regalare ai fortunati che ne scelgono i frutti benefici per il corpo, la mente e il palato.<\/p>\t\t\t\t\t\t\t\t<\/div>\n\t\t\t\t<\/div>\n\t\t\t\t<\/div>\n\t\t<div class=\"elementor-element elementor-element-ed66548 e-con-full elementor-hidden-mobile e-flex e-con e-child\" data-id=\"ed66548\" data-element_type=\"container\" data-e-type=\"container\">\n\t\t\t\t<\/div>\n\t\t\t\t\t<\/div>\n\t\t\t\t<\/div>\n\t\t<div class=\"elementor-element elementor-element-6892f4c e-flex e-con-boxed e-con e-parent\" data-id=\"6892f4c\" data-element_type=\"container\" data-e-type=\"container\">\n\t\t\t\t\t<div class=\"e-con-inner\">\n\t\t<div class=\"elementor-element elementor-element-dcc2dca e-con-full elementor-hidden-mobile e-flex e-con e-child\" data-id=\"dcc2dca\" data-element_type=\"container\" data-e-type=\"container\">\n\t\t\t\t<div class=\"elementor-element elementor-element-b2f43c0 elementor-widget elementor-widget-image\" data-id=\"b2f43c0\" data-element_type=\"widget\" data-e-type=\"widget\" data-widget_type=\"image.default\">\n\t\t\t\t<div class=\"elementor-widget-container\">\n\t\t\t\t\t\t\t\t\t\t\t\t\t\t\t<img loading=\"lazy\" decoding=\"async\" width=\"400\" height=\"800\" src=\"https:\/\/www.frantoiosanmartino.com\/wp-content\/uploads\/2023\/10\/rivalorizzazione-ettari-uliveti.jpg\" class=\"attachment-2048x2048 size-2048x2048 wp-image-6521\" alt=\"\" srcset=\"https:\/\/www.frantoiosanmartino.com\/wp-content\/uploads\/2023\/10\/rivalorizzazione-ettari-uliveti.jpg 400w, https:\/\/www.frantoiosanmartino.com\/wp-content\/uploads\/2023\/10\/rivalorizzazione-ettari-uliveti-150x300.jpg 150w, https:\/\/www.frantoiosanmartino.com\/wp-content\/uploads\/2023\/10\/rivalorizzazione-ettari-uliveti-64x128.jpg 64w\" sizes=\"(max-width: 400px) 100vw, 400px\" \/>\t\t\t\t\t\t\t\t\t\t\t\t\t\t\t<\/div>\n\t\t\t\t<\/div>\n\t\t\t\t<\/div>\n\t\t<div class=\"elementor-element elementor-element-73d2ae3 e-con-full e-flex e-con e-child\" data-id=\"73d2ae3\" data-element_type=\"container\" data-e-type=\"container\">\n\t\t\t\t<div class=\"elementor-element elementor-element-b3523ee elementor-widget elementor-widget-image\" data-id=\"b3523ee\" data-element_type=\"widget\" data-e-type=\"widget\" data-widget_type=\"image.default\">\n\t\t\t\t<div class=\"elementor-widget-container\">\n\t\t\t\t\t\t\t\t\t\t\t\t\t\t\t<img loading=\"lazy\" decoding=\"async\" width=\"800\" height=\"800\" src=\"https:\/\/www.frantoiosanmartino.com\/wp-content\/uploads\/2023\/10\/oliva-taggiasca-maturano.jpg\" class=\"attachment-1536x1536 size-1536x1536 wp-image-6525\" alt=\"\" srcset=\"https:\/\/www.frantoiosanmartino.com\/wp-content\/uploads\/2023\/10\/oliva-taggiasca-maturano.jpg 800w, https:\/\/www.frantoiosanmartino.com\/wp-content\/uploads\/2023\/10\/oliva-taggiasca-maturano-300x300.jpg 300w, https:\/\/www.frantoiosanmartino.com\/wp-content\/uploads\/2023\/10\/oliva-taggiasca-maturano-150x150.jpg 150w, https:\/\/www.frantoiosanmartino.com\/wp-content\/uploads\/2023\/10\/oliva-taggiasca-maturano-768x768.jpg 768w, https:\/\/www.frantoiosanmartino.com\/wp-content\/uploads\/2023\/10\/oliva-taggiasca-maturano-400x400.jpg 400w, https:\/\/www.frantoiosanmartino.com\/wp-content\/uploads\/2023\/10\/oliva-taggiasca-maturano-510x510.jpg 510w, https:\/\/www.frantoiosanmartino.com\/wp-content\/uploads\/2023\/10\/oliva-taggiasca-maturano-100x100.jpg 100w, https:\/\/www.frantoiosanmartino.com\/wp-content\/uploads\/2023\/10\/oliva-taggiasca-maturano-64x64.jpg 64w\" sizes=\"(max-width: 800px) 100vw, 800px\" \/>\t\t\t\t\t\t\t\t\t\t\t\t\t\t\t<\/div>\n\t\t\t\t<\/div>\n\t\t\t\t<\/div>\n\t\t<div class=\"elementor-element elementor-element-fc34ee7 e-con-full e-flex e-con e-child\" data-id=\"fc34ee7\" data-element_type=\"container\" data-e-type=\"container\">\n\t\t\t\t<div class=\"elementor-element elementor-element-5569fc3 elementor-widget elementor-widget-image\" data-id=\"5569fc3\" data-element_type=\"widget\" data-e-type=\"widget\" data-widget_type=\"image.default\">\n\t\t\t\t<div class=\"elementor-widget-container\">\n\t\t\t\t\t\t\t\t\t\t\t\t\t\t\t<img loading=\"lazy\" decoding=\"async\" width=\"800\" height=\"800\" src=\"https:\/\/www.frantoiosanmartino.com\/wp-content\/uploads\/2023\/10\/ramo-oliva-cultivar-taggiasca.jpg\" class=\"attachment-1536x1536 size-1536x1536 wp-image-6529\" alt=\"\" srcset=\"https:\/\/www.frantoiosanmartino.com\/wp-content\/uploads\/2023\/10\/ramo-oliva-cultivar-taggiasca.jpg 800w, https:\/\/www.frantoiosanmartino.com\/wp-content\/uploads\/2023\/10\/ramo-oliva-cultivar-taggiasca-300x300.jpg 300w, https:\/\/www.frantoiosanmartino.com\/wp-content\/uploads\/2023\/10\/ramo-oliva-cultivar-taggiasca-150x150.jpg 150w, https:\/\/www.frantoiosanmartino.com\/wp-content\/uploads\/2023\/10\/ramo-oliva-cultivar-taggiasca-768x768.jpg 768w, https:\/\/www.frantoiosanmartino.com\/wp-content\/uploads\/2023\/10\/ramo-oliva-cultivar-taggiasca-400x400.jpg 400w, https:\/\/www.frantoiosanmartino.com\/wp-content\/uploads\/2023\/10\/ramo-oliva-cultivar-taggiasca-510x510.jpg 510w, https:\/\/www.frantoiosanmartino.com\/wp-content\/uploads\/2023\/10\/ramo-oliva-cultivar-taggiasca-100x100.jpg 100w, https:\/\/www.frantoiosanmartino.com\/wp-content\/uploads\/2023\/10\/ramo-oliva-cultivar-taggiasca-64x64.jpg 64w\" sizes=\"(max-width: 800px) 100vw, 800px\" \/>\t\t\t\t\t\t\t\t\t\t\t\t\t\t\t<\/div>\n\t\t\t\t<\/div>\n\t\t\t\t<\/div>\n\t\t\t\t\t<\/div>\n\t\t\t\t<\/div>\n\t\t<div class=\"elementor-element elementor-element-a620998 e-flex e-con-boxed e-con e-parent\" data-id=\"a620998\" data-element_type=\"container\" data-e-type=\"container\">\n\t\t\t\t\t<div class=\"e-con-inner\">\n\t\t<div class=\"elementor-element elementor-element-06de452 e-con-full elementor-hidden-mobile e-flex e-con e-child\" data-id=\"06de452\" data-element_type=\"container\" data-e-type=\"container\">\n\t\t\t\t<\/div>\n\t\t<div class=\"elementor-element elementor-element-ed66a3e e-con-full e-flex e-con e-child\" data-id=\"ed66a3e\" data-element_type=\"container\" data-e-type=\"container\">\n\t\t\t\t<div class=\"elementor-element elementor-element-1ff1b0e elementor-widget elementor-widget-heading\" data-id=\"1ff1b0e\" data-element_type=\"widget\" data-e-type=\"widget\" data-widget_type=\"heading.default\">\n\t\t\t\t<div class=\"elementor-widget-container\">\n\t\t\t\t\t<h2 class=\"elementor-heading-title elementor-size-default\">Die Taggiasca und Oliven\u00f6l\n<\/h2>\t\t\t\t<\/div>\n\t\t\t\t<\/div>\n\t\t\t\t<div class=\"elementor-element elementor-element-e9e07a3 elementor-widget-divider--view-line elementor-widget elementor-widget-divider\" data-id=\"e9e07a3\" data-element_type=\"widget\" data-e-type=\"widget\" data-widget_type=\"divider.default\">\n\t\t\t\t<div class=\"elementor-widget-container\">\n\t\t\t\t\t\t\t<div class=\"elementor-divider\">\n\t\t\t<span class=\"elementor-divider-separator\">\n\t\t\t\t\t\t<\/span>\n\t\t<\/div>\n\t\t\t\t\t\t<\/div>\n\t\t\t\t<\/div>\n\t\t\t\t<div class=\"elementor-element elementor-element-f15df00 elementor-widget elementor-widget-text-editor\" data-id=\"f15df00\" data-element_type=\"widget\" data-e-type=\"widget\" data-widget_type=\"text-editor.default\">\n\t\t\t\t<div class=\"elementor-widget-container\">\n\t\t\t\t\t\t\t\t\t<p>Das Gebiet von Dolcedo und den umliegenden T\u00e4lern hinter Imperia ist f\u00fcr die Herstellung der\u00a0<b>k\u00f6stlichen und kostbaren Olivensorte Taggiasca<\/b>\u00a0ber\u00fchmt. Der Name Taggiasca stammt von der Stadt Taggia, wo diese Sorte erstmals im elften Jahrhundert von den M\u00f6nchen von San Colombano, von der Klosterinsel Lerino, angepflanzt wurde. Die Fr\u00fcchte reifen gegen Ende Januar, haben einen hohen Ertrag und produzieren ein sehr feines Oliven\u00f6l, mit einer charakteristischen gelben Farbe, sind leicht fruchtig mit einem definitiven s\u00fc\u00dfen Geschmack. Nicht nur das: Die organoleptischen Eigenschaften dieser Sorte machen sie so appetitlich, dass sie auch in \u00d6l oder in einfachem Salzwasser konsumiert werden k\u00f6nnen.<\/p>\t\t\t\t\t\t\t\t<\/div>\n\t\t\t\t<\/div>\n\t\t\t\t<\/div>\n\t\t\t\t\t<\/div>\n\t\t\t\t<\/div>\n\t\t<div class=\"elementor-element elementor-element-c7bfa52 e-flex e-con-boxed e-con e-parent\" data-id=\"c7bfa52\" data-element_type=\"container\" data-e-type=\"container\" data-settings=\"{&quot;background_background&quot;:&quot;classic&quot;}\">\n\t\t\t\t\t<div class=\"e-con-inner\">\n\t\t<div class=\"elementor-element elementor-element-8b0b59d e-flex e-con-boxed e-con e-child\" data-id=\"8b0b59d\" data-element_type=\"container\" data-e-type=\"container\" data-settings=\"{&quot;background_background&quot;:&quot;classic&quot;}\">\n\t\t\t\t\t<div class=\"e-con-inner\">\n\t\t\t\t<div class=\"elementor-element elementor-element-4a7de00 elementor-widget elementor-widget-heading\" data-id=\"4a7de00\" data-element_type=\"widget\" data-e-type=\"widget\" data-widget_type=\"heading.default\">\n\t\t\t\t<div class=\"elementor-widget-container\">\n\t\t\t\t\t<h2 class=\"elementor-heading-title elementor-size-default\">Die heutige \u00d6lm\u00fchle San Martino\n<\/h2>\t\t\t\t<\/div>\n\t\t\t\t<\/div>\n\t\t\t\t<div class=\"elementor-element elementor-element-ab1f30d elementor-widget-divider--view-line elementor-widget elementor-widget-divider\" data-id=\"ab1f30d\" data-element_type=\"widget\" data-e-type=\"widget\" data-widget_type=\"divider.default\">\n\t\t\t\t<div class=\"elementor-widget-container\">\n\t\t\t\t\t\t\t<div class=\"elementor-divider\">\n\t\t\t<span class=\"elementor-divider-separator\">\n\t\t\t\t\t\t<\/span>\n\t\t<\/div>\n\t\t\t\t\t\t<\/div>\n\t\t\t\t<\/div>\n\t\t\t\t<div class=\"elementor-element elementor-element-0134c5c elementor-widget elementor-widget-text-editor\" data-id=\"0134c5c\" data-element_type=\"widget\" data-e-type=\"widget\" data-widget_type=\"text-editor.default\">\n\t\t\t\t<div class=\"elementor-widget-container\">\n\t\t\t\t\t\t\t\t\t<p>Heute verarbeitet und\u00a0<b>produziert die \u00d6lm\u00fchle San Martino eigene Taggiasche Oliven und lokale Oliven<\/b>\u00a0aus etwa 1000 Pflanzen in Dolcedo und weitere 1000 in der Gegend von Andora. Dazu kommt das\u00a0<strong>historische Geb\u00e4ude der alten \u00d6lm\u00fchle<\/strong>\u00a0(das man mit einer F\u00fchrung besichtigen kann). Dieses dient der \u00d6lproduktion und wird teilweise als\u00a0<a href=\"https:\/\/www.frantoiosanmartino.com\/de\/urlaub-auf-dem-bauernhof\/\">Bauernhaus<\/a>\u00a0genutzt. Au\u00dferdem beinhaltet die M\u00fchle auch einen Gem\u00fcsegarten, aus dem die ligurischen K\u00f6stlichkeiten geerntet werden. Diese finden Sie in unserem E-Shop oder direkt auf unserem Hof.<\/p>\t\t\t\t\t\t\t\t<\/div>\n\t\t\t\t<\/div>\n\t\t\t\t\t<\/div>\n\t\t\t\t<\/div>\n\t\t\t\t\t<\/div>\n\t\t\t\t<\/div>\n\t\t\t\t<\/div>\n\t\t","protected":false},"excerpt":{"rendered":"<p>Die Geschichte der M\u00fchle, die Geschichte Oliven\u00f6l Die \u00d6lm\u00fchle San Martino ist eine\u00a0antike, familiengef\u00fchrte \u00d6lm\u00fchle, die hochwertiges Oliven\u00f6l aus Taggiasca-Oliven produziert, die nach einer\u00a0langsamen und traditionellen Methode\u00a0in den Olivenhainen und im historischen Geb\u00e4ude von Dolcedo, im Landesinneren von Imperia, geerntet und verarbeitet werden. Die Geschichte der alten \u00d6lm\u00fchle und des wertvollen Oliven\u00f6ls von Ligurien gehen [&hellip;]<\/p>\n","protected":false},"author":1,"featured_media":0,"parent":0,"menu_order":0,"comment_status":"closed","ping_status":"open","template":"","meta":{"footnotes":""},"class_list":["post-3812","page","type-page","status-publish","hentry"],"_links":{"self":[{"href":"https:\/\/www.frantoiosanmartino.com\/de\/wp-json\/wp\/v2\/pages\/3812","targetHints":{"allow":["GET"]}}],"collection":[{"href":"https:\/\/www.frantoiosanmartino.com\/de\/wp-json\/wp\/v2\/pages"}],"about":[{"href":"https:\/\/www.frantoiosanmartino.com\/de\/wp-json\/wp\/v2\/types\/page"}],"author":[{"embeddable":true,"href":"https:\/\/www.frantoiosanmartino.com\/de\/wp-json\/wp\/v2\/users\/1"}],"replies":[{"embeddable":true,"href":"https:\/\/www.frantoiosanmartino.com\/de\/wp-json\/wp\/v2\/comments?post=3812"}],"version-history":[{"count":18,"href":"https:\/\/www.frantoiosanmartino.com\/de\/wp-json\/wp\/v2\/pages\/3812\/revisions"}],"predecessor-version":[{"id":7794,"href":"https:\/\/www.frantoiosanmartino.com\/de\/wp-json\/wp\/v2\/pages\/3812\/revisions\/7794"}],"wp:attachment":[{"href":"https:\/\/www.frantoiosanmartino.com\/de\/wp-json\/wp\/v2\/media?parent=3812"}],"curies":[{"name":"wp","href":"https:\/\/api.w.org\/{rel}","templated":true}]}}