{"id":3694,"date":"2018-11-16T11:52:02","date_gmt":"2018-11-16T11:52:02","guid":{"rendered":"https:\/\/frantoiosanmartino.com\/zertifizierungen\/"},"modified":"2024-04-16T09:06:03","modified_gmt":"2024-04-16T08:06:03","slug":"zertifizierungen","status":"publish","type":"page","link":"https:\/\/www.frantoiosanmartino.com\/de\/zertifizierungen\/","title":{"rendered":"Zertifizierungen"},"content":{"rendered":"\t\t<div data-elementor-type=\"wp-page\" data-elementor-id=\"3694\" class=\"elementor elementor-3694 elementor-1274\" data-elementor-post-type=\"page\">\n\t\t\t\t<div class=\"elementor-element elementor-element-d363737 e-con-full e-flex e-con e-parent\" data-id=\"d363737\" data-element_type=\"container\" data-e-type=\"container\" data-settings=\"{&quot;background_background&quot;:&quot;classic&quot;}\">\n\t\t\t\t<div class=\"elementor-element elementor-element-009bb43 elementor-widget elementor-widget-spacer\" data-id=\"009bb43\" data-element_type=\"widget\" data-e-type=\"widget\" data-widget_type=\"spacer.default\">\n\t\t\t\t<div class=\"elementor-widget-container\">\n\t\t\t\t\t\t\t<div class=\"elementor-spacer\">\n\t\t\t<div class=\"elementor-spacer-inner\"><\/div>\n\t\t<\/div>\n\t\t\t\t\t\t<\/div>\n\t\t\t\t<\/div>\n\t\t\t\t<\/div>\n\t\t<div class=\"elementor-element elementor-element-a038253 e-flex e-con-boxed e-con e-parent\" data-id=\"a038253\" data-element_type=\"container\" data-e-type=\"container\">\n\t\t\t\t\t<div class=\"e-con-inner\">\n\t\t\t\t<div class=\"elementor-element elementor-element-dcecb28 elementor-widget__width-initial elementor-widget elementor-widget-heading\" data-id=\"dcecb28\" data-element_type=\"widget\" data-e-type=\"widget\" data-widget_type=\"heading.default\">\n\t\t\t\t<div class=\"elementor-widget-container\">\n\t\t\t\t\t<h1 class=\"elementor-heading-title elementor-size-default\">D.O.P. \u2013 Zertifizierung der ligurischen K\u00fcste \u2013 Blumenk\u00fcste\n\n\n<\/h1>\t\t\t\t<\/div>\n\t\t\t\t<\/div>\n\t\t\t\t<div class=\"elementor-element elementor-element-76ca501 elementor-widget-divider--view-line elementor-widget elementor-widget-divider\" data-id=\"76ca501\" data-element_type=\"widget\" data-e-type=\"widget\" data-widget_type=\"divider.default\">\n\t\t\t\t<div class=\"elementor-widget-container\">\n\t\t\t\t\t\t\t<div class=\"elementor-divider\">\n\t\t\t<span class=\"elementor-divider-separator\">\n\t\t\t\t\t\t<\/span>\n\t\t<\/div>\n\t\t\t\t\t\t<\/div>\n\t\t\t\t<\/div>\n\t\t<div class=\"elementor-element elementor-element-d8344ee e-flex e-con-boxed e-con e-child\" data-id=\"d8344ee\" data-element_type=\"container\" data-e-type=\"container\">\n\t\t\t\t\t<div class=\"e-con-inner\">\n\t\t<div class=\"elementor-element elementor-element-fa826ea e-con-full e-flex e-con e-child\" data-id=\"fa826ea\" data-element_type=\"container\" data-e-type=\"container\">\n\t\t\t\t<div class=\"elementor-element elementor-element-4098e8c elementor-widget elementor-widget-text-editor\" data-id=\"4098e8c\" data-element_type=\"widget\" data-e-type=\"widget\" data-widget_type=\"text-editor.default\">\n\t\t\t\t<div class=\"elementor-widget-container\">\n\t\t\t\t\t\t\t\t\t<p><b>D.O.P. \u2013 Zertifizierung der ligurischen K\u00fcste \u2013 Blumenk\u00fcste<\/b>\u00a0\u2013 verantwortlich f\u00fcr die Erhaltung, F\u00f6rderung und \u00dcberwachung des Oliven\u00f6ls DO.P. der ligurischen K\u00fcste: es\u00a0<b>sch\u00fctzt seine Bezeichnung, um den Verbrauchern die Nat\u00fcrlichkeit des typischen Produkts<\/b>\u00a0und folglich Geschmack, Aroma und andere organoleptische Eigenschaften zu gew\u00e4hrleisten, die es charakterisieren und es zu einem einzigartigen Lebensmittel in der Welt machen.<\/p>\t\t\t\t\t\t\t\t<\/div>\n\t\t\t\t<\/div>\n\t\t\t\t<\/div>\n\t\t<div class=\"elementor-element elementor-element-cd1f24e e-con-full elementor-hidden-tablet elementor-hidden-mobile e-flex e-con e-child\" data-id=\"cd1f24e\" data-element_type=\"container\" data-e-type=\"container\">\n\t\t\t\t<\/div>\n\t\t\t\t\t<\/div>\n\t\t\t\t<\/div>\n\t\t\t\t\t<\/div>\n\t\t\t\t<\/div>\n\t\t<div class=\"elementor-element elementor-element-b5cf4d6 e-flex e-con-boxed e-con e-parent\" data-id=\"b5cf4d6\" data-element_type=\"container\" data-e-type=\"container\" data-settings=\"{&quot;background_background&quot;:&quot;classic&quot;}\">\n\t\t\t\t\t<div class=\"e-con-inner\">\n\t\t<div class=\"elementor-element elementor-element-28eeb2a e-con-full e-flex e-con e-child\" data-id=\"28eeb2a\" data-element_type=\"container\" data-e-type=\"container\">\n\t\t\t\t<div class=\"elementor-element elementor-element-2379997 elementor-widget elementor-widget-text-editor\" data-id=\"2379997\" data-element_type=\"widget\" data-e-type=\"widget\" data-widget_type=\"text-editor.default\">\n\t\t\t\t<div class=\"elementor-widget-container\">\n\t\t\t\t\t\t\t\t\t<p>Die \u00d6lm\u00fchle San Martino kann zu Ihrer Produktion ein wertvolles\u00a0<a href=\"https:\/\/www.frantoiosanmartino.com\/de\/natives-olivenol-extra\/verkauf-dop-riviera-ligure\/\">Oliven\u00f6l D.O.P. der ligurischen K\u00fcste<\/a>\u00a0\u2013 Blumenk\u00fcste, z\u00e4hlen; Das bedeutet, dass das \u00d6l alle Eigenschaften erf\u00fcllt und alle Tests bestanden hat, um die gesch\u00fctzte Ursprungsbezeichnung in Bezug auf die Marke tragen zu k\u00f6nnen:\u00a0<\/p><p><strong>\u2022\u00a0<\/strong>\u00a0Es handelt sich um ein Oliven\u00f6l, das aus Olivenb\u00e4umen mit mindestens 90% Oliven der Sorte Taggiasca gewonnen wird.\u00a0<\/p><p><strong>\u2022\u00a0<\/strong>\u00a0Die Produktion findet in der Gegend der Bl\u00fctenk\u00fcste statt, d.h. (laut Spezifikation) alle Gebiete der Gemeinden: Cervo, Ranzo, Caravonica, Lucinasco, Camporosso, Chiusavecchia, Dolcedo, Pieve di Teco, Aurigo, Ventimiglia, Taggia, Costa Rainera, Pontedassio, Civezza, San Bartolomeo auf dem Meer, Diano San Pietro, Vasia, Pietrabruna, Pornassio, Vessalico, Molini di Triora, Borgomaro, Diano Castello, Imperia, Diano Marina, Borghetto d\u2019Arroscia, Cipressa, Castellaro, Dolceacqua, Cesio, Chiusanico, Airole, Montalto Ligure, Castel Vittorio, Isolabona, Vallebona, Sanremo, Baiardo, Diano Aretino, Badalucco, Ceriana, Perinaldo, Prel\u00e0, Pigna, Apricale, Villa Faraldi, Vallecrosia, S. Biagio, Bordighera, Soldano, Ospedaletti, Seborga, Olivetta San Michele, Rocchetta Nervina, Carpasio, San Lorenzo auf dem Meer, Santo Stefano auf dem Meer, Riva Ligure, Pompeiana, Terzorio, Aquila d\u2019Arroscia, Armo, Rezzo, San Biagio della Cima, Cosio di Arroscia, Montegrosso Pian Latte, Mendatica ;\u00a0<\/p><p><strong>\u2022\u00a0<\/strong>Jede Phase des Produktionsprozesses wird \u00fcberwacht und dokumentiert, um den Ursprung des Produkts entlang der gesamten Produktionskette gew\u00e4hrleisten zu k\u00f6nnen.<\/p><p>\u00a0<\/p>\t\t\t\t\t\t\t\t<\/div>\n\t\t\t\t<\/div>\n\t\t\t\t<\/div>\n\t\t<div class=\"elementor-element elementor-element-f21d0ff e-con-full e-flex e-con e-child\" data-id=\"f21d0ff\" data-element_type=\"container\" data-e-type=\"container\">\n\t\t\t\t<div class=\"elementor-element elementor-element-e500566 elementor-widget elementor-widget-text-editor\" data-id=\"e500566\" data-element_type=\"widget\" data-e-type=\"widget\" data-widget_type=\"text-editor.default\">\n\t\t\t\t<div class=\"elementor-widget-container\">\n\t\t\t\t\t\t\t\t\t<p><strong>\u2022&nbsp;<\/strong>&nbsp;die Anbaueigenschaften entsprechen den Regeln der D.O.P. der ligurischen K\u00fcste \u2013 Bl\u00fctenk\u00fcste;&nbsp;<\/p>\n<p><strong>\u2022&nbsp;<\/strong>&nbsp;die Merkmale des Endprodukts entsprechen den einzigartigen und unnachahmlichen Merkmalen der gesch\u00fctzten Ursprungsbezeichnung, insbesondere:&nbsp;<strong>&nbsp;&nbsp;&nbsp;&nbsp; <\/strong><\/p>\n<p><strong>1.<\/strong>&nbsp;Farbe: von gelb bis gelb-gr\u00fcn&nbsp;<strong>&nbsp;&nbsp;&nbsp;&nbsp; <\/strong><\/p>\n<p><strong>2.<\/strong>&nbsp;Geschmack: fruchtig, mit einem starken Geschmack von s\u00fc\u00df und leicht bitter oder scharf&nbsp;<strong>&nbsp;&nbsp;&nbsp;&nbsp; <\/strong><\/p>\n<p><strong>3.<\/strong>&nbsp;maximale Gesamts\u00e4ure in \u00d6ls\u00e4ure: nicht mehr als 0,5 Gramm pro 100 Gramm \u00d6l&nbsp;<\/p>\n<p><strong>\u2022&nbsp;<\/strong>&nbsp;Das Produkt ist mit der Geschichte und der Umgebung des Anbaugebiets untrennbar verbunden. In diesem Fall mit der Tradition des Oliven\u00f6ls, die seit der Antike ein sehr wichtiger Bestandteil der ligurischen Kultur ist.&nbsp;<\/p><p><a href=\"http:\/\/www.oliorivieraligure.it\/wp-content\/uploads\/disciplinare_olio.pdf\" target=\"_blank\" rel=\"noopener\">Erkundigen Sie sich bei den D.O.P. Regeln der ligurischen K\u00fcste \u2013 Bl\u00fctenk\u00fcste<\/a>&nbsp;<\/p><p>Die \u00d6lm\u00fchle San Martino ist Teil des Konsortiums zum Schutz vom Oliven\u00f6l D.O.P. der ligurischen K\u00fcste:&nbsp;<a href=\"http:\/\/www.oliorivieraligure.it\/business-directory\/5314\/frantoio-san-martino-s-s-a\" target=\"_blank\" rel=\"noopener\">Besuche unsere Seite auf der Internetseite des Konsortiums<\/a><\/p>\t\t\t\t\t\t\t\t<\/div>\n\t\t\t\t<\/div>\n\t\t\t\t<\/div>\n\t\t\t\t\t<\/div>\n\t\t\t\t<\/div>\n\t\t\t\t<\/div>\n\t\t","protected":false},"excerpt":{"rendered":"<p>D.O.P. \u2013 Zertifizierung der ligurischen K\u00fcste \u2013 Blumenk\u00fcste D.O.P. \u2013 Zertifizierung der ligurischen K\u00fcste \u2013 Blumenk\u00fcste\u00a0\u2013 verantwortlich f\u00fcr die Erhaltung, F\u00f6rderung und \u00dcberwachung des Oliven\u00f6ls DO.P. der ligurischen K\u00fcste: es\u00a0sch\u00fctzt seine Bezeichnung, um den Verbrauchern die Nat\u00fcrlichkeit des typischen Produkts\u00a0und folglich Geschmack, Aroma und andere organoleptische Eigenschaften zu gew\u00e4hrleisten, die es charakterisieren und es zu [&hellip;]<\/p>\n","protected":false},"author":1,"featured_media":0,"parent":0,"menu_order":0,"comment_status":"closed","ping_status":"closed","template":"","meta":{"footnotes":""},"class_list":["post-3694","page","type-page","status-publish","hentry"],"_links":{"self":[{"href":"https:\/\/www.frantoiosanmartino.com\/de\/wp-json\/wp\/v2\/pages\/3694","targetHints":{"allow":["GET"]}}],"collection":[{"href":"https:\/\/www.frantoiosanmartino.com\/de\/wp-json\/wp\/v2\/pages"}],"about":[{"href":"https:\/\/www.frantoiosanmartino.com\/de\/wp-json\/wp\/v2\/types\/page"}],"author":[{"embeddable":true,"href":"https:\/\/www.frantoiosanmartino.com\/de\/wp-json\/wp\/v2\/users\/1"}],"replies":[{"embeddable":true,"href":"https:\/\/www.frantoiosanmartino.com\/de\/wp-json\/wp\/v2\/comments?post=3694"}],"version-history":[{"count":16,"href":"https:\/\/www.frantoiosanmartino.com\/de\/wp-json\/wp\/v2\/pages\/3694\/revisions"}],"predecessor-version":[{"id":7453,"href":"https:\/\/www.frantoiosanmartino.com\/de\/wp-json\/wp\/v2\/pages\/3694\/revisions\/7453"}],"wp:attachment":[{"href":"https:\/\/www.frantoiosanmartino.com\/de\/wp-json\/wp\/v2\/media?parent=3694"}],"curies":[{"name":"wp","href":"https:\/\/api.w.org\/{rel}","templated":true}]}}