{"id":3629,"date":"2018-11-15T09:53:12","date_gmt":"2018-11-15T09:53:12","guid":{"rendered":"https:\/\/frantoiosanmartino.com\/kontakt\/"},"modified":"2024-02-01T09:33:49","modified_gmt":"2024-02-01T08:33:49","slug":"kontakt","status":"publish","type":"page","link":"https:\/\/www.frantoiosanmartino.com\/de\/kontakt\/","title":{"rendered":"KONTAKT"},"content":{"rendered":"\t\t<div data-elementor-type=\"wp-page\" data-elementor-id=\"3629\" class=\"elementor elementor-3629 elementor-806\" data-elementor-post-type=\"page\">\n\t\t\t\t<div class=\"elementor-element elementor-element-d8506b5 e-flex e-con-boxed e-con e-parent\" data-id=\"d8506b5\" data-element_type=\"container\" data-e-type=\"container\" data-settings=\"{&quot;background_background&quot;:&quot;classic&quot;}\">\n\t\t\t\t\t<div class=\"e-con-inner\">\n\t\t<div class=\"elementor-element elementor-element-27c3f81 e-con-full e-flex e-con e-child\" data-id=\"27c3f81\" data-element_type=\"container\" data-e-type=\"container\" data-settings=\"{&quot;background_background&quot;:&quot;classic&quot;}\">\n\t\t\t\t<div class=\"elementor-element elementor-element-b7a9669 elementor-widget__width-initial elementor-widget elementor-widget-heading\" data-id=\"b7a9669\" data-element_type=\"widget\" data-e-type=\"widget\" data-widget_type=\"heading.default\">\n\t\t\t\t<div class=\"elementor-widget-container\">\n\t\t\t\t\t<h2 class=\"elementor-heading-title elementor-size-default\">Unter diesen Kontaktdaten kannst du uns erreichen:\n<\/h2>\t\t\t\t<\/div>\n\t\t\t\t<\/div>\n\t\t\t\t<div class=\"elementor-element elementor-element-0495272 elementor-icon-list--layout-traditional elementor-list-item-link-full_width elementor-widget elementor-widget-icon-list\" data-id=\"0495272\" data-element_type=\"widget\" data-e-type=\"widget\" data-widget_type=\"icon-list.default\">\n\t\t\t\t<div class=\"elementor-widget-container\">\n\t\t\t\t\t\t\t<ul class=\"elementor-icon-list-items\">\n\t\t\t\t\t\t\t<li class=\"elementor-icon-list-item\">\n\t\t\t\t\t\t\t\t\t\t\t<span class=\"elementor-icon-list-icon\">\n\t\t\t\t\t\t\t<i aria-hidden=\"true\" class=\"fas fa-map-marker-alt\"><\/i>\t\t\t\t\t\t<\/span>\n\t\t\t\t\t\t\t\t\t\t<span class=\"elementor-icon-list-text\">Via San Martino 8, 18020 DOLCEDO (IM)<\/span>\n\t\t\t\t\t\t\t\t\t<\/li>\n\t\t\t\t\t\t\t\t<li class=\"elementor-icon-list-item\">\n\t\t\t\t\t\t\t\t\t\t\t<a href=\"tel:\/\/+390183280041\">\n\n\t\t\t\t\t\t\t\t\t\t\t\t<span class=\"elementor-icon-list-icon\">\n\t\t\t\t\t\t\t<i aria-hidden=\"true\" class=\"fas fa-phone-alt\"><\/i>\t\t\t\t\t\t<\/span>\n\t\t\t\t\t\t\t\t\t\t<span class=\"elementor-icon-list-text\">(+39) 0183.280041<\/span>\n\t\t\t\t\t\t\t\t\t\t\t<\/a>\n\t\t\t\t\t\t\t\t\t<\/li>\n\t\t\t\t\t\t\t\t<li class=\"elementor-icon-list-item\">\n\t\t\t\t\t\t\t\t\t\t\t<a href=\"mailto:info@frantoiosanmartino.com\">\n\n\t\t\t\t\t\t\t\t\t\t\t\t<span class=\"elementor-icon-list-icon\">\n\t\t\t\t\t\t\t<i aria-hidden=\"true\" class=\"fas fa-envelope\"><\/i>\t\t\t\t\t\t<\/span>\n\t\t\t\t\t\t\t\t\t\t<span class=\"elementor-icon-list-text\">info@frantoiosanmartino.com<\/span>\n\t\t\t\t\t\t\t\t\t\t\t<\/a>\n\t\t\t\t\t\t\t\t\t<\/li>\n\t\t\t\t\t\t<\/ul>\n\t\t\t\t\t\t<\/div>\n\t\t\t\t<\/div>\n\t\t\t\t<div class=\"elementor-element elementor-element-d5940ec elementor-shape-circle elementor-grid-0 e-grid-align-center elementor-widget elementor-widget-social-icons\" data-id=\"d5940ec\" data-element_type=\"widget\" data-e-type=\"widget\" data-widget_type=\"social-icons.default\">\n\t\t\t\t<div class=\"elementor-widget-container\">\n\t\t\t\t\t\t\t<div class=\"elementor-social-icons-wrapper elementor-grid\">\n\t\t\t\t\t\t\t<span class=\"elementor-grid-item\">\n\t\t\t\t\t<a class=\"elementor-icon elementor-social-icon elementor-social-icon-facebook elementor-repeater-item-beab124\" href=\"https:\/\/www.facebook.com\/FrantoioSanMartino\/?locale=it_IT\" target=\"_blank\" rel=\"noopener\">\n\t\t\t\t\t\t<span class=\"elementor-screen-only\">Facebook<\/span>\n\t\t\t\t\t\t<i aria-hidden=\"true\" class=\"fab fa-facebook\"><\/i>\t\t\t\t\t<\/a>\n\t\t\t\t<\/span>\n\t\t\t\t\t<\/div>\n\t\t\t\t\t\t<\/div>\n\t\t\t\t<\/div>\n\t\t\t\t<\/div>\n\t\t<div class=\"elementor-element elementor-element-17f0f38 e-con-full e-flex e-con e-child\" data-id=\"17f0f38\" data-element_type=\"container\" data-e-type=\"container\" data-settings=\"{&quot;background_background&quot;:&quot;classic&quot;}\">\n\t\t\t\t<div class=\"elementor-element elementor-element-3aaebbf elementor-widget__width-initial elementor-widget elementor-widget-heading\" data-id=\"3aaebbf\" data-element_type=\"widget\" data-e-type=\"widget\" data-widget_type=\"heading.default\">\n\t\t\t\t<div class=\"elementor-widget-container\">\n\t\t\t\t\t<h3 class=\"elementor-heading-title elementor-size-default\">So erreichen Sie uns:\n<\/h3>\t\t\t\t<\/div>\n\t\t\t\t<\/div>\n\t\t\t\t<div class=\"elementor-element elementor-element-efcdab8 elementor-widget elementor-widget-text-editor\" data-id=\"efcdab8\" data-element_type=\"widget\" data-e-type=\"widget\" data-widget_type=\"text-editor.default\">\n\t\t\t\t<div class=\"elementor-widget-container\">\n\t\t\t\t\t\t\t\t\t<p>Die \u00d6lm\u00fchle San Martino befindet sich in der San-Martino-Stra\u00dfe Nr. 8 in Dolcedo, einem wundersch\u00f6nen Dorf im Prino- Tal, im Hinterland von Imperia, Ligurien. Die n\u00e4chstgelegenen St\u00e4dte neben Imperia sind Genua und Savona, aber durch die Autobahnverbindungen sind wir auch gut mit Turin und Piemont, Mailand und dem Rest der Lombardei verbunden. Au\u00dferdem sind wir nur wenige Kilometer von der Grenze zu Frankreich und der herrlichen C\u00f4te d\u2019Azur entfernt.<\/p>\t\t\t\t\t\t\t\t<\/div>\n\t\t\t\t<\/div>\n\t\t\t\t<div class=\"elementor-element elementor-element-a2d962e elementor-widget__width-initial elementor-widget elementor-widget-heading\" data-id=\"a2d962e\" data-element_type=\"widget\" data-e-type=\"widget\" data-widget_type=\"heading.default\">\n\t\t\t\t<div class=\"elementor-widget-container\">\n\t\t\t\t\t<h3 class=\"elementor-heading-title elementor-size-default\">Im Auto:\n<\/h3>\t\t\t\t<\/div>\n\t\t\t\t<\/div>\n\t\t\t\t<div class=\"elementor-element elementor-element-31489cf elementor-widget elementor-widget-text-editor\" data-id=\"31489cf\" data-element_type=\"widget\" data-e-type=\"widget\" data-widget_type=\"text-editor.default\">\n\t\t\t\t<div class=\"elementor-widget-container\">\n\t\t\t\t\t\t\t\t\t<p>Autobahn A10 \u2013 Ausfahrt Imperia Westen \u2013 folgen Sie nun der Beschilderung f\u00fcr Piani-Dolcedo, fahren Sie den Fluss Prino entlang bis Sie die Stadt erreichen.<\/p>\t\t\t\t\t\t\t\t<\/div>\n\t\t\t\t<\/div>\n\t\t\t\t<div class=\"elementor-element elementor-element-4dca3bb elementor-widget__width-initial elementor-widget elementor-widget-heading\" data-id=\"4dca3bb\" data-element_type=\"widget\" data-e-type=\"widget\" data-widget_type=\"heading.default\">\n\t\t\t\t<div class=\"elementor-widget-container\">\n\t\t\t\t\t<h3 class=\"elementor-heading-title elementor-size-default\">Mit dem Zug:\n<\/h3>\t\t\t\t<\/div>\n\t\t\t\t<\/div>\n\t\t\t\t<div class=\"elementor-element elementor-element-258224b elementor-widget elementor-widget-text-editor\" data-id=\"258224b\" data-element_type=\"widget\" data-e-type=\"widget\" data-widget_type=\"text-editor.default\">\n\t\t\t\t<div class=\"elementor-widget-container\">\n\t\t\t\t\t\t\t\t\t<p>Steigen Sie am Bahnhof von Imperia aus und nehmen Sie die Linie 23 oder 24 der Riviera Trasporti S.p.a.<\/p>\t\t\t\t\t\t\t\t<\/div>\n\t\t\t\t<\/div>\n\t\t\t\t<\/div>\n\t\t\t\t\t<\/div>\n\t\t\t\t<\/div>\n\t\t<div class=\"elementor-element elementor-element-2bbabb8 e-flex e-con-boxed e-con e-parent\" data-id=\"2bbabb8\" data-element_type=\"container\" data-e-type=\"container\" data-settings=\"{&quot;background_background&quot;:&quot;classic&quot;}\">\n\t\t\t\t\t<div class=\"e-con-inner\">\n\t\t\t\t<div class=\"elementor-element elementor-element-563a973 elementor-widget__width-initial elementor-widget elementor-widget-heading\" data-id=\"563a973\" data-element_type=\"widget\" data-e-type=\"widget\" data-widget_type=\"heading.default\">\n\t\t\t\t<div class=\"elementor-widget-container\">\n\t\t\t\t\t<h2 class=\"elementor-heading-title elementor-size-default\">Newsletter abbonieren\n<\/h2>\t\t\t\t<\/div>\n\t\t\t\t<\/div>\n\t\t\t\t<div class=\"elementor-element elementor-element-709d941 elementor-widget elementor-widget-text-editor\" data-id=\"709d941\" data-element_type=\"widget\" data-e-type=\"widget\" data-widget_type=\"text-editor.default\">\n\t\t\t\t<div class=\"elementor-widget-container\">\n\t\t\t\t\t\t\t\t\t<p>\u00dcber die Newsletter kommen dir alle unsere neuen Vorschl\u00e4ge direkt ins Haus und du kannst unsere besten Angebote nutzen.<\/p>\t\t\t\t\t\t\t\t<\/div>\n\t\t\t\t<\/div>\n\t\t\t\t<div class=\"elementor-element elementor-element-9938a57 elementor-widget elementor-widget-html\" data-id=\"9938a57\" data-element_type=\"widget\" data-e-type=\"widget\" data-widget_type=\"html.default\">\n\t\t\t\t<div class=\"elementor-widget-container\">\n\t\t\t\t\t<div class=\"tnp tnp-subscription\" id=\"newsletter-contatti\">\n<form method=\"post\" action=\"https:\/\/www.frantoiosanmartino.com\/?na=s\" onsubmit=\"return newsletter_check(this)\">\n\n<div class=\"tnp-field tnp-field-firstname\"><input class=\"tnp-firstname\" type=\"text\" name=\"nn\" placeholder=\"Nome\"><\/div>\n<div class=\"tnp-field tnp-field-email\"><label><\/label><input class=\"tnp-email\" type=\"email\" name=\"ne\" placeholder=\"email\"required><\/div>\n<div class=\"tnp-field tnp-field-privacy\"><label><input type=\"checkbox\" name=\"ny\" required class=\"tnp-privacy\"><span style=\"color:white;\">Ich habe die <a target=\"_blank\" href=\"https:\/\/www.frantoiosanmartino.com\/privacy-policy\/\" rel=\"noopener\"> Datenschutzbestimmungen <\/a> gelesen und stimme ihnen zu<\/span><\/label><\/div>\n<div class=\"tnp-field tnp-field-button\"><input style=\"cursor:pointer;\" class=\"tnp-submit\" id=\"invia-news\" type=\"submit\" value=\"ABBONIEREN\">\n<\/div>\n<\/form>\n<\/div>\n\n\n  \n\t\t\t\t<\/div>\n\t\t\t\t<\/div>\n\t\t\t\t\t<\/div>\n\t\t\t\t<\/div>\n\t\t<div class=\"elementor-element elementor-element-ee6a951 e-con-full e-flex e-con e-parent\" data-id=\"ee6a951\" data-element_type=\"container\" data-e-type=\"container\">\n\t\t\t\t<div class=\"elementor-element elementor-element-2c3a347 elementor-widget elementor-widget-google_maps\" data-id=\"2c3a347\" data-element_type=\"widget\" data-e-type=\"widget\" data-widget_type=\"google_maps.default\">\n\t\t\t\t<div class=\"elementor-widget-container\">\n\t\t\t\t\t\t\t<div class=\"elementor-custom-embed\">\n\t\t\t<iframe loading=\"lazy\"\n\t\t\t\t\tsrc=\"https:\/\/maps.google.com\/maps?q=Via%20S.Martino%208%2C%2018020%20Dolcedo%20IM&#038;t=m&#038;z=12&#038;output=embed&#038;iwloc=near\"\n\t\t\t\t\ttitle=\"Via S.Martino 8, 18020 Dolcedo IM\"\n\t\t\t\t\taria-label=\"Via S.Martino 8, 18020 Dolcedo IM\"\n\t\t\t><\/iframe>\n\t\t<\/div>\n\t\t\t\t\t\t<\/div>\n\t\t\t\t<\/div>\n\t\t\t\t<\/div>\n\t\t\t\t<\/div>\n\t\t","protected":false},"excerpt":{"rendered":"<p>Unter diesen Kontaktdaten kannst du uns erreichen: Via San Martino 8, 18020 DOLCEDO (IM) (+39) 0183.280041 info@frantoiosanmartino.com Facebook So erreichen Sie uns: Die \u00d6lm\u00fchle San Martino befindet sich in der San-Martino-Stra\u00dfe Nr. 8 in Dolcedo, einem wundersch\u00f6nen Dorf im Prino- Tal, im Hinterland von Imperia, Ligurien. Die n\u00e4chstgelegenen St\u00e4dte neben Imperia sind Genua und Savona, [&hellip;]<\/p>\n","protected":false},"author":1,"featured_media":0,"parent":0,"menu_order":0,"comment_status":"closed","ping_status":"closed","template":"","meta":{"footnotes":""},"class_list":["post-3629","page","type-page","status-publish","hentry"],"_links":{"self":[{"href":"https:\/\/www.frantoiosanmartino.com\/de\/wp-json\/wp\/v2\/pages\/3629","targetHints":{"allow":["GET"]}}],"collection":[{"href":"https:\/\/www.frantoiosanmartino.com\/de\/wp-json\/wp\/v2\/pages"}],"about":[{"href":"https:\/\/www.frantoiosanmartino.com\/de\/wp-json\/wp\/v2\/types\/page"}],"author":[{"embeddable":true,"href":"https:\/\/www.frantoiosanmartino.com\/de\/wp-json\/wp\/v2\/users\/1"}],"replies":[{"embeddable":true,"href":"https:\/\/www.frantoiosanmartino.com\/de\/wp-json\/wp\/v2\/comments?post=3629"}],"version-history":[{"count":27,"href":"https:\/\/www.frantoiosanmartino.com\/de\/wp-json\/wp\/v2\/pages\/3629\/revisions"}],"predecessor-version":[{"id":7270,"href":"https:\/\/www.frantoiosanmartino.com\/de\/wp-json\/wp\/v2\/pages\/3629\/revisions\/7270"}],"wp:attachment":[{"href":"https:\/\/www.frantoiosanmartino.com\/de\/wp-json\/wp\/v2\/media?parent=3629"}],"curies":[{"name":"wp","href":"https:\/\/api.w.org\/{rel}","templated":true}]}}